{"id":235463,"date":"2025-06-17T06:46:33","date_gmt":"2025-06-17T06:46:33","guid":{"rendered":"https:\/\/linkxa.es\/contratacion\/producto\/auriculares-inalambricos-ngs-artica-hush\/"},"modified":"2025-08-02T11:50:23","modified_gmt":"2025-08-02T11:50:23","slug":"auriculares-inalambricos-ngs-artica-hush","status":"publish","type":"product","link":"https:\/\/linkxa.es\/linkshop\/producto\/auriculares-inalambricos-ngs-artica-hush\/","title":{"rendered":"Auriculares inalambricos ngs artica hush"},"content":{"rendered":"<h3 style=\"text-align: center;\"><strong>Ngs\u00a0 |\u00a0 Auriculares<\/strong><\/h3>\n<p>\u00a0<\/p>\n<p>Auriculares inal\u00e1mbricos compatibles con la tecnolog\u00eda True Wireless Stereo y Bluetooth 5.3<br \/>Equipado con control de Ruido Activo (ANC) que capta el ruido exterior para silenciar activamente el mundo que te rodea<br \/>Funci\u00f3n de conexi\u00f3n autom\u00e1tica para encender los auriculares y sincronizarlos al sacarlos del estuche<br \/>Su base de carga cuenta con una bater\u00eda de 300mAh con la que podr\u00e1s cargar los auriculares completamente 3 veces y dispondr\u00e1s de hasta 16 horas de autonom\u00eda.<br \/>Gracias a los controles t\u00e1ctiles podr\u00e1s gestionar todas las funciones importantes (Siguiente \/ Anterior \/ Pausa \/ Reproducir \/ Volumen+ \/ Volumen- \/ Llamar al asistente de voz \/ Descolgar y colgar<br \/>llamadas o rechazar una llamada entrante), con una simple pulsaci\u00f3n<br \/>Capacidad de la bater\u00eda de los auriculares de 35mAh, gozan de 4h autonom\u00eda con una simple carga (al 70% de volumen).<br \/>Dise\u00f1o minimalista y ergon\u00f3mico que proporciona un ajuste c\u00f3modo y seguro.<br \/>Gracias a su funci\u00f3n manos libres no tendr\u00e1s que manipular el tel\u00e9fono<br \/>Gracias a su micr\u00f3fono de alta calidad y la tecnolog\u00eda ENC para la supresi\u00f3n de ruidos podr\u00e1s mantener largas conversaciones incluso en lugares muy concurridos<br \/>Sus LED de carga te indicar\u00e1n en todo momento si los auriculares est\u00e1n cargando o est\u00e1n totalmente cargados. De igual modo, el LED indicador de carga de la base te informa del estado de carga y<br \/>de su capacidad en 4 niveles 25%-50%-75%-100%<br \/>Incluye almohadillas en 3 tama\u00f1os diferentes (S\/M\/L) para que se ajusten perfectamente a la forma de tus orejas<br \/>10 m de alcance inal\u00e1mbrico.<\/p>\n<p>\u00a0<\/p>\n","protected":false},"excerpt":{"rendered":"<p>Auriculares inalambricos ngs artica hush<\/p>\n","protected":false},"featured_media":235464,"comment_status":"closed","ping_status":"open","template":"","meta":{"_et_pb_use_builder":"","_et_pb_old_content":"","_et_gb_content_width":""},"product_brand":[2962],"product_cat":[2799,2800,2058],"product_tag":[2803,2804,3145,2068,2963],"class_list":{"0":"post-235463","1":"product","2":"type-product","3":"status-publish","4":"has-post-thumbnail","6":"product_brand-ngs","7":"product_cat-altavoces-mp3-y-auriculares","8":"product_cat-auriculares","9":"product_cat-dispositivos","10":"product_tag-altavoces-mp3-y-auriculares","11":"product_tag-auriculares","12":"product_tag-auriculares-inalambricos-ngs-artica-hush","13":"product_tag-dispositivos","14":"product_tag-ngs","15":"product_shipping_class-2059","16":"pa_canon-digital-incluida-0-e-incluidos","18":"first","19":"instock","20":"taxable","21":"shipping-taxable","22":"purchasable","23":"product-type-simple"},"_links":{"self":[{"href":"https:\/\/linkxa.es\/linkshop\/wp-json\/wp\/v2\/product\/235463","targetHints":{"allow":["GET"]}}],"collection":[{"href":"https:\/\/linkxa.es\/linkshop\/wp-json\/wp\/v2\/product"}],"about":[{"href":"https:\/\/linkxa.es\/linkshop\/wp-json\/wp\/v2\/types\/product"}],"replies":[{"embeddable":true,"href":"https:\/\/linkxa.es\/linkshop\/wp-json\/wp\/v2\/comments?post=235463"}],"wp:featuredmedia":[{"embeddable":true,"href":"https:\/\/linkxa.es\/linkshop\/wp-json\/wp\/v2\/media\/235464"}],"wp:attachment":[{"href":"https:\/\/linkxa.es\/linkshop\/wp-json\/wp\/v2\/media?parent=235463"}],"wp:term":[{"taxonomy":"product_brand","embeddable":true,"href":"https:\/\/linkxa.es\/linkshop\/wp-json\/wp\/v2\/product_brand?post=235463"},{"taxonomy":"product_cat","embeddable":true,"href":"https:\/\/linkxa.es\/linkshop\/wp-json\/wp\/v2\/product_cat?post=235463"},{"taxonomy":"product_tag","embeddable":true,"href":"https:\/\/linkxa.es\/linkshop\/wp-json\/wp\/v2\/product_tag?post=235463"}],"curies":[{"name":"wp","href":"https:\/\/api.w.org\/{rel}","templated":true}]}}