{"id":235475,"date":"2025-06-08T21:55:55","date_gmt":"2025-06-08T21:55:55","guid":{"rendered":"https:\/\/linkxa.es\/contratacion\/producto\/auriculares-jabra-evolve2-75-ms-stereo\/"},"modified":"2025-08-02T11:51:06","modified_gmt":"2025-08-02T11:51:06","slug":"auriculares-jabra-evolve2-75-ms-stereo","status":"publish","type":"product","link":"https:\/\/linkxa.es\/linkshop\/producto\/auriculares-jabra-evolve2-75-ms-stereo\/","title":{"rendered":"Auriculares jabra evolve2 75 ms stereo"},"content":{"rendered":"<h3 style=\"text-align: center;\"><strong>Jabra\u00a0 |\u00a0 Auriculares<\/strong><\/h3>\n<p>\u00a0<\/p>\n<p>&#8211; GENERAL<\/p>\n<p>Color\u00a0<br \/>Negro<\/p>\n<p>Distancia operativa m\u00e1x.\u00a0<br \/>30 m<\/p>\n<p>Funciones adicionales\u00a0<br \/>DSP<\/p>\n<p>Material de las almohadillas\u00a0<br \/>Cuero sint\u00e9tico<\/p>\n<p>Uso recomendado\u00a0<br \/>Componentes electr\u00f3nicos port\u00e1tiles, ordenador &#8211; comunicaci\u00f3n<\/p>\n<p>Compatibilidad\u00a0<br \/>iPhone, tel\u00e9fono Android, Mac, Windows<\/p>\n<p>Tipo de producto\u00a0<br \/>Auricular &#8211; Bluetooth &#8211; inal\u00e1mbrico &#8211; USB-C<\/p>\n<p>Material de banda de cabeza\u00a0<br \/>Espuma, piel sint\u00e9tica, metal<\/p>\n<p>Detalles sobre dimensiones y peso\u00a0<br \/>Auriculares: 14.5 cm x 19 cm x 6.7 cm \/ 197 g<\/p>\n<p>&#8211; DIVERSO<\/p>\n<p>Certificaci\u00f3n de software\u00a0<br \/>Certificado para Equipos de Microsoft<\/p>\n<p>Detalles de cables\u00a0<br \/>Cable de carga USB-C &#8211; extra\u00edble &#8211; 1.2 m<\/p>\n<p>Cumplimiento de normas\u00a0<br \/>Plug and Play, MFI, G616<\/p>\n<p>Accesorios incluidos\u00a0<br \/>Bolsa de transporte, cable de carga USB-C, Adaptador USB Jabra Link 390<\/p>\n<p>&#8211; ALIMENTACI\u00d3N<\/p>\n<p>Tiempo de recarga\u00a0<br \/>160 min<\/p>\n<p>Tiempo de ejecuci\u00f3n (m\u00e1ximo)\u00a0<br \/>36 hora(s)<\/p>\n<p>Bater\u00eda\u00a0<br \/>Pila para auriculares recargable &#8211; Ion de litio<\/p>\n<p>Datos de tiempo de ejecuci\u00f3n\u00a0<br \/>Reproducci\u00f3n continua (cancelaci\u00f3n de ruido desactivada): hasta 36 horas\u00a0<br \/>Reproducci\u00f3n continua (cancelaci\u00f3n de ruido activada): hasta 33 horas\u00a0<br \/>Conversaci\u00f3n continua (cancelaci\u00f3n de ruido desactivada): hasta 25 horas\u00a0<br \/>Conversaci\u00f3n continua (cancelaci\u00f3n de ruido activada): hasta 19 horas<\/p>\n<p>&#8211; AUDIO SALIDA<\/p>\n<p>Modo de salida del sonido\u00a0<br \/>Est\u00e9reo<\/p>\n<p>Cant. de dispositivos conectables simult\u00e1neamente\u00a0<br \/>2<\/p>\n<p>Tecnolog\u00eda de conectividad\u00a0<br \/>Inal\u00e1mbrico<\/p>\n<p>Respuesta de frecuencia\u00a0<br \/>20 &#8211; 20000 Hz<\/p>\n<p>Eliminaci\u00f3n activa de ruido\u00a0<br \/>S\u00ed<\/p>\n<p>Aislamiento de ruido\u00a0<br \/>S\u00ed<\/p>\n<p>Diafragma\u00a0<br \/>40 mm<\/p>\n<p>Impedancia\u00a0<br \/>16 Ohm<\/p>\n<p>Tecnolog\u00eda inal\u00e1mbrica\u00a0<br \/>Bluetooth<\/p>\n<p>Alimentaci\u00f3n de entrada m\u00e1xima\u00a0<br \/>30 mW<\/p>\n<p>Sensibilidad\u00a0<br \/>84 dB\/mW<\/p>\n<p>Factor de forma de los auriculares\u00a0<br \/>En oreja<\/p>\n<p>Perfiles Bluetooth\u00a0<br \/>Perfil de manos libres (HFP), Perfil de auricular (HSP), Perfil de puerto de serie (SPP), Perfil de distribuci\u00f3n de audio avanzado (A2DP), Perfil de control remoto de audio y v\u00eddeo (AVRCP), Phonebook Access Profile (PBAP)<\/p>\n<p>C\u00f3dec de audio Bluetooth\u00a0<br \/>SBC, AAC<\/p>\n<p>Versi\u00f3n Bluetooth\u00a0<br \/>Bluetooth 5.2<\/p>\n<p>Tecnolog\u00eda de cancelaci\u00f3n activa del ruido\u00a0<br \/>Advanced ANC<\/p>\n<p>Efectos de sonido\u00a0<br \/>Power Bass, HD Voice<\/p>\n<p>Caracter\u00edsticas\u00a0<br \/>Luz ocupado, tecnolog\u00eda SafeTone, tecnolog\u00eda PeakStop, Jabra Direct, HearThrough<\/p>\n<p>&#8211; CONEXIONES<\/p>\n<p>Tipo de conector\u00a0<br \/>USB (USB Type-C)<\/p>\n<p>&#8211; TIPO DE MICR\u00d3FONO<\/p>\n<p>Micr\u00f3fonos incluidos\u00a0<br \/>8<\/p>\n<p>Respuesta de frecuencia\u00a0<br \/>5 &#8211; 20000 Hz<\/p>\n<p>Sensibilidad\u00a0<br \/>-35 dBV\/Pascal<\/p>\n<p>Tipo\u00a0<br \/>Boom<\/p>\n<p>Factor de forma\u00a0<br \/>Micr\u00f3fono de auriculares<\/p>\n<p>Modo de operaci\u00f3n del micr\u00f3fono\u00a0<br \/>Conformaci\u00f3n de haces<\/p>\n<p>&#8211; CONTROL REMOTO<\/p>\n<p>Controles\u00a0<br \/>Bot\u00f3n silencio, rechazar llamada, asistente de voz, desviar llamada, contestar llamada<\/p>\n<p>&#8211; DIMENSIONES Y PESO (EMBALAJE)<\/p>\n<p>Profundidad de embalaje\u00a0<br \/>23.8 cm<\/p>\n<p>Altura de embalaje\u00a0<br \/>7.5 cm<\/p>\n<p>Anchura de embalaje\u00a0<br \/>19.9 cm<\/p>\n<p>&#8211; CABLE<\/p>\n<p>Longitud del cable\u00a0<br \/>1.2 m<\/p>\n<p>Cable de alimentaci\u00f3n\u00a0<br \/>S\u00ed<\/p>\n<p>&#8211; SEGUIMIENTO<\/p>\n<p>Sensores\u00a0<br \/>Detecci\u00f3n de la oreja<\/p>\n<p>&#8211; INTERNET DE LAS COSAS (IOT)<\/p>\n<p>Compatible con Internet de las cosas (IoT)\u00a0<br \/>S\u00ed<\/p>\n<p>Asistente inteligente\u00a0<br \/>Alexa integrada<\/p>\n<p>\u00a0<\/p>\n","protected":false},"excerpt":{"rendered":"<p>Auriculares jabra evolve2 75 ms stereo inalambrico negro<\/p>\n","protected":false},"featured_media":235476,"comment_status":"closed","ping_status":"open","template":"","meta":{"_et_pb_use_builder":"","_et_pb_old_content":"","_et_gb_content_width":""},"product_brand":[2839],"product_cat":[2799,2800,2058],"product_tag":[2803,2804,3146,2068,2840],"class_list":{"0":"post-235475","1":"product","2":"type-product","3":"status-publish","4":"has-post-thumbnail","6":"product_brand-jabra","7":"product_cat-altavoces-mp3-y-auriculares","8":"product_cat-auriculares","9":"product_cat-dispositivos","10":"product_tag-altavoces-mp3-y-auriculares","11":"product_tag-auriculares","12":"product_tag-auriculares-jabra-evolve2-75-ms-stereo","13":"product_tag-dispositivos","14":"product_tag-jabra","15":"product_shipping_class-2059","16":"pa_canon-digital-incluida-0-e-incluidos","18":"first","19":"instock","20":"taxable","21":"shipping-taxable","22":"purchasable","23":"product-type-simple"},"_links":{"self":[{"href":"https:\/\/linkxa.es\/linkshop\/wp-json\/wp\/v2\/product\/235475","targetHints":{"allow":["GET"]}}],"collection":[{"href":"https:\/\/linkxa.es\/linkshop\/wp-json\/wp\/v2\/product"}],"about":[{"href":"https:\/\/linkxa.es\/linkshop\/wp-json\/wp\/v2\/types\/product"}],"replies":[{"embeddable":true,"href":"https:\/\/linkxa.es\/linkshop\/wp-json\/wp\/v2\/comments?post=235475"}],"wp:featuredmedia":[{"embeddable":true,"href":"https:\/\/linkxa.es\/linkshop\/wp-json\/wp\/v2\/media\/235476"}],"wp:attachment":[{"href":"https:\/\/linkxa.es\/linkshop\/wp-json\/wp\/v2\/media?parent=235475"}],"wp:term":[{"taxonomy":"product_brand","embeddable":true,"href":"https:\/\/linkxa.es\/linkshop\/wp-json\/wp\/v2\/product_brand?post=235475"},{"taxonomy":"product_cat","embeddable":true,"href":"https:\/\/linkxa.es\/linkshop\/wp-json\/wp\/v2\/product_cat?post=235475"},{"taxonomy":"product_tag","embeddable":true,"href":"https:\/\/linkxa.es\/linkshop\/wp-json\/wp\/v2\/product_tag?post=235475"}],"curies":[{"name":"wp","href":"https:\/\/api.w.org\/{rel}","templated":true}]}}