{"id":235495,"date":"2025-04-18T22:52:42","date_gmt":"2025-04-18T22:52:42","guid":{"rendered":"https:\/\/linkxa.es\/contratacion\/producto\/auricular-bluetooth-denver-twe-49enc-blanco\/"},"modified":"2025-08-02T11:52:43","modified_gmt":"2025-08-02T11:52:43","slug":"auricular-bluetooth-denver-twe-49enc-blanco","status":"publish","type":"product","link":"https:\/\/linkxa.es\/linkshop\/producto\/auricular-bluetooth-denver-twe-49enc-blanco\/","title":{"rendered":"Auricular bluetooth denver twe &#8211; 49enc blanco"},"content":{"rendered":"<h3 style=\"text-align: center;\"><strong>Denver\u00a0 |\u00a0 Auriculares<\/strong><\/h3>\n<p>\u00a0<\/p>\n<p>DENVER TWE-49ENC<\/p>\n<p>Verdaderos auriculares Bluetooth inal\u00e1mbricos<br \/>Con estuche de carga y funci\u00f3n manos libres<br \/>Informaci\u00f3n del Producto<\/p>\n<p>Verdaderos auriculares Bluetooth inal\u00e1mbricos<br \/>Disfruta de la m\u00fasica sin cables<br \/>Bluetooth versi\u00f3n V5.3<br \/>Alcance de funcionamiento: hasta 10 metros<br \/>Cada auricular tiene una bater\u00eda de 40 mAh.<br \/>Estuche de carga: 230 mAh<br \/>4 micr\u00f3fonos incorporados para llamadas con funci\u00f3n ENC (cancelaci\u00f3n de ruido para la parte del micr\u00f3fono)<br \/>Cargue los auriculares en el estuche de carga<br \/>Tiempo de reproducci\u00f3n de conversaci\u00f3n y m\u00fasica: hasta 6,5 horas<\/p>\n<p>Caracter\u00edsticas<br \/>Reflejos<\/p>\n<p>Verdaderos auriculares Bluetooth inal\u00e1mbricos con estuche de carga y funci\u00f3n de manos libres<br \/>Bater\u00eda<\/p>\n<p>Bater\u00eda recargable incorporada (45 mAh en cada auricular) + estuche de carga con bater\u00eda de 230 mAh<br \/>Auriculares<\/p>\n<p>Bluetooth V5.3<br \/>Materiales<\/p>\n<p>Auriculares de pl\u00e1stico. El estuche de carga est\u00e1 hecho de pl\u00e1stico duradero.<\/p>\n<p>\u00a0<\/p>\n","protected":false},"excerpt":{"rendered":"<p>Auricular bluetooth denver twe &#8211; 49enc &#8211; blanco<\/p>\n","protected":false},"featured_media":235496,"comment_status":"closed","ping_status":"open","template":"","meta":{"_et_pb_use_builder":"","_et_pb_old_content":"","_et_gb_content_width":""},"product_brand":[2440],"product_cat":[2799,2800,2058],"product_tag":[2803,3150,2804,2441,2068],"class_list":{"0":"post-235495","1":"product","2":"type-product","3":"status-publish","4":"has-post-thumbnail","6":"product_brand-denver","7":"product_cat-altavoces-mp3-y-auriculares","8":"product_cat-auriculares","9":"product_cat-dispositivos","10":"product_tag-altavoces-mp3-y-auriculares","11":"product_tag-auricular-bluetooth-denver-twe-49enc-blanco","12":"product_tag-auriculares","13":"product_tag-denver","14":"product_tag-dispositivos","15":"product_shipping_class-2088","16":"pa_canon-digital-incluida-0-e-incluidos","18":"first","19":"instock","20":"taxable","21":"shipping-taxable","22":"purchasable","23":"product-type-simple"},"_links":{"self":[{"href":"https:\/\/linkxa.es\/linkshop\/wp-json\/wp\/v2\/product\/235495","targetHints":{"allow":["GET"]}}],"collection":[{"href":"https:\/\/linkxa.es\/linkshop\/wp-json\/wp\/v2\/product"}],"about":[{"href":"https:\/\/linkxa.es\/linkshop\/wp-json\/wp\/v2\/types\/product"}],"replies":[{"embeddable":true,"href":"https:\/\/linkxa.es\/linkshop\/wp-json\/wp\/v2\/comments?post=235495"}],"wp:featuredmedia":[{"embeddable":true,"href":"https:\/\/linkxa.es\/linkshop\/wp-json\/wp\/v2\/media\/235496"}],"wp:attachment":[{"href":"https:\/\/linkxa.es\/linkshop\/wp-json\/wp\/v2\/media?parent=235495"}],"wp:term":[{"taxonomy":"product_brand","embeddable":true,"href":"https:\/\/linkxa.es\/linkshop\/wp-json\/wp\/v2\/product_brand?post=235495"},{"taxonomy":"product_cat","embeddable":true,"href":"https:\/\/linkxa.es\/linkshop\/wp-json\/wp\/v2\/product_cat?post=235495"},{"taxonomy":"product_tag","embeddable":true,"href":"https:\/\/linkxa.es\/linkshop\/wp-json\/wp\/v2\/product_tag?post=235495"}],"curies":[{"name":"wp","href":"https:\/\/api.w.org\/{rel}","templated":true}]}}