{"id":235500,"date":"2025-04-25T08:38:42","date_gmt":"2025-04-25T08:38:42","guid":{"rendered":"https:\/\/linkxa.es\/contratacion\/producto\/auriculares-intrauditivos-jbl-t110-blue-pure\/"},"modified":"2025-08-02T11:53:08","modified_gmt":"2025-08-02T11:53:08","slug":"auriculares-intrauditivos-jbl-t110-blue-pure","status":"publish","type":"product","link":"https:\/\/linkxa.es\/linkshop\/producto\/auriculares-intrauditivos-jbl-t110-blue-pure\/","title":{"rendered":"Auriculares intrauditivos jbl t110 blue pure"},"content":{"rendered":"<h3 style=\"text-align: center;\"><strong>Jbl\u00a0 |\u00a0 Auriculares<\/strong><\/h3>\n<p>\u00a0<\/p>\n<p>Los auriculares internos JBL TUNE110 son ligeros, c\u00f3modos y compactos.<br \/>Bajo la carcasa duradera del auricular, un par de controladores de 9 mm<br \/>garantizan graves potentes y reproducen el aut\u00e9ntico sonido JBL Pure Bass<br \/>que ha experimentado en salas de conciertos y estudios de grabaci\u00f3n de<br \/>todo el mundo.<br \/>Adem\u00e1s, el control remoto de un solo bot\u00f3n en un cable plano sin enredos le<br \/>permite controlar la reproducci\u00f3n de m\u00fasica, as\u00ed como responder llamadas<br \/>sobre la marcha con un micr\u00f3fono incorporado. Haciendo del JBL TUNE110<br \/>su compa\u00f1ero diario para el trabajo, en casa y en la carretera.<\/p>\n<p>Caracter\u00edsticas<br \/>Auriculares intraurales con micr\u00f3fono<br \/>Dentro de la carcasa del auricular se encuentran un par de unidades de 9<br \/>mm Disponen de un control remoto con un bot\u00f3n y de cable plano sin<br \/>enredos Permiten controlar la reproducci\u00f3n de la m\u00fasica y responder a<br \/>llamadas sobre la marcha con un micr\u00f3fono integrado<br \/>Especificaciones JBL T110<br \/>Puertos e Interfaces<br \/>Tecnolog\u00eda de conectividad: Al\u00e1mbrico<br \/>Auriculares<br \/>Audifonos: Intraaural<br \/>Frecuencia de auricular: 20 &#8211; 20000 Hz<br \/>Unidad de disco: 9 mm<br \/>Contenido del embalaje<br \/>Auriculares adicionales: Si<br \/>Otras caracter\u00edsticas<br \/>Cantidad: 1<br \/>Dise\u00f1o<br \/>Tipo de auricular: Binaural<br \/>Estilo de uso: Dentro de o\u00eddo<br \/>Color del producto: Negro<\/p>\n<p>\u00a0<\/p>\n","protected":false},"excerpt":{"rendered":"<p>Auriculares intrauditivos jbl t110 blue &#8211; pure bass &#8211; drivers 9mm &#8211; cable plano &#8211; manos libres<\/p>\n","protected":false},"featured_media":235501,"comment_status":"closed","ping_status":"open","template":"","meta":{"_et_pb_use_builder":"","_et_pb_old_content":"","_et_gb_content_width":""},"product_brand":[2970],"product_cat":[2799,2800,2058],"product_tag":[2803,2804,3151,2068,2971],"class_list":{"0":"post-235500","1":"product","2":"type-product","3":"status-publish","4":"has-post-thumbnail","6":"product_brand-jbl","7":"product_cat-altavoces-mp3-y-auriculares","8":"product_cat-auriculares","9":"product_cat-dispositivos","10":"product_tag-altavoces-mp3-y-auriculares","11":"product_tag-auriculares","12":"product_tag-auriculares-intrauditivos-jbl-t110-blue-pure","13":"product_tag-dispositivos","14":"product_tag-jbl","15":"product_shipping_class-2088","16":"pa_canon-digital-incluida-0-e-incluidos","18":"first","19":"instock","20":"taxable","21":"shipping-taxable","22":"purchasable","23":"product-type-simple"},"_links":{"self":[{"href":"https:\/\/linkxa.es\/linkshop\/wp-json\/wp\/v2\/product\/235500","targetHints":{"allow":["GET"]}}],"collection":[{"href":"https:\/\/linkxa.es\/linkshop\/wp-json\/wp\/v2\/product"}],"about":[{"href":"https:\/\/linkxa.es\/linkshop\/wp-json\/wp\/v2\/types\/product"}],"replies":[{"embeddable":true,"href":"https:\/\/linkxa.es\/linkshop\/wp-json\/wp\/v2\/comments?post=235500"}],"wp:featuredmedia":[{"embeddable":true,"href":"https:\/\/linkxa.es\/linkshop\/wp-json\/wp\/v2\/media\/235501"}],"wp:attachment":[{"href":"https:\/\/linkxa.es\/linkshop\/wp-json\/wp\/v2\/media?parent=235500"}],"wp:term":[{"taxonomy":"product_brand","embeddable":true,"href":"https:\/\/linkxa.es\/linkshop\/wp-json\/wp\/v2\/product_brand?post=235500"},{"taxonomy":"product_cat","embeddable":true,"href":"https:\/\/linkxa.es\/linkshop\/wp-json\/wp\/v2\/product_cat?post=235500"},{"taxonomy":"product_tag","embeddable":true,"href":"https:\/\/linkxa.es\/linkshop\/wp-json\/wp\/v2\/product_tag?post=235500"}],"curies":[{"name":"wp","href":"https:\/\/api.w.org\/{rel}","templated":true}]}}