{"id":235516,"date":"2025-08-02T09:40:28","date_gmt":"2025-08-02T09:40:28","guid":{"rendered":"https:\/\/linkxa.es\/contratacion\/producto\/auriculares-energy-sistem-style-1-negro\/"},"modified":"2025-08-02T11:54:25","modified_gmt":"2025-08-02T11:54:25","slug":"auriculares-energy-sistem-style-1-negro","status":"publish","type":"product","link":"https:\/\/linkxa.es\/linkshop\/producto\/auriculares-energy-sistem-style-1-negro\/","title":{"rendered":"Auriculares energy sistem style 1 negro"},"content":{"rendered":"<h3 style=\"text-align: center;\"><strong>Energy sistem\u00a0 |\u00a0 Auriculares<\/strong><\/h3>\n<p>\u00a0<\/p>\n<p>8 horas de m\u00fasica<\/p>\n<p>Hasta 8 horas de reproducci\u00f3n continuada y bater\u00eda recargable, para que nunca te falte tu m\u00fasica preferida all\u00e1 donde vayas. Su dise\u00f1o intraural, ligero y elegante, se adapta a tus orejas para que disfrutes de un mayor confort.<\/p>\n<p>El mejor sonido Crystal Clear<\/p>\n<p>Los Earphones Bluetooth\u00ae Style 1 te ofrecen un sonido n\u00edtido y claro, gracias al Crystal clear sound. Disfruta de tus canciones favoritas como nunca, y deja que la m\u00fasica llene cada momento del d\u00eda.<\/p>\n<p>Tu m\u00fasica, tu ritmo<\/p>\n<p>Auriculares in-ear con botones multifunci\u00f3n integrados que te permiten controlar la lista de reproducci\u00f3n, y subir o bajar el volumen. Con conector tipo C para cargar la bater\u00eda c\u00f3modamente.<\/p>\n<p>M\u00e1s conectividad con Bluetooth\u00ae<\/p>\n<p>Auriculares con tecnolog\u00eda Bluetooth\u00ae 5.1 con hasta 20 metros de alcance. Gracias a la funci\u00f3n manos libres y al micr\u00f3fono integrado, puedes responder tus llamadas en cualquier momento, con total libertad.<\/p>\n<p>Marca<br \/>Samsung<\/p>\n<p>Modelo<br \/>454549<\/p>\n<p>Caracter\u00edsticas<br \/>Conectividad<\/p>\n<p>&#8211; Bluetooth: 5.1<\/p>\n<p>&#8211; Soporta protocolos HSP \/ HFP \/ A2DP \/AVRCP<\/p>\n<p>&#8211; Compatible con c\u00f3decs SBC<\/p>\n<p>&#8211; Multipoint<\/p>\n<p>&#8211; Alcance: 20 m<\/p>\n<p>&#8211; Frecuencia de trabajo: 2,4 GHz<\/p>\n<p>&#8211; Potencia m\u00e1xima de la se\u00f1al: &#038;lt,20 dBm<\/p>\n<p>Drivers<\/p>\n<p>&#8211; Respuesta en frecuencia: 20<\/p>\n<p>&#8211; 20.000 Hz<\/p>\n<p>&#8211; Di\u00e1metro del driver: 14 mm<\/p>\n<p>&#8211; Potencia m\u00e1xima: 5 mW<\/p>\n<p>&#8211; Tipo: din\u00e1mico<\/p>\n<p>&#8211; THD &#038;lt, 1%<\/p>\n<p>Microfono<\/p>\n<p>&#8211; Sensibilidad: -42 dB \u00b1 3 dB (@1 KHz)<\/p>\n<p>Bater\u00eda<\/p>\n<p>&#8211; Capacidad: 100 mAh \/ 3,7 V<\/p>\n<p>&#8211; Tipo: pol\u00edmero de litio<\/p>\n<p>&#8211; Autonom\u00eda: 8 horas<\/p>\n<p>&#8211; Puerto de carga: USB tipo C<\/p>\n<p>&#8211; Tiempo de carga: 2 horas<\/p>\n<p>\u00a0 La autonom\u00eda var\u00eda seg\u00fan el nivel de volumen seleccionado y el tipo de m\u00fasica reproducida.<\/p>\n<p>Dimensiones y peso<\/p>\n<p>&#8211; 50 x 18 x 15 mm<\/p>\n<p>&#8211; 15 g<\/p>\n<p>Fecha de revisi\u00f3n<br \/>07-11-2022 por MPM<\/p>\n<p><\/p>\n<p>\u00a0<\/p>\n","protected":false},"excerpt":{"rendered":"<p>Auriculares energy sistem style 1 negro bluetooth<\/p>\n","protected":false},"featured_media":235517,"comment_status":"closed","ping_status":"open","template":"","meta":{"_et_pb_use_builder":"","_et_pb_old_content":"","_et_gb_content_width":""},"product_brand":[2879],"product_cat":[2799,2800,2058],"product_tag":[2803,2804,3156,2068,2880],"class_list":{"0":"post-235516","1":"product","2":"type-product","3":"status-publish","4":"has-post-thumbnail","6":"product_brand-energy-sistem","7":"product_cat-altavoces-mp3-y-auriculares","8":"product_cat-auriculares","9":"product_cat-dispositivos","10":"product_tag-altavoces-mp3-y-auriculares","11":"product_tag-auriculares","12":"product_tag-auriculares-energy-sistem-style-1-negro","13":"product_tag-dispositivos","14":"product_tag-energy-sistem","15":"product_shipping_class-2059","16":"pa_canon-digital-incluida-0-e-incluidos","18":"first","19":"instock","20":"taxable","21":"shipping-taxable","22":"purchasable","23":"product-type-simple"},"_links":{"self":[{"href":"https:\/\/linkxa.es\/linkshop\/wp-json\/wp\/v2\/product\/235516","targetHints":{"allow":["GET"]}}],"collection":[{"href":"https:\/\/linkxa.es\/linkshop\/wp-json\/wp\/v2\/product"}],"about":[{"href":"https:\/\/linkxa.es\/linkshop\/wp-json\/wp\/v2\/types\/product"}],"replies":[{"embeddable":true,"href":"https:\/\/linkxa.es\/linkshop\/wp-json\/wp\/v2\/comments?post=235516"}],"wp:featuredmedia":[{"embeddable":true,"href":"https:\/\/linkxa.es\/linkshop\/wp-json\/wp\/v2\/media\/235517"}],"wp:attachment":[{"href":"https:\/\/linkxa.es\/linkshop\/wp-json\/wp\/v2\/media?parent=235516"}],"wp:term":[{"taxonomy":"product_brand","embeddable":true,"href":"https:\/\/linkxa.es\/linkshop\/wp-json\/wp\/v2\/product_brand?post=235516"},{"taxonomy":"product_cat","embeddable":true,"href":"https:\/\/linkxa.es\/linkshop\/wp-json\/wp\/v2\/product_cat?post=235516"},{"taxonomy":"product_tag","embeddable":true,"href":"https:\/\/linkxa.es\/linkshop\/wp-json\/wp\/v2\/product_tag?post=235516"}],"curies":[{"name":"wp","href":"https:\/\/api.w.org\/{rel}","templated":true}]}}