{"id":235520,"date":"2025-07-05T15:09:10","date_gmt":"2025-07-05T15:09:10","guid":{"rendered":"https:\/\/linkxa.es\/contratacion\/producto\/altavoz-bluetooth-forever-toob-30-plus\/"},"modified":"2025-08-02T11:54:52","modified_gmt":"2025-08-02T11:54:52","slug":"altavoz-bluetooth-forever-toob-30-plus","status":"publish","type":"product","link":"https:\/\/linkxa.es\/linkshop\/producto\/altavoz-bluetooth-forever-toob-30-plus\/","title":{"rendered":"Altavoz bluetooth forever toob 30 plus"},"content":{"rendered":"<h3 style=\"text-align: center;\"><strong>Forever\u00a0 |\u00a0 Altavoces<\/strong><\/h3>\n<p>\u00a0<\/p>\n<p>Dise\u00f1o duradero y compacto del altavoz inal\u00e1mbrico esconde en su interior una potencia y una calidad de sonido incre\u00edbles.<br \/>Toob 30 PLUS nos acompa\u00f1ar\u00e1 durante las actividades al aire libre, nos acompa\u00f1ar\u00e1 a una barbacoa o a un picnic al aire libre.<br \/>El grado de impermeabilidad IPX7 permite que el altavoz salga entero, aunque se caiga al agua.<br \/>Con 30 vatios de potencia, el altavoz Bluetooth reproducir\u00e1 de forma continua hasta 10 horas.<br \/>Puedes recargar r\u00e1pidamente la bater\u00eda a trav\u00e9s de la entrada USB-C.<br \/>Funci\u00f3n TWS del altavoz te permite conectar juntos los mismos modelos para emitir el sonido est\u00e9reo.<br \/>Equipado con Bluetooth de la \u00faltima versi\u00f3n 5.2, entrada AUX y lector de tarjetas SD.<\/p>\n<p>Altavoz Bluetooth<br \/>Incluye la funci\u00f3n True Wireless Stereo (TWS)<br \/>Sonido surround 360\u00ba<br \/>Potencia de altavoz: 30 W (2x15w)<br \/>Frecuencia 180 Hz-20.000 Hz<br \/>Jack conector de 3,5 mm<br \/>Conector de carga USB-C<br \/>Voltaje de carga 5V\/1A<br \/>Entrada de l\u00ednea de audio AUX<br \/>Lector de tarjetas Micro-SD<br \/>Capacidad de la bater\u00eda 5000 mAh<br \/>Autonom\u00eda: Hasta 10h<br \/>Bluetooth 5.2<br \/>Perfil Bluetooth A2DP<br \/>Resistencia al agua IPX7<br \/>Dimensiones 206X87X90mm<br \/>Peso 630 g.<\/p>\n<p>\u00a0<\/p>\n","protected":false},"excerpt":{"rendered":"<p>Altavoz bluetooth forever toob 30 plus bs &#8211; 960 color rosa<\/p>\n","protected":false},"featured_media":235521,"comment_status":"closed","ping_status":"open","template":"","meta":{"_et_pb_use_builder":"","_et_pb_old_content":"","_et_gb_content_width":""},"product_brand":[2334],"product_cat":[2822,2799,2058],"product_tag":[2824,2803,3157,2068,2335],"class_list":{"0":"post-235520","1":"product","2":"type-product","3":"status-publish","4":"has-post-thumbnail","6":"product_brand-forever","7":"product_cat-altavoces","8":"product_cat-altavoces-mp3-y-auriculares","9":"product_cat-dispositivos","10":"product_tag-altavoces","11":"product_tag-altavoces-mp3-y-auriculares","12":"product_tag-altavoz-bluetooth-forever-toob-30-plus","13":"product_tag-dispositivos","14":"product_tag-forever","15":"product_shipping_class-2059","16":"pa_canon-digital-incluida-0-e-incluidos","18":"first","19":"instock","20":"taxable","21":"shipping-taxable","22":"purchasable","23":"product-type-simple"},"_links":{"self":[{"href":"https:\/\/linkxa.es\/linkshop\/wp-json\/wp\/v2\/product\/235520","targetHints":{"allow":["GET"]}}],"collection":[{"href":"https:\/\/linkxa.es\/linkshop\/wp-json\/wp\/v2\/product"}],"about":[{"href":"https:\/\/linkxa.es\/linkshop\/wp-json\/wp\/v2\/types\/product"}],"replies":[{"embeddable":true,"href":"https:\/\/linkxa.es\/linkshop\/wp-json\/wp\/v2\/comments?post=235520"}],"wp:featuredmedia":[{"embeddable":true,"href":"https:\/\/linkxa.es\/linkshop\/wp-json\/wp\/v2\/media\/235521"}],"wp:attachment":[{"href":"https:\/\/linkxa.es\/linkshop\/wp-json\/wp\/v2\/media?parent=235520"}],"wp:term":[{"taxonomy":"product_brand","embeddable":true,"href":"https:\/\/linkxa.es\/linkshop\/wp-json\/wp\/v2\/product_brand?post=235520"},{"taxonomy":"product_cat","embeddable":true,"href":"https:\/\/linkxa.es\/linkshop\/wp-json\/wp\/v2\/product_cat?post=235520"},{"taxonomy":"product_tag","embeddable":true,"href":"https:\/\/linkxa.es\/linkshop\/wp-json\/wp\/v2\/product_tag?post=235520"}],"curies":[{"name":"wp","href":"https:\/\/api.w.org\/{rel}","templated":true}]}}