{"id":235534,"date":"2025-01-16T07:08:02","date_gmt":"2025-01-16T07:08:02","guid":{"rendered":"https:\/\/linkxa.es\/contratacion\/producto\/altavoz-bluetooth-ngs-roller-furia-1\/"},"modified":"2025-08-02T12:06:36","modified_gmt":"2025-08-02T12:06:36","slug":"altavoz-bluetooth-ngs-roller-furia-1","status":"publish","type":"product","link":"https:\/\/linkxa.es\/linkshop\/producto\/altavoz-bluetooth-ngs-roller-furia-1\/","title":{"rendered":"Altavoz bluetooth ngs roller furia 1"},"content":{"rendered":"<h3 style=\"text-align: center;\"><strong>Ngs\u00a0 |\u00a0 Altavoces<\/strong><\/h3>\n<p>\u00a0<\/p>\n<p>DESCRIPCION<\/p>\n<p>Altavoz inal\u00e1mbrico compatible con tecnolog\u00eda Bluetooth 5.0 para disfrutar de la m\u00fasica tanto en el interior como en el exterior<br \/>Tama\u00f1o compacto y port\u00e1til, proporciona sonido de alta calidad gracias a su gran potencia de salida, 15W<br \/>Dise\u00f1o robusto con material de tela resistente<br \/>Resistente al agua, conforme a la norma IPX6<br \/>Amplifica el sonido, puede emparejar dos dispositivos de forma simult\u00e1nea y aumentar la potencia de sonido gracias a su Tecnolog\u00eda True Wireless<br \/>Compatible con la Tecnolog\u00eda Bluetooth: Conecta tu dispositivo v\u00eda Bluetooth y reproduce tu m\u00fasica con la mejor calidad de sonido.<br \/>Dispone de puerto de entrada USB para conectarle una memoria de hasta 32GB.<br \/>Bater\u00eda recargable de Litio de 3,7V\/2500mAh que puede reproducir m\u00fasica hasta 9 horas (50 % de volumen)<br \/>Controla tu m\u00fasica desde el altavoz con los sencillos botones integrados<br \/>Equipado con un cable de carga USB tipo C para cargarlo c\u00f3modamente<br \/>Incluye correa de transporte<br \/>El alcance del m\u00f3vil para la reproducci\u00f3n de m\u00fasica es de hasta 10m<\/p>\n<p>ESPECIFICACIONES<\/p>\n<p>&#8211; Compatible con bluetooth<br \/>&#8211; TWS (consigue doble potencia conectando 2 altavoces al mismo tiempo<br \/>sin cables)<br \/>&#8211; Potencia pico de salida: 15W<br \/>&#8211; Potencia RMS: 7W<br \/>&#8211; Entrada de audio AUX<br \/>&#8211; Entrada de audio USB: hasta 32GB<br \/>&#8211; Control de volumen<br \/>&#8211; Bater\u00eda: Ion-Li 3,7V\/2500mAh<br \/>&#8211; Tiempo de funcionamiento*: 9 horas<br \/>&#8211; Resistente al agua: IPX6<br \/>&#8211; Frecuencia de operaci\u00f3n: 2402-2480MHz<br \/>&#8211; Potencia m\u00e1xima de salida de RF: 4dBm<br \/>&#8211; Formatos de audio: MP3\/WAV\/WMA<\/p>\n<p>\u00a0<\/p>\n","protected":false},"excerpt":{"rendered":"<p>Altavoz bluetooth ngs roller furia 1 azul<\/p>\n","protected":false},"featured_media":235645,"comment_status":"closed","ping_status":"open","template":"","meta":{"_et_pb_use_builder":"","_et_pb_old_content":"","_et_gb_content_width":""},"product_brand":[2962],"product_cat":[2822,2799,2058],"product_tag":[2824,2803,3160,2068,2963],"class_list":{"0":"post-235534","1":"product","2":"type-product","3":"status-publish","4":"has-post-thumbnail","6":"product_brand-ngs","7":"product_cat-altavoces","8":"product_cat-altavoces-mp3-y-auriculares","9":"product_cat-dispositivos","10":"product_tag-altavoces","11":"product_tag-altavoces-mp3-y-auriculares","12":"product_tag-altavoz-bluetooth-ngs-roller-furia-1","13":"product_tag-dispositivos","14":"product_tag-ngs","15":"product_shipping_class-2088","16":"pa_canon-digital-incluida-0-e-incluidos","18":"first","19":"instock","20":"taxable","21":"shipping-taxable","22":"purchasable","23":"product-type-simple"},"_links":{"self":[{"href":"https:\/\/linkxa.es\/linkshop\/wp-json\/wp\/v2\/product\/235534","targetHints":{"allow":["GET"]}}],"collection":[{"href":"https:\/\/linkxa.es\/linkshop\/wp-json\/wp\/v2\/product"}],"about":[{"href":"https:\/\/linkxa.es\/linkshop\/wp-json\/wp\/v2\/types\/product"}],"replies":[{"embeddable":true,"href":"https:\/\/linkxa.es\/linkshop\/wp-json\/wp\/v2\/comments?post=235534"}],"wp:featuredmedia":[{"embeddable":true,"href":"https:\/\/linkxa.es\/linkshop\/wp-json\/wp\/v2\/media\/235645"}],"wp:attachment":[{"href":"https:\/\/linkxa.es\/linkshop\/wp-json\/wp\/v2\/media?parent=235534"}],"wp:term":[{"taxonomy":"product_brand","embeddable":true,"href":"https:\/\/linkxa.es\/linkshop\/wp-json\/wp\/v2\/product_brand?post=235534"},{"taxonomy":"product_cat","embeddable":true,"href":"https:\/\/linkxa.es\/linkshop\/wp-json\/wp\/v2\/product_cat?post=235534"},{"taxonomy":"product_tag","embeddable":true,"href":"https:\/\/linkxa.es\/linkshop\/wp-json\/wp\/v2\/product_tag?post=235534"}],"curies":[{"name":"wp","href":"https:\/\/api.w.org\/{rel}","templated":true}]}}