{"id":235539,"date":"2024-11-25T23:17:49","date_gmt":"2024-11-25T23:17:49","guid":{"rendered":"https:\/\/linkxa.es\/contratacion\/producto\/altavoz-hama-tube-3-0-blanco\/"},"modified":"2025-08-02T11:56:31","modified_gmt":"2025-08-02T11:56:31","slug":"altavoz-hama-tube-3-0-blanco","status":"publish","type":"product","link":"https:\/\/linkxa.es\/linkshop\/producto\/altavoz-hama-tube-3-0-blanco\/","title":{"rendered":"Altavoz hama tube 3.0 blanco"},"content":{"rendered":"<h3 style=\"text-align: center;\"><strong>Hama\u00a0 |\u00a0 Altavoces<\/strong><\/h3>\n<p>\u00a0<\/p>\n<p>Aspectos T\u00e9cnicos<br \/>Dise\u00f1o (Color,patron,Motivos, Series) Color Blanco<br \/>Tono del Color Blanco<br \/>Conectividad (Conexi\u00f3n) Conexi\u00f3n 3.5-mm-Jack Hembra\/Conector USB-C<br \/>Conexi\u00f3n 3.5-mm-Jack Hembra, Bluetooth<br \/>M\u00e1x. Rango 10 m<br \/>Reproducci\u00f3n de audio Conector jack de 3,5 mm<br \/>Propiedades Electroespecificas Capacidad 600 mAh<br \/>Versi\u00f3n de Bluetooth 5.3<br \/>Voltaje 3.7 V<br \/>Propiedades fisicas Distorsi\u00f3n m\u00e1xima 1 %<br \/>Funciones Adicionales Altavoz, Inal\u00e1mbrico<br \/>Potencia m\u00e1xima de m\u00fasica 3 W<br \/>Sistema de Audio Mono<br \/>Medida&#038;amp,Peso Altura 13,5 cm<br \/>Ancho 6,5 cm<br \/>Peso 226 g<br \/>Profundidad 6,5 cm<br \/>Energia Duraci\u00f3n M\u00e1xima de la Bater\u00eda 12 h<br \/>Fuente de Alimentaci\u00f3n Bater\u00eda Li-Ion integrada<br \/>Tiempo de Carga en Horas 2 h<br \/>Tipo de Bater\u00eda Bater\u00eda de iones de litio<br \/>Campo de Aplicaci\u00f3n Uso Recomendado Mobile Music<\/p>\n<p>\u00a0<\/p>\n","protected":false},"excerpt":{"rendered":"<p>Altavoz hama tube 3.0 blanco<\/p>\n","protected":false},"featured_media":235540,"comment_status":"closed","ping_status":"open","template":"","meta":{"_et_pb_use_builder":"","_et_pb_old_content":"","_et_gb_content_width":""},"product_brand":[2407],"product_cat":[2822,2799,2058],"product_tag":[2824,2803,3161,2068,2408],"class_list":{"0":"post-235539","1":"product","2":"type-product","3":"status-publish","4":"has-post-thumbnail","6":"product_brand-hama","7":"product_cat-altavoces","8":"product_cat-altavoces-mp3-y-auriculares","9":"product_cat-dispositivos","10":"product_tag-altavoces","11":"product_tag-altavoces-mp3-y-auriculares","12":"product_tag-altavoz-hama-tube-3-0-blanco","13":"product_tag-dispositivos","14":"product_tag-hama","15":"product_shipping_class-2088","16":"pa_canon-digital-incluida-0-e-incluidos","18":"first","19":"instock","20":"taxable","21":"shipping-taxable","22":"purchasable","23":"product-type-simple"},"_links":{"self":[{"href":"https:\/\/linkxa.es\/linkshop\/wp-json\/wp\/v2\/product\/235539","targetHints":{"allow":["GET"]}}],"collection":[{"href":"https:\/\/linkxa.es\/linkshop\/wp-json\/wp\/v2\/product"}],"about":[{"href":"https:\/\/linkxa.es\/linkshop\/wp-json\/wp\/v2\/types\/product"}],"replies":[{"embeddable":true,"href":"https:\/\/linkxa.es\/linkshop\/wp-json\/wp\/v2\/comments?post=235539"}],"wp:featuredmedia":[{"embeddable":true,"href":"https:\/\/linkxa.es\/linkshop\/wp-json\/wp\/v2\/media\/235540"}],"wp:attachment":[{"href":"https:\/\/linkxa.es\/linkshop\/wp-json\/wp\/v2\/media?parent=235539"}],"wp:term":[{"taxonomy":"product_brand","embeddable":true,"href":"https:\/\/linkxa.es\/linkshop\/wp-json\/wp\/v2\/product_brand?post=235539"},{"taxonomy":"product_cat","embeddable":true,"href":"https:\/\/linkxa.es\/linkshop\/wp-json\/wp\/v2\/product_cat?post=235539"},{"taxonomy":"product_tag","embeddable":true,"href":"https:\/\/linkxa.es\/linkshop\/wp-json\/wp\/v2\/product_tag?post=235539"}],"curies":[{"name":"wp","href":"https:\/\/api.w.org\/{rel}","templated":true}]}}