{"id":235549,"date":"2025-04-27T01:51:04","date_gmt":"2025-04-27T01:51:04","guid":{"rendered":"https:\/\/linkxa.es\/contratacion\/producto\/auriculares-inalambricos-philips-tah4205bk-00-color\/"},"modified":"2025-08-02T11:57:57","modified_gmt":"2025-08-02T11:57:57","slug":"auriculares-inalambricos-philips-tah4205bk-00-color","status":"publish","type":"product","link":"https:\/\/linkxa.es\/linkshop\/producto\/auriculares-inalambricos-philips-tah4205bk-00-color\/","title":{"rendered":"Auriculares inalambricos philips tah4205bk 00 color"},"content":{"rendered":"<h3 style=\"text-align: center;\"><strong>Philips\u00a0 |\u00a0 Auriculares<\/strong><\/h3>\n<p>\u00a0<\/p>\n<p>&#8211; Banda de sujeci\u00f3n acolchada ligera y ajustable: Disponibles en elegantes colores mate, estos auriculares de diadema cuentan con una banda de sujeci\u00f3n acolchada tan ligera que apenas la notar\u00e1s.<br \/>Las suaves almohadillas est\u00e1n claramente marcadas para las orejas izquierda y derecha, y se pueden colocar en \u00e1ngulo hasta que tengan el ajuste adecuado.<\/p>\n<p>&#8211; Dise\u00f1o plegable para un almacenamiento f\u00e1cil: D\u00e9jate llevar por los graves. Los auriculares se pliegan completamente y giran hacia dentro, para llevarlos f\u00e1cilmente en el bolsillo o en el bolso. Solo<br \/>tienes que plegarlos y estar\u00e1s listo para salir.<\/p>\n<p>&#8211; Bot\u00f3n multifunci\u00f3n. Controla f\u00e1cilmente la m\u00fasica y las llamadas: Que no te gusta la pista actual? Pues la saltas con una pulsaci\u00f3n prolongada. Quieres rechazar una llamada? Un simple toque de<br \/>bot\u00f3n y listo. El emparejamiento a trav\u00e9s de Bluetooth inteligente permite a estos auriculares recordar los \u00faltimos dispositivos con los que han emparejado.<\/p>\n<p>&#8211; Excelente aislamiento del sonido gracias al dise\u00f1o cerrado en la parte posterior<\/p>\n<p>&#8211; Emparejamiento inteligente. Encuentra autom\u00e1ticamente dispositivos Bluetooth: Una pulsaci\u00f3n prolongada del bot\u00f3n multifunci\u00f3n permite que estos auriculares Bluetooth inal\u00e1mbricos est\u00e9n listos para<br \/>emparejarse. Una vez conectados, recuerdan el \u00faltimo dispositivo con el que se han emparejado.<\/p>\n<p>&#8211; Dise\u00f1o compacto y plegable para facilitar el transporte: Dise\u00f1o realmente plegable y compacto excelente para viajar y llevar tu m\u00fasica a cualquier parte.<\/p>\n<p>ESPECIFICACIONES<\/p>\n<p>Sonido<\/p>\n<p>Impedancia<br \/>32 ohmios<br \/>Di\u00e1metro del altavoz<br \/>32 mm<br \/>Sensibilidad<br \/>110 dB (1 KHz)<br \/>Rango de frecuencia<br \/>20 &#8211; 20 000 Hz<br \/>Entrada de alimentaci\u00f3n m\u00e1xima<br \/>20 mW<br \/>Tipo de altavoz<br \/>Din\u00e1mico<\/p>\n<p>Conectividad<\/p>\n<p>Versi\u00f3n de Bluetooth<br \/>5.0 o superior<br \/>C\u00f3dec compatible<br \/>SBC<br \/>Alcance m\u00e1ximo<br \/>Hasta 10 m<br \/>Perfiles Bluetooth<\/p>\n<p>A2DP<br \/>AVRCP<br \/>HFP<\/p>\n<p>Tipo de transmisi\u00f3n inal\u00e1mbrica<br \/>Bluetooth<br \/>Sin cables<br \/>S\u00ed<br \/>Micr\u00f3fono<br \/>Micr\u00f3fono integrado<\/p>\n<p>\u00a0<\/p>\n","protected":false},"excerpt":{"rendered":"<p>Auriculares inalambricos philips tah4205bk &#8211; 00 color blanco bt<\/p>\n","protected":false},"featured_media":235550,"comment_status":"closed","ping_status":"open","template":"","meta":{"_et_pb_use_builder":"","_et_pb_old_content":"","_et_gb_content_width":""},"product_brand":[2731],"product_cat":[2799,2800,2058],"product_tag":[2803,2804,3164,2068,2732],"class_list":{"0":"post-235549","1":"product","2":"type-product","3":"status-publish","4":"has-post-thumbnail","6":"product_brand-philips","7":"product_cat-altavoces-mp3-y-auriculares","8":"product_cat-auriculares","9":"product_cat-dispositivos","10":"product_tag-altavoces-mp3-y-auriculares","11":"product_tag-auriculares","12":"product_tag-auriculares-inalambricos-philips-tah4205bk-00-color","13":"product_tag-dispositivos","14":"product_tag-philips","15":"product_shipping_class-2088","16":"pa_canon-digital-incluida-0-e-incluidos","18":"first","19":"instock","20":"taxable","21":"shipping-taxable","22":"purchasable","23":"product-type-simple"},"_links":{"self":[{"href":"https:\/\/linkxa.es\/linkshop\/wp-json\/wp\/v2\/product\/235549","targetHints":{"allow":["GET"]}}],"collection":[{"href":"https:\/\/linkxa.es\/linkshop\/wp-json\/wp\/v2\/product"}],"about":[{"href":"https:\/\/linkxa.es\/linkshop\/wp-json\/wp\/v2\/types\/product"}],"replies":[{"embeddable":true,"href":"https:\/\/linkxa.es\/linkshop\/wp-json\/wp\/v2\/comments?post=235549"}],"wp:featuredmedia":[{"embeddable":true,"href":"https:\/\/linkxa.es\/linkshop\/wp-json\/wp\/v2\/media\/235550"}],"wp:attachment":[{"href":"https:\/\/linkxa.es\/linkshop\/wp-json\/wp\/v2\/media?parent=235549"}],"wp:term":[{"taxonomy":"product_brand","embeddable":true,"href":"https:\/\/linkxa.es\/linkshop\/wp-json\/wp\/v2\/product_brand?post=235549"},{"taxonomy":"product_cat","embeddable":true,"href":"https:\/\/linkxa.es\/linkshop\/wp-json\/wp\/v2\/product_cat?post=235549"},{"taxonomy":"product_tag","embeddable":true,"href":"https:\/\/linkxa.es\/linkshop\/wp-json\/wp\/v2\/product_tag?post=235549"}],"curies":[{"name":"wp","href":"https:\/\/api.w.org\/{rel}","templated":true}]}}