{"id":235560,"date":"2025-03-30T20:49:11","date_gmt":"2025-03-30T20:49:11","guid":{"rendered":"https:\/\/linkxa.es\/contratacion\/producto\/auriculares-jvc-ha-z66t-a-e-inalambricos-color-azul\/"},"modified":"2025-08-02T11:58:45","modified_gmt":"2025-08-02T11:58:45","slug":"auriculares-jvc-ha-z66t-a-e-inalambricos-color-azul","status":"publish","type":"product","link":"https:\/\/linkxa.es\/linkshop\/producto\/auriculares-jvc-ha-z66t-a-e-inalambricos-color-azul\/","title":{"rendered":"Auriculares jvc ha &#8211; z66t &#8211; a &#8211; e inalambricos color azul"},"content":{"rendered":"<h3 style=\"text-align: center;\"><strong>Jvc\u00a0 |\u00a0 Auriculares<\/strong><\/h3>\n<p>\u00a0<\/p>\n<p>Los auriculares inal\u00e1mbricos JVC Gumy Mini son unos auriculares deportivos y para casa ligeros y peque\u00f1os con 3 modos de sonido, resistencia al agua (IPX4) y 23h de bater\u00eda. Est\u00e1n construidos con una carcasa de pl\u00e1stico resistente, almohadillas de goma suave y una banda ajustable para un ajuste c\u00f3modo. Los auriculares tienen un micr\u00f3fono integrado para las llamadas telef\u00f3nicas y los controles de volumen y reproducci\u00f3n de m\u00fasica est\u00e1n situados en la parte superior de la derecha. Los auriculares se conectan a tu dispositivo a trav\u00e9s de Bluetooth y tienen un alcance de 10 metros. La bater\u00eda de pol\u00edmero de litio tiene una duraci\u00f3n de 23 horas y se carga a trav\u00e9s de un puerto micro USB.<\/p>\n<p>Caracter\u00edsticas t\u00e9cnicas<\/p>\n<p>Caracteristicas t\u00e9cnicas<\/p>\n<p>Tipo de dispositivo<br \/>Auriculares<\/p>\n<p>Tipo de construcci\u00f3n<br \/>Intraurales<\/p>\n<p>Modelo<br \/>HA-Z66T-A-E<\/p>\n<p>Compatible con<br \/>Tablets, Cualquier dispositivo con conectividad Bluetooth, Port\u00e1tiles, Tel\u00e9fonos<\/p>\n<p>Transmisi\u00f3n de se\u00f1al<br \/>Bluetooth, Inal\u00e1mbrica<\/p>\n<p>Equipo<\/p>\n<p>N\u00famero de canales<br \/>5.1<\/p>\n<p>Conector<br \/>Bluetooth, Inal\u00e1mbrico<\/p>\n<p>Bluetooth<br \/>S\u00ed<\/p>\n<p>Conexiones<br \/>Bluetooth<\/p>\n<p>Caract. especiales<br \/>Resistente a Salpicaduras IPX4 (Lluvia, Sudor&#8230;), Ligeros<\/p>\n<p>Fuente de alimentaci\u00f3n<\/p>\n<p>Tipo de bater\u00eda<br \/>Pol\u00edmero de litio<\/p>\n<p>Autonom\u00eda<br \/>23 h<\/p>\n<p>\u00a0<\/p>\n","protected":false},"excerpt":{"rendered":"<p>Auriculares jvc ha &#8211; z66t &#8211; a &#8211; e inalambricos color azul<\/p>\n","protected":false},"featured_media":235561,"comment_status":"closed","ping_status":"open","template":"","meta":{"_et_pb_use_builder":"","_et_pb_old_content":"","_et_gb_content_width":""},"product_brand":[3166],"product_cat":[2799,2800,2058],"product_tag":[2803,2804,3168,2068,3167],"class_list":{"0":"post-235560","1":"product","2":"type-product","3":"status-publish","4":"has-post-thumbnail","6":"product_brand-jvc","7":"product_cat-altavoces-mp3-y-auriculares","8":"product_cat-auriculares","9":"product_cat-dispositivos","10":"product_tag-altavoces-mp3-y-auriculares","11":"product_tag-auriculares","12":"product_tag-auriculares-jvc-ha-z66t-a-e-inalambricos-color-azul","13":"product_tag-dispositivos","14":"product_tag-jvc","15":"product_shipping_class-2088","16":"pa_canon-digital-incluida-0-e-incluidos","18":"first","19":"instock","20":"taxable","21":"shipping-taxable","22":"purchasable","23":"product-type-simple"},"_links":{"self":[{"href":"https:\/\/linkxa.es\/linkshop\/wp-json\/wp\/v2\/product\/235560","targetHints":{"allow":["GET"]}}],"collection":[{"href":"https:\/\/linkxa.es\/linkshop\/wp-json\/wp\/v2\/product"}],"about":[{"href":"https:\/\/linkxa.es\/linkshop\/wp-json\/wp\/v2\/types\/product"}],"replies":[{"embeddable":true,"href":"https:\/\/linkxa.es\/linkshop\/wp-json\/wp\/v2\/comments?post=235560"}],"wp:featuredmedia":[{"embeddable":true,"href":"https:\/\/linkxa.es\/linkshop\/wp-json\/wp\/v2\/media\/235561"}],"wp:attachment":[{"href":"https:\/\/linkxa.es\/linkshop\/wp-json\/wp\/v2\/media?parent=235560"}],"wp:term":[{"taxonomy":"product_brand","embeddable":true,"href":"https:\/\/linkxa.es\/linkshop\/wp-json\/wp\/v2\/product_brand?post=235560"},{"taxonomy":"product_cat","embeddable":true,"href":"https:\/\/linkxa.es\/linkshop\/wp-json\/wp\/v2\/product_cat?post=235560"},{"taxonomy":"product_tag","embeddable":true,"href":"https:\/\/linkxa.es\/linkshop\/wp-json\/wp\/v2\/product_tag?post=235560"}],"curies":[{"name":"wp","href":"https:\/\/api.w.org\/{rel}","templated":true}]}}