{"id":235580,"date":"2025-06-15T01:54:08","date_gmt":"2025-06-15T01:54:08","guid":{"rendered":"https:\/\/linkxa.es\/contratacion\/producto\/auriculares-logitech-h570e-con-microfono-stereo\/"},"modified":"2025-08-02T12:00:31","modified_gmt":"2025-08-02T12:00:31","slug":"auriculares-logitech-h570e-con-microfono-stereo","status":"publish","type":"product","link":"https:\/\/linkxa.es\/linkshop\/producto\/auriculares-logitech-h570e-con-microfono-stereo\/","title":{"rendered":"Auriculares logitech h570e con microfono stereo"},"content":{"rendered":"<h3 style=\"text-align: center;\"><strong>Logitech\u00a0 |\u00a0 Auriculares<\/strong><\/h3>\n<p>\u00a0<\/p>\n<p>Especificaciones y detalles<br \/>Dimensiones<\/p>\n<p>Auriculares con micr\u00f3fono:<br \/>Altura x Anchura x Profundidad: 172 mm x 165 mm x 50 mm<br \/>Peso: 111 g (est\u00e9reo)<br \/>Peso: 85 g (mono)<\/p>\n<p>Controles integrados en el cable:<br \/>Altura x Anchura x Profundidad: 62 mm x 21 mm x 10 mm<\/p>\n<p>Requisitos del sistema<\/p>\n<p>Compatible con:<\/p>\n<p>Windows 7, Windows 8 o Windows 8.1 (32 bits o 64 bits), Windows 10<br \/>Mac OS X 10.6 o posterior<br \/>Puerto USB disponible<br \/>Descargas de controladores\/software:<\/p>\n<p>Recomendado: Complementos para Skype<br \/>Seleccione el producto aplicable para el que descargar software en<br \/>http:\/\/www.logitech.com\/support\/business-products<br \/>Compatibilidad con aplicaciones:<\/p>\n<p>Compatible con la mayor\u00eda de las principales plataformas UC1, como<br \/>Skype y Skype for Business, Cisco Jabber, Cisco IP Communicator,<br \/>Google Hangouts, Apple FaceTime, etc.<\/p>\n<p>1 Consulte www.logitech.com\/ciscocompatibility para informarse sobre la<br \/>versi\u00f3n m\u00e1s reciente. Para utilizar con Skype debe usarse el complemento<br \/>(seleccione el producto correspondiente y realice la descarga desde<br \/>http:\/\/www.logitech.com\/support\/business-products).<\/p>\n<p>Certificaciones:<\/p>\n<p>Certificaci\u00f3n para Skype y Skype for Business, compatibilidad con Cisco<\/p>\n<p>Especificaciones<\/p>\n<p>Micr\u00f3fono (Tx):<\/p>\n<p>Tipo: ECM direccional<br \/>Respuesta de frecuencia: 100 Hz &#8211; 18 kHz<br \/>Sensibilidad: -47 dB +\/- 3 dB<br \/>Distorsi\u00f3n: &#038;lt, 2% a 1 kHz, 94 dB SPL<br \/>Tensi\u00f3n de servicio: 1,4 &#8211; 5,0 V (CC)<\/p>\n<p>Altavoces (Rx):<\/p>\n<p>Respuesta de frecuencia: 31,5 Hz &#8211; 20 kHz (campo difuso)<br \/>Sensibilidad: 94 dB 3 dB a 1 kHz, 0,01 m, 0,01 W<br \/>Distorsi\u00f3n: &#038;lt, 5% a 1 kHz, 10 mW, 1 kHz<br \/>Compatible con EN60950-1<\/p>\n<p>Contenido de la caja<\/p>\n<p>Auriculares con micr\u00f3fono<br \/>Gu\u00eda de inicio r\u00e1pido y tarjeta de garant\u00eda<\/p>\n<p>Informaci\u00f3n de garant\u00eda<\/p>\n<p>Dos a\u00f1os de garant\u00eda de hardware limitada<br \/>N\u00famero de referencia<br \/>Est\u00e9reo<\/p>\n<p>N\u00ba de referencia 981-000575<\/p>\n<p>Mono<\/p>\n<p>N\u00ba de referencia 981-000571<\/p>\n<p>\u00a0<\/p>\n","protected":false},"excerpt":{"rendered":"<p>Auriculares logitech h570e con microfono &#8211;  stereo diadema &#8211;  usb<\/p>\n","protected":false},"featured_media":235581,"comment_status":"closed","ping_status":"open","template":"","meta":{"_et_pb_use_builder":"","_et_pb_old_content":"","_et_gb_content_width":""},"product_brand":[2798],"product_cat":[2799,2800,2058],"product_tag":[2803,2804,3172,2068,2801],"class_list":{"0":"post-235580","1":"product","2":"type-product","3":"status-publish","4":"has-post-thumbnail","6":"product_brand-logitech","7":"product_cat-altavoces-mp3-y-auriculares","8":"product_cat-auriculares","9":"product_cat-dispositivos","10":"product_tag-altavoces-mp3-y-auriculares","11":"product_tag-auriculares","12":"product_tag-auriculares-logitech-h570e-con-microfono-stereo","13":"product_tag-dispositivos","14":"product_tag-logitech","15":"product_shipping_class-2088","16":"pa_canon-digital-incluida-0-e-incluidos","18":"first","19":"instock","20":"taxable","21":"shipping-taxable","22":"purchasable","23":"product-type-simple"},"_links":{"self":[{"href":"https:\/\/linkxa.es\/linkshop\/wp-json\/wp\/v2\/product\/235580","targetHints":{"allow":["GET"]}}],"collection":[{"href":"https:\/\/linkxa.es\/linkshop\/wp-json\/wp\/v2\/product"}],"about":[{"href":"https:\/\/linkxa.es\/linkshop\/wp-json\/wp\/v2\/types\/product"}],"replies":[{"embeddable":true,"href":"https:\/\/linkxa.es\/linkshop\/wp-json\/wp\/v2\/comments?post=235580"}],"wp:featuredmedia":[{"embeddable":true,"href":"https:\/\/linkxa.es\/linkshop\/wp-json\/wp\/v2\/media\/235581"}],"wp:attachment":[{"href":"https:\/\/linkxa.es\/linkshop\/wp-json\/wp\/v2\/media?parent=235580"}],"wp:term":[{"taxonomy":"product_brand","embeddable":true,"href":"https:\/\/linkxa.es\/linkshop\/wp-json\/wp\/v2\/product_brand?post=235580"},{"taxonomy":"product_cat","embeddable":true,"href":"https:\/\/linkxa.es\/linkshop\/wp-json\/wp\/v2\/product_cat?post=235580"},{"taxonomy":"product_tag","embeddable":true,"href":"https:\/\/linkxa.es\/linkshop\/wp-json\/wp\/v2\/product_tag?post=235580"}],"curies":[{"name":"wp","href":"https:\/\/api.w.org\/{rel}","templated":true}]}}