{"id":235584,"date":"2025-06-18T16:58:02","date_gmt":"2025-06-18T16:58:02","guid":{"rendered":"https:\/\/linkxa.es\/contratacion\/producto\/auriculares-logitech-g935-gaming-7-1-wireless\/"},"modified":"2025-08-02T12:01:02","modified_gmt":"2025-08-02T12:01:02","slug":"auriculares-logitech-g935-gaming-7-1-wireless","status":"publish","type":"product","link":"https:\/\/linkxa.es\/linkshop\/producto\/auriculares-logitech-g935-gaming-7-1-wireless\/","title":{"rendered":"Auriculares logitech g935 gaming 7.1 wireless"},"content":{"rendered":"<h3 style=\"text-align: center;\"><strong>Logitech\u00a0 |\u00a0 Auriculares<\/strong><\/h3>\n<p>\u00a0<\/p>\n<p>Tecnolog\u00eda inal\u00e1mbrica de 2,4 GHz<br \/>Los auriculares G935 ofrecen m\u00faltiples ventajas con la posibilidad de<br \/>elegir entre el uso con cable o inal\u00e1mbrico. Juega con conexi\u00f3n inal\u00e1mbrica<br \/>de 2,4 GHz durante 12 horas por carga sin iluminaci\u00f3n u 8 horas con la<br \/>iluminaci\u00f3n predeterminada. Tambi\u00e9n puedes usar la entrada anal\u00f3gica de<br \/>3,5 mm en los auriculares para usar un cable conectado a la consola,el<br \/>m\u00f3vil o el PC,si prefieres no usar alimentaci\u00f3n de bater\u00edas.<br \/>Oye lo inaudito<br \/>La malla h\u00edbrida tejida exclusiva de los transductores Pro-G de 50 mm<br \/>contribuye a una mayor plenitud,profundidad y claridad de sonido a<br \/>cualquier volumen. Con el di\u00e1metro aumentado,Pro-G suena mejor que<br \/>nunca. Los sonidos de baja frecuencia (como explosiones y complejas<br \/>bandas sonoras) son a\u00fan m\u00e1s completos y cinem\u00e1ticos. Las frecuencias<br \/>altas (voces,pasos,disparos) son incre\u00edblemente n\u00edtidas y precisas. Oye<br \/>m\u00e1s cosas que nunca en tu juego. Oye lo inaudito con Pro-G 50.<br \/>Sonido envolvente superior a 7.1<br \/>Experimenta el incre\u00edble DTS Headphone:X 2.0,cuya precisi\u00f3n es superior<br \/>al sonido envolvente de 7.1 canales. El ambiente de juego espacial de alta<br \/>precisi\u00f3n te permite detectar claramente la posici\u00f3n y la distancia en un<br \/>espacio sonoro 3D completo. La clara percepci\u00f3n de lo que te rodea puede<br \/>suponer la diferencia entre la victoria y la derrota.<br \/>Totalmente personalizable<br \/>Con el software para gaming Logitech G HUB,puedes personalizar la<br \/>iluminaci\u00f3n RGB Lightsync,programar teclas G con macros y comandos de<br \/>juego y adaptar las preferencias de audio con perfiles \u00fanicos para cada<br \/>juego y aplicaci\u00f3n.<br \/>Un par de auriculares para todas las plataformas<br \/>Unos auriculares con micr\u00f3fono para todos tus dispositivos. G935 mezcla<br \/>audio procedente de hasta dos dispositivos. Puedes usar dispositivos<br \/>PC,m\u00f3viles y consolas de videojuegos.<br \/>Aseg\u00farate de que te reciben alto y claro<br \/>Mic+ de 6 mm es un micr\u00f3fono de varilla mejorado para comunicaciones<br \/>incre\u00edblemente claras y precisas. La varilla tiene un LED indicador para que<br \/>sepas si el micr\u00f3fono est\u00e1 silenciado. Si no lo est\u00e1s usando,puedes plegar<br \/>el micr\u00f3fono contra los auriculares y quedar\u00e1 casi invisible.<br \/>Dise\u00f1o c\u00f3modo y resistente<br \/>Las copas y la diadema con relleno de piel sint\u00e9tica aportan gran<br \/>comodidad incluso durante sesiones de gaming prolongadas. G935 tiene<br \/>grandes almohadillas circumaurales,para un ajuste perfecto alrededor de<br \/>las orejas sin presi\u00f3n directa sobre los tejidos blandos y proporciona<br \/>aislamiento pasivo del ruido. Las copas se pueden quitar para limpiarlas.<br \/>General<br \/>Tipo de producto Auricular &#8211; 7.1 canales &#8211; 2,4 GHz &#8211; conector de 3,5 mm<br \/>Anchura 18.8 cm<br \/>Profundidad 8.7 cm<br \/>Altura 19.5 cm<br \/>Peso 379 g<br \/>Color Negro,azul<br \/>Uso recomendado Consola de juegos,componentes electr\u00f3nicos<br \/>port\u00e1tiles,ordenador Distancia operativa m\u00e1x. 20 m<br \/>Auriculares<br \/>Factor de forma de los auriculares Dise\u00f1o circumaural<br \/>Tecnolog\u00eda de conectividad Inal\u00e1mbrico<br \/>Tecnolog\u00eda inal\u00e1mbrica Frecuencia de radio de 2,4 GHz<br \/>Modo de salida del sonido Sonido envolvente<br \/>Efectos de sonido DTS Headphone:X 2.0<br \/>Respuesta de frecuencia 20 &#8211; 20000 Hz<br \/>Sensibilidad 93 dB<br \/>Impedancia 39 Ohm<br \/>Diafragma 50 mm<br \/>Caracter\u00edsticas LIGHTSYNC RGB,controladores Pro-G,Llaves-G<br \/>programables<br \/>Tipo de micr\u00f3fono<br \/>Tipo Boom<br \/>Factor de forma Micr\u00f3fono de auriculares<br \/>Respuesta de frecuencia 100 &#8211; 10000 Hz<br \/>Caracter\u00edsticas Funci\u00f3n de silencio<br \/>Detalles de la entrada de audio Cardioide (unidireccional) &#8211; 100 &#8211;<br \/>10000 Hz<br \/>Cable<br \/>Cable de alimentaci\u00f3n S\u00ed<br \/>Diverso<br \/>Cables incluidos Cable para auriculares &#8211; extra\u00edble &#8211; 1.5 m<br \/>Cable micro-USB &#8211; 2 m<br \/>Accesorios incluidos Receptor USB<br \/>Alimentaci\u00f3n<br \/>Bater\u00eda Pila para auriculares<br \/>Tiempo de ejecuci\u00f3n (m\u00e1ximo) 45 hora(s)<\/p>\n<p>\u00a0<\/p>\n","protected":false},"excerpt":{"rendered":"<p>Auriculares logitech g935 gaming 7.1 wireless inalambrico 2.4ghz<\/p>\n","protected":false},"featured_media":235585,"comment_status":"closed","ping_status":"open","template":"","meta":{"_et_pb_use_builder":"","_et_pb_old_content":"","_et_gb_content_width":""},"product_brand":[2798],"product_cat":[2799,2800,2058],"product_tag":[2803,2804,3173,2068,2801],"class_list":{"0":"post-235584","1":"product","2":"type-product","3":"status-publish","4":"has-post-thumbnail","6":"product_brand-logitech","7":"product_cat-altavoces-mp3-y-auriculares","8":"product_cat-auriculares","9":"product_cat-dispositivos","10":"product_tag-altavoces-mp3-y-auriculares","11":"product_tag-auriculares","12":"product_tag-auriculares-logitech-g935-gaming-7-1-wireless","13":"product_tag-dispositivos","14":"product_tag-logitech","15":"product_shipping_class-2088","16":"pa_canon-digital-incluida-0-e-incluidos","18":"first","19":"instock","20":"taxable","21":"shipping-taxable","22":"purchasable","23":"product-type-simple"},"_links":{"self":[{"href":"https:\/\/linkxa.es\/linkshop\/wp-json\/wp\/v2\/product\/235584","targetHints":{"allow":["GET"]}}],"collection":[{"href":"https:\/\/linkxa.es\/linkshop\/wp-json\/wp\/v2\/product"}],"about":[{"href":"https:\/\/linkxa.es\/linkshop\/wp-json\/wp\/v2\/types\/product"}],"replies":[{"embeddable":true,"href":"https:\/\/linkxa.es\/linkshop\/wp-json\/wp\/v2\/comments?post=235584"}],"wp:featuredmedia":[{"embeddable":true,"href":"https:\/\/linkxa.es\/linkshop\/wp-json\/wp\/v2\/media\/235585"}],"wp:attachment":[{"href":"https:\/\/linkxa.es\/linkshop\/wp-json\/wp\/v2\/media?parent=235584"}],"wp:term":[{"taxonomy":"product_brand","embeddable":true,"href":"https:\/\/linkxa.es\/linkshop\/wp-json\/wp\/v2\/product_brand?post=235584"},{"taxonomy":"product_cat","embeddable":true,"href":"https:\/\/linkxa.es\/linkshop\/wp-json\/wp\/v2\/product_cat?post=235584"},{"taxonomy":"product_tag","embeddable":true,"href":"https:\/\/linkxa.es\/linkshop\/wp-json\/wp\/v2\/product_tag?post=235584"}],"curies":[{"name":"wp","href":"https:\/\/api.w.org\/{rel}","templated":true}]}}