{"id":235586,"date":"2025-07-04T14:27:40","date_gmt":"2025-07-04T14:27:40","guid":{"rendered":"https:\/\/linkxa.es\/contratacion\/producto\/microfono-gaming-genesis-radium-200-condensador\/"},"modified":"2025-08-02T12:01:32","modified_gmt":"2025-08-02T12:01:32","slug":"microfono-gaming-genesis-radium-200-condensador","status":"publish","type":"product","link":"https:\/\/linkxa.es\/linkshop\/producto\/microfono-gaming-genesis-radium-200-condensador\/","title":{"rendered":"Microfono gaming genesis radium 200 condensador"},"content":{"rendered":"<h3 style=\"text-align: center;\"><strong>Genesis\u00a0 |\u00a0 Micr\u00f3fonos<\/strong><\/h3>\n<p>\u00a0<\/p>\n<p>\u00ab`<br \/>-TIPO Y COMPATIBILIDAD\u00a0<br \/>Tipo de micr\u00f3fono: Condensador\u00a0<br \/>Caracter\u00edsticas del micr\u00f3fono: Cardioide\u00a0<br \/>Uso recomendado: Ordenador\u00a0<br \/>Plataformas compatibles: Mac, PC\u00a0<br \/>Comunicaci\u00f3n: Conexi\u00f3n por cable\u00a0<\/p>\n<p>-DISE\u00d1O Y FUNCIONES\u00a0<br \/>\u00c1ngulo de inclinaci\u00f3n ajustable: S\u00ed\u00a0<br \/>Tecla de silencio de micr\u00f3fono: S\u00ed\u00a0<br \/>Funciones adicionales:\u00a0<br \/>&#8211; Ajuste de la sensibilidad\u00a0<br \/>&#8211; Posibilidad de conectar auriculares\u00a0<br \/>&#8211; Silenciar el micr\u00f3fono\u00a0<\/p>\n<p>-ESPECIFICACIONES DE AUDIO\u00a0<br \/>Relaci\u00f3n se\u00f1al\/ruido: 60 dB\u00a0<br \/>Sensibilidad del micr\u00f3fono: -30 dB\u00a0<br \/>Respuesta de frecuencia: 100 &#8211; 16000 Hz\u00a0<br \/>Frecuencia de muestreo m\u00e1xima: 44,1 kHz\u00a0<br \/>Impedancia: 2200 Ohm\u00a0<\/p>\n<p>-CONECTIVIDAD\u00a0<br \/>Interfaz: USB Tipo A\u00a0<br \/>Versi\u00f3n USB: 2.0\u00a0<br \/>Longitud del cable: 150 cm\u00a0<\/p>\n<p>-RETROILUMINACI\u00d3N\u00a0<br \/>Incluida: S\u00ed\u00a0<br \/>Color de iluminaci\u00f3n: Rojo\u00a0<\/p>\n<p>-DIMENSIONES Y PESO\u00a0<br \/>Longitud: 110 mm\u00a0<br \/>Anchura: 100 mm\u00a0<br \/>Altura: 230 mm\u00a0<br \/>Peso: 223 g\u00a0<\/p>\n<p>-ACCESORIOS INCLUIDOS\u00a0<br \/>Esponja para micr\u00f3fono\u00a0<br \/>\u00ab`\u00a0<\/p>\n<p>Este **micr\u00f3fono de condensador cardioide** es ideal para **streaming, grabaciones y videollamadas**, gracias a su **captaci\u00f3n de sonido direccional** que reduce el ruido ambiental. Su **retroiluminaci\u00f3n roja** a\u00f1ade un toque de estilo, mientras que su **bot\u00f3n de silencio y ajuste de sensibilidad** ofrecen un control total sobre el audio.\u00a0<\/p>\n<p>Compatible con **Mac y PC**, se conecta f\u00e1cilmente mediante **USB 2.0 Plug &#038; Play** sin necesidad de software adicional. Su **\u00e1ngulo de inclinaci\u00f3n ajustable** permite una configuraci\u00f3n c\u00f3moda, y su **conexi\u00f3n para auriculares** facilita el monitoreo del sonido en tiempo real.\u00a0<\/p>\n<p>Si buscas un **micr\u00f3fono funcional, vers\u00e1til y con dise\u00f1o gaming**, este modelo es una excelente opci\u00f3n.<\/p>\n<p>\u00a0<\/p>\n","protected":false},"excerpt":{"rendered":"<p>Microfono gaming genesis radium 200 condensador cardioide usb<\/p>\n","protected":false},"featured_media":235587,"comment_status":"closed","ping_status":"open","template":"","meta":{"_et_pb_use_builder":"","_et_pb_old_content":"","_et_gb_content_width":""},"product_brand":[2946],"product_cat":[2799,2058,2831],"product_tag":[2803,2068,2947,3174,2833],"class_list":{"0":"post-235586","1":"product","2":"type-product","3":"status-publish","4":"has-post-thumbnail","6":"product_brand-genesis","7":"product_cat-altavoces-mp3-y-auriculares","8":"product_cat-dispositivos","9":"product_cat-microfonos","10":"product_tag-altavoces-mp3-y-auriculares","11":"product_tag-dispositivos","12":"product_tag-genesis","13":"product_tag-microfono-gaming-genesis-radium-200-condensador","14":"product_tag-microfonos","15":"product_shipping_class-2059","16":"pa_canon-digital-incluida-0-e-incluidos","18":"first","19":"instock","20":"taxable","21":"shipping-taxable","22":"purchasable","23":"product-type-simple"},"_links":{"self":[{"href":"https:\/\/linkxa.es\/linkshop\/wp-json\/wp\/v2\/product\/235586","targetHints":{"allow":["GET"]}}],"collection":[{"href":"https:\/\/linkxa.es\/linkshop\/wp-json\/wp\/v2\/product"}],"about":[{"href":"https:\/\/linkxa.es\/linkshop\/wp-json\/wp\/v2\/types\/product"}],"replies":[{"embeddable":true,"href":"https:\/\/linkxa.es\/linkshop\/wp-json\/wp\/v2\/comments?post=235586"}],"wp:featuredmedia":[{"embeddable":true,"href":"https:\/\/linkxa.es\/linkshop\/wp-json\/wp\/v2\/media\/235587"}],"wp:attachment":[{"href":"https:\/\/linkxa.es\/linkshop\/wp-json\/wp\/v2\/media?parent=235586"}],"wp:term":[{"taxonomy":"product_brand","embeddable":true,"href":"https:\/\/linkxa.es\/linkshop\/wp-json\/wp\/v2\/product_brand?post=235586"},{"taxonomy":"product_cat","embeddable":true,"href":"https:\/\/linkxa.es\/linkshop\/wp-json\/wp\/v2\/product_cat?post=235586"},{"taxonomy":"product_tag","embeddable":true,"href":"https:\/\/linkxa.es\/linkshop\/wp-json\/wp\/v2\/product_tag?post=235586"}],"curies":[{"name":"wp","href":"https:\/\/api.w.org\/{rel}","templated":true}]}}