{"id":235598,"date":"2025-06-05T21:32:11","date_gmt":"2025-06-05T21:32:11","guid":{"rendered":"https:\/\/linkxa.es\/contratacion\/producto\/auriculares-inalambricos-mars-gaming-mhiultraw-bluetooth\/"},"modified":"2025-08-02T12:02:17","modified_gmt":"2025-08-02T12:02:17","slug":"auriculares-inalambricos-mars-gaming-mhiultraw-bluetooth","status":"publish","type":"product","link":"https:\/\/linkxa.es\/linkshop\/producto\/auriculares-inalambricos-mars-gaming-mhiultraw-bluetooth\/","title":{"rendered":"Auriculares inalambricos mars gaming mhiultraw bluetooth"},"content":{"rendered":"<h3 style=\"text-align: center;\"><strong>Mars gaming\u00a0 |\u00a0 Auriculares<\/strong><\/h3>\n<p>\u00a0<\/p>\n<p>Especificaciones MARS GAMING Auricular Wireless MHIULTRA White<br \/>Auriculares inal\u00e1mbricos premium TWS MHI-ULTRA<br \/>La m\u00e1s alta tecnolog\u00eda y el dise\u00f1o m\u00e1s espectacular en auriculares inal\u00e1mbricos<br \/>TWS: Chipset Bluetooth 5.3, triple cancelaci\u00f3n de ruido ANC+ENC+PASIVA, drivers de<br \/>sonido NEOGRAPHENE, 24 horas de bater\u00eda, base de carga inal\u00e1mbrica, iluminaci\u00f3n<br \/>RGB FLOW, latencia ultra baja, controles t\u00e1ctiles, resistencia a agua IPX4 y APP de<br \/>control IOS &#038; Android.<\/p>\n<p>Bluetooth 5.3<br \/>Incorporamos el chip m\u00e1s avanzado Bluetooth 5.3 para una m\u00e1xima estabilidad de la<br \/>conexi\u00f3n inal\u00e1mbrica ante cualquier circunstancia, una latencia ultra baja sin<br \/>problemas de sincronizaci\u00f3n en juegos, calidad de sonido extrema de alta fidelidad<br \/>con codecs avanzados y m\u00e1xima optimizaci\u00f3n del consumo energ\u00e9tico de hasta 24<br \/>horas. Adem\u00e1s, su conexi\u00f3n es ultra sencilla y autom\u00e1tica una vez emparejado.<\/p>\n<p>Triple cancelaci\u00f3n de ruido ANC+ENC+PASIVA<br \/>A\u00edslate de forma efectiva de ruidos externos sin perder calidad de sonido gracias a<br \/>la avanzada tecnolog\u00eda digital de cancelaci\u00f3n activa de ruido ANC y a sus<br \/>almohadillas de silicona de grado m\u00e9dico con 3 tama\u00f1os seleccionables. Adem\u00e1s,<br \/>transmite tu voz de forma clara y n\u00edtida gracias a la cancelaci\u00f3n digital activa de<br \/>ruido ENC.<\/p>\n<p>Sonido alta definici\u00f3n neographene<br \/>Fabricados con el material m\u00e1s avanzado en drivers de sonido, el neographene.<br \/>Consigue un rango de sonido absoluto con una calidad espectacular y una inmersi\u00f3n<br \/>impactante gracias a unos medios claros, as\u00ed como agudos cristalinos para un<br \/>posicionamiento y nitidez sonora excepcional mientras disfrutas de una excelente<br \/>profundidad de graves sin distorsi\u00f3n arm\u00f3nica, para una inmersi\u00f3n y realismo con<br \/>espacialidad optimizada que te har\u00e1 sumergirte de lleno en el universo sonoro que<br \/>elijas.<\/p>\n<p>Hasta 24 horas de bateria<br \/>Gracias a la tecnolog\u00eda BT 5.3 de ultra bajo consumo y las bater\u00edas de alta capacidad<br \/>de los auriculares y la base de carga, podr\u00e1s disfrutar de hasta 24 horas de uso<br \/>conjunto<\/p>\n<p>Estuche de carga wireless + USB-C<br \/>Protege, transporta y recarga tus auriculares en un estuche ultra-compacto con<br \/>capacidad de carga wireless, para que te olvides de los cables, adem\u00e1s de un<br \/>conector USB-C adicional<\/p>\n<p>Micr\u00f3fono de c\u00e1psula direccional con ENC<br \/>Utiliza el micr\u00f3fono de c\u00e1psula direccional integrado situado apuntando a tu boca<br \/>para una captaci\u00f3n id\u00f3nea de tu voz en llamadas o streamings, sin ruidos gracias a<br \/>la tecnolog\u00eda ENC.<\/p>\n<p>APP de control ios y android<br \/>Controla totalmente los MHI-ULTRA con su APP en IOS y Android: modos<br \/>transparencia\/cancelaci\u00f3n ruido\/normal, nivel de carga, volumen, ecualizaciones,<br \/>localizaci\u00f3n&#8230; Todo el control c\u00f3modamente desde tu smartphone.<\/p>\n<p>Controles t\u00e1ctiles<br \/>Con unos controles t\u00e1ctiles de alta sensibilidad, controla f\u00e1cilmente el modo de uso,<br \/>el asistente de voz, funciones multimedia de control de la m\u00fasica y el sonido y<br \/>descolgar\/colgar llamadas.<\/p>\n<p>Resistencia al agua IPX4<br \/>Fabricados con materiales de alta calidad tendr\u00e1s resistencia IPX4, lo que te<br \/>permitir\u00e1 usarlos para uso deportivo sin ning\u00fan problema.<\/p>\n<p>Marca Mars Gaming<br \/>Modelo MHIULTRAW<br \/>Caracter\u00edsticas &#8211; Iluminaci\u00f3n: RGB Flow<br \/>&#8211; Extras: Carga inal\u00e1mbrica \/ Cancelaci\u00f3n de ruido activa (ANC) \/ Micr\u00f3fono con<br \/>cancelaci\u00f3n de ruido ambiente (ENC)<br \/>&#8211; Compatibilidad: Dispositivos Bluetooth<br \/>&#8211; Conector: USB-C (Alimentaci\u00f3n)<br \/>&#8211; Dimensiones (driver): 10mm<br \/>&#8211; Rango de frecuencia (driver): 10Hz-21KHz<br \/>&#8211; Impedancia (driver): 32<br \/>&#8211; Capacidad bater\u00eda: 40mAh x2 (auricular) \/ 350mAh (estuche)<br \/>&#8211; Tiempo de funcionamiento: 7-8 horas (auricular) \/ 16 horas (estuche)<br \/>&#8211; Versi\u00f3n Bluetooth: 5.3<br \/>&#8211; Perfiles Bluetooth: HFP, HSP, AVRCP, A2DP<br \/>&#8211; Distancia conexi\u00f3n bluetooth: 10m<br \/>&#8211; Dimensiones: 40 x 30 x 24mm (auriculares) 53 x 31 x 65mm (estuche)<br \/>&#8211; Peso: 5g x 2 (auriculares) 50g (estuche)<br \/>Contiene<br \/>&#8211; Auriculares<br \/>&#8211; Estuche de carga<br \/>&#8211; Cable USB-A\/USB-C<br \/>&#8211; Almohadillas S-M<br \/>&#8211; Manual de usuario<\/p>\n<p>\u00a0<\/p>\n","protected":false},"excerpt":{"rendered":"<p>Auriculares inalambricos mars gaming mhiultraw bluetooth 5.3 rgb<\/p>\n","protected":false},"featured_media":235599,"comment_status":"closed","ping_status":"open","template":"","meta":{"_et_pb_use_builder":"","_et_pb_old_content":"","_et_gb_content_width":""},"product_brand":[2929],"product_cat":[2799,2800,2058],"product_tag":[2803,2804,3176,2068,2930],"class_list":{"0":"post-235598","1":"product","2":"type-product","3":"status-publish","4":"has-post-thumbnail","6":"product_brand-mars-gaming","7":"product_cat-altavoces-mp3-y-auriculares","8":"product_cat-auriculares","9":"product_cat-dispositivos","10":"product_tag-altavoces-mp3-y-auriculares","11":"product_tag-auriculares","12":"product_tag-auriculares-inalambricos-mars-gaming-mhiultraw-bluetooth","13":"product_tag-dispositivos","14":"product_tag-mars-gaming","15":"product_shipping_class-2059","16":"pa_canon-digital-incluida-0-e-incluidos","18":"first","19":"instock","20":"taxable","21":"shipping-taxable","22":"purchasable","23":"product-type-simple"},"_links":{"self":[{"href":"https:\/\/linkxa.es\/linkshop\/wp-json\/wp\/v2\/product\/235598","targetHints":{"allow":["GET"]}}],"collection":[{"href":"https:\/\/linkxa.es\/linkshop\/wp-json\/wp\/v2\/product"}],"about":[{"href":"https:\/\/linkxa.es\/linkshop\/wp-json\/wp\/v2\/types\/product"}],"replies":[{"embeddable":true,"href":"https:\/\/linkxa.es\/linkshop\/wp-json\/wp\/v2\/comments?post=235598"}],"wp:featuredmedia":[{"embeddable":true,"href":"https:\/\/linkxa.es\/linkshop\/wp-json\/wp\/v2\/media\/235599"}],"wp:attachment":[{"href":"https:\/\/linkxa.es\/linkshop\/wp-json\/wp\/v2\/media?parent=235598"}],"wp:term":[{"taxonomy":"product_brand","embeddable":true,"href":"https:\/\/linkxa.es\/linkshop\/wp-json\/wp\/v2\/product_brand?post=235598"},{"taxonomy":"product_cat","embeddable":true,"href":"https:\/\/linkxa.es\/linkshop\/wp-json\/wp\/v2\/product_cat?post=235598"},{"taxonomy":"product_tag","embeddable":true,"href":"https:\/\/linkxa.es\/linkshop\/wp-json\/wp\/v2\/product_tag?post=235598"}],"curies":[{"name":"wp","href":"https:\/\/api.w.org\/{rel}","templated":true}]}}