{"id":235603,"date":"2024-12-30T21:19:21","date_gmt":"2024-12-30T21:19:21","guid":{"rendered":"https:\/\/linkxa.es\/contratacion\/producto\/microfono-rode-wireless-go-ii-dual\/"},"modified":"2025-08-02T12:03:16","modified_gmt":"2025-08-02T12:03:16","slug":"microfono-rode-wireless-go-ii-dual","status":"publish","type":"product","link":"https:\/\/linkxa.es\/linkshop\/producto\/microfono-rode-wireless-go-ii-dual\/","title":{"rendered":"Microfono rode wireless go ii dual"},"content":{"rendered":"<h3 style=\"text-align: center;\"><strong>Rode\u00a0 |\u00a0 Micr\u00f3fonos<\/strong><\/h3>\n<p>\u00a0<\/p>\n<p>Versatilidad inigualable<\/p>\n<p>El Wireless GO II lleva la versatilidad inal\u00e1mbrica a nuevas alturas. Con una salida anal\u00f3gica TRS de 3.5 mm para su conexi\u00f3n a c\u00e1maras, adem\u00e1s de una salida de audio digital por USB-C para su conexi\u00f3n a<br \/>smartphones, tabletas y computadoras, es perfecto para la creaci\u00f3n de contenidos, realizaci\u00f3n de pel\u00edculas, presentaciones ante la c\u00e1mara o en el escenario, realizaci\u00f3n de vlogs, producci\u00f3n de videos para<br \/>YouTube, transmisi\u00f3n en vivo y mucho m\u00e1s.<\/p>\n<p>La grabaci\u00f3n integrada significa que nunca m\u00e1s tendr\u00e1s que preocuparte por las p\u00e9rdidas o los problemas de audio, mientras que el control de ganancia flexible te permite adaptar con precisi\u00f3n la salida a tu<br \/>dispositivo. El Wireless GO II tambi\u00e9n ofrece la opci\u00f3n de grabar cada canal por separado o combinar los dos, lo que garantiza la m\u00e1xima flexibilidad en la posproducci\u00f3n.<\/p>\n<p>Audio inal\u00e1mbrico ultracompacto<\/p>\n<p>El Wireless GO II brinda el mismo factor de forma de bolsillo que el Wireless GO original. Los transmisores y el receptor pesan menos de 32 g, por lo que apenas ocupan espacio dentro de una bolsa, mochila,<br \/>bolso o maleta para un kit de c\u00e1mara. Tambi\u00e9n incluye un pr\u00e1ctico estuche de viaje para mantener todo ordenado y seguro. El dise\u00f1o \u00fanico del clip del Wireless GO II hace que sea f\u00e1cil montarlo en la ropa o una<br \/>zapata fr\u00eda para c\u00e1mara, plataforma para c\u00e1mara m\u00f3vil, brazo tipo m\u00e1stil, o cualquier accesorio de zapata fr\u00eda. Audio inal\u00e1mbrico ultracompacto para cualquier situaci\u00f3n de grabaci\u00f3n.<\/p>\n<p>Sonido profesional. Conectividad impecable.<\/p>\n<p>El Wireless GO II ha sido dise\u00f1ado para ofrecer un sonido de calidad profesional y, al mismo tiempo, ser incre\u00edblemente f\u00e1cil de usar. Los transmisores y el receptor se emparejan autom\u00e1ticamente, lo que<br \/>garantiza un proceso de configuraci\u00f3n perfecto en todo momento. La transmisi\u00f3n digital de 2.4 GHz de la serie IV de RDE con encriptaci\u00f3n de 128 bits ofrece un alcance de hasta 200 m (campo visual) y est\u00e1<br \/>optimizada para una operaci\u00f3n de suma estabilidad en zonas con alto nivel de actividad de radiofrecuencias, como entornos urbanos densos, centros comerciales, universidades, centros de convenciones y<br \/>oficinas.<\/p>\n<p>Cada transmisor cuenta con una c\u00e1psula de condensador omnidireccional de alta calidad incorporada para una grabaci\u00f3n completamente inal\u00e1mbrica, adem\u00e1s de una entrada TRS de 3.5 mm para conectar un<br \/>micr\u00f3fono de solapa. El Wireless GO II tambi\u00e9n incluye un paravientos con pelaje con cierre de rosca para grabar en condiciones de viento o clima adverso. Sonido n\u00edtido y profesional en cualquier situaci\u00f3n.<\/p>\n<p>RDE Central<\/p>\n<p>RDE Central es una aplicaci\u00f3n complementaria muy f\u00e1cil de usar en ordenadores de escritorio y dispositivos m\u00f3viles para el Wireless GO II que te permite configurar los ajustes del dispositivo en cualquier<br \/>lugar, desbloquear caracter\u00edsticas avanzadas, optimizar y exportar grabaciones (solo en la versi\u00f3n de escritorio), acceder a la informaci\u00f3n del dispositivo y actualizar al firmware m\u00e1s reciente. Desc\u00e1rgala<br \/>gratuitamente para liberar todo el potencial de tu Wireless GO II.<\/p>\n<p>RDE Connect<\/p>\n<p>RDE Connect es una soluci\u00f3n de software gratuita para producci\u00f3n de podcasts y transmisi\u00f3n en streaming que ahora es compatible con el Wireless GO II. RODE Connect facilita la grabaci\u00f3n o la transmisi\u00f3n<br \/>en streaming de audio con calidad profesional desde tu ordenador.<\/p>\n<p>RDE Connect permite conectar hasta cuatro invitados f\u00edsicos, con dos Wireless GO II, a un solo ordenador. Cuenta con una interfaz intuitiva y f\u00e1cil de usar inspirada en el RDECaster Pro.<\/p>\n<p>Gu\u00eda del usuario del Wireless GO II<\/p>\n<p>La Gu\u00eda del usuario del Wireless GO II explica todo lo que necesitas saber respecto al uso de Wireless GO II y c\u00f3mo capturar un sonido incre\u00edble. Esta gu\u00eda completa abarca todo lo necesario para empezar y<br \/>aprender a usar tu dispositivo mediante la configuraci\u00f3n y desbloqueo de caracter\u00edsticas avanzadas con la aplicaci\u00f3n complementaria RDE Central.<\/p>\n<p>General<br \/>Marca: RODE<br \/>Garant\u00eda: 36<br \/>Part Number: WIGO-II<br \/>Categor\u00edas: SONIDO<br \/>Reacondicionado: No<br \/>Reposici\u00f3n &#8211; Etiqueta: No<br \/>Peso Volumetrico 0.23 Kg.<br \/>Detalles t\u00e9cnicos<br \/>Tipolog\u00eda Imagen Sonido: Micr\u00f3fonos<br \/>Conexi\u00f3n inal\u00e1mbrica: Si<br \/>Control de energ\u00eda<br \/>Alimentaci\u00f3n: Bater\u00eda<br \/>Recargable: Si<br \/>Peso y dimensiones<br \/>Altura: 44 mm<br \/>Ancho: 45 mm<br \/>Peso: 32 g<br \/>Profundidad: 18.35 mm<br \/>Bater\u00eda<br \/>Autonom\u00eda: 7 h<br \/>Tecnolog\u00eda de bater\u00eda: I\u00f3n de litio<br \/>Color<br \/>Color: Negro<br \/>Micr\u00f3fono<br \/>Frecuencia de micr\u00f3fono: 50 &#8211; 20000 Hz<br \/>Sensibilidad de micr\u00f3fono: -20 dB<br \/>Tipo: Cardioide<\/p>\n<p>\u00a0<\/p>\n","protected":false},"excerpt":{"rendered":"<p>Microfono rode wireless go ii dual usb tipo c &#8211; trs &#8211; 50hz &#8211; omnidirectional<\/p>\n","protected":false},"featured_media":235604,"comment_status":"closed","ping_status":"open","template":"","meta":{"_et_pb_use_builder":"","_et_pb_old_content":"","_et_gb_content_width":""},"product_brand":[3042],"product_cat":[2799,2058,2831],"product_tag":[2803,2068,3178,2833,3043],"class_list":{"0":"post-235603","1":"product","2":"type-product","3":"status-publish","4":"has-post-thumbnail","6":"product_brand-rode","7":"product_cat-altavoces-mp3-y-auriculares","8":"product_cat-dispositivos","9":"product_cat-microfonos","10":"product_tag-altavoces-mp3-y-auriculares","11":"product_tag-dispositivos","12":"product_tag-microfono-rode-wireless-go-ii-dual","13":"product_tag-microfonos","14":"product_tag-rode","15":"product_shipping_class-2059","16":"pa_canon-digital-incluida-0-e-incluidos","18":"first","19":"instock","20":"taxable","21":"shipping-taxable","22":"purchasable","23":"product-type-simple"},"_links":{"self":[{"href":"https:\/\/linkxa.es\/linkshop\/wp-json\/wp\/v2\/product\/235603","targetHints":{"allow":["GET"]}}],"collection":[{"href":"https:\/\/linkxa.es\/linkshop\/wp-json\/wp\/v2\/product"}],"about":[{"href":"https:\/\/linkxa.es\/linkshop\/wp-json\/wp\/v2\/types\/product"}],"replies":[{"embeddable":true,"href":"https:\/\/linkxa.es\/linkshop\/wp-json\/wp\/v2\/comments?post=235603"}],"wp:featuredmedia":[{"embeddable":true,"href":"https:\/\/linkxa.es\/linkshop\/wp-json\/wp\/v2\/media\/235604"}],"wp:attachment":[{"href":"https:\/\/linkxa.es\/linkshop\/wp-json\/wp\/v2\/media?parent=235603"}],"wp:term":[{"taxonomy":"product_brand","embeddable":true,"href":"https:\/\/linkxa.es\/linkshop\/wp-json\/wp\/v2\/product_brand?post=235603"},{"taxonomy":"product_cat","embeddable":true,"href":"https:\/\/linkxa.es\/linkshop\/wp-json\/wp\/v2\/product_cat?post=235603"},{"taxonomy":"product_tag","embeddable":true,"href":"https:\/\/linkxa.es\/linkshop\/wp-json\/wp\/v2\/product_tag?post=235603"}],"curies":[{"name":"wp","href":"https:\/\/api.w.org\/{rel}","templated":true}]}}