{"id":235608,"date":"2025-03-30T10:50:54","date_gmt":"2025-03-30T10:50:54","guid":{"rendered":"https:\/\/linkxa.es\/contratacion\/producto\/barra-sonido-bluetooth-krom-k-pop-rgb\/"},"modified":"2025-08-02T12:03:40","modified_gmt":"2025-08-02T12:03:40","slug":"barra-sonido-bluetooth-krom-k-pop-rgb","status":"publish","type":"product","link":"https:\/\/linkxa.es\/linkshop\/producto\/barra-sonido-bluetooth-krom-k-pop-rgb\/","title":{"rendered":"Barra sonido bluetooth krom k &#8211; pop rgb"},"content":{"rendered":"<h3 style=\"text-align: center;\"><strong>Krom\u00a0 |\u00a0 Altavoces<\/strong><\/h3>\n<p>\u00a0<\/p>\n<p>KROM Barra de Sonido K-POP Bluetooth RGB<br \/>Krom K-Pop es la barra de sonido con la que podr\u00e1s montar tu propia sesi\u00f3n mientras juegas, trabajas o estudias.<\/p>\n<p>No tendr\u00e1s nada que envidiar a los mejores DJs con su sonido est\u00e9reo de gran calidad y su conexi\u00f3n bluetooth de f\u00e1cil emparejamiento.<\/p>\n<p>Adem\u00e1s, con sus impresionantes efectos de iluminaci\u00f3n LED podr\u00e1s conseguir el toque de color perfecto para tu setup.<br \/>Marca Krom<br \/>Modelo NXKROMKPOP<br \/>Caracter\u00edsticas &#8211; Conector de encendido: USB<br \/>&#8211; RMS: 3W x 2 altavoces<br \/>&#8211; Frecuencia: 65Hz-12Khz<br \/>&#8211; SNR: 75db<br \/>&#8211; Conexiones: 3.5mm jack, Bluetooth y TF Card<br \/>&#8211; Longitud Cable: 1.2m<br \/>&#8211; Dimensiones: 280 x 59 x 60 mm<br \/>&#8211; Peso: 420 10 g<\/p>\n<p>\u00a0<\/p>\n","protected":false},"excerpt":{"rendered":"<p>Barra de sonido bluetooth krom k &#8211; pop rgb<\/p>\n","protected":false},"featured_media":235609,"comment_status":"closed","ping_status":"open","template":"","meta":{"_et_pb_use_builder":"","_et_pb_old_content":"","_et_gb_content_width":""},"product_brand":[2939],"product_cat":[2822,2799,2058],"product_tag":[2824,2803,3179,2068,2940],"class_list":{"0":"post-235608","1":"product","2":"type-product","3":"status-publish","4":"has-post-thumbnail","6":"product_brand-krom","7":"product_cat-altavoces","8":"product_cat-altavoces-mp3-y-auriculares","9":"product_cat-dispositivos","10":"product_tag-altavoces","11":"product_tag-altavoces-mp3-y-auriculares","12":"product_tag-barra-sonido-bluetooth-krom-k-pop-rgb","13":"product_tag-dispositivos","14":"product_tag-krom","15":"product_shipping_class-2059","16":"pa_canon-digital-incluida-0-e-incluidos","18":"first","19":"instock","20":"taxable","21":"shipping-taxable","22":"purchasable","23":"product-type-simple"},"_links":{"self":[{"href":"https:\/\/linkxa.es\/linkshop\/wp-json\/wp\/v2\/product\/235608","targetHints":{"allow":["GET"]}}],"collection":[{"href":"https:\/\/linkxa.es\/linkshop\/wp-json\/wp\/v2\/product"}],"about":[{"href":"https:\/\/linkxa.es\/linkshop\/wp-json\/wp\/v2\/types\/product"}],"replies":[{"embeddable":true,"href":"https:\/\/linkxa.es\/linkshop\/wp-json\/wp\/v2\/comments?post=235608"}],"wp:featuredmedia":[{"embeddable":true,"href":"https:\/\/linkxa.es\/linkshop\/wp-json\/wp\/v2\/media\/235609"}],"wp:attachment":[{"href":"https:\/\/linkxa.es\/linkshop\/wp-json\/wp\/v2\/media?parent=235608"}],"wp:term":[{"taxonomy":"product_brand","embeddable":true,"href":"https:\/\/linkxa.es\/linkshop\/wp-json\/wp\/v2\/product_brand?post=235608"},{"taxonomy":"product_cat","embeddable":true,"href":"https:\/\/linkxa.es\/linkshop\/wp-json\/wp\/v2\/product_cat?post=235608"},{"taxonomy":"product_tag","embeddable":true,"href":"https:\/\/linkxa.es\/linkshop\/wp-json\/wp\/v2\/product_tag?post=235608"}],"curies":[{"name":"wp","href":"https:\/\/api.w.org\/{rel}","templated":true}]}}