{"id":235617,"date":"2025-01-17T13:43:46","date_gmt":"2025-01-17T13:43:46","guid":{"rendered":"https:\/\/linkxa.es\/contratacion\/producto\/altavoz-hama-twin-3-0-blanco\/"},"modified":"2025-08-02T12:04:33","modified_gmt":"2025-08-02T12:04:33","slug":"altavoz-hama-twin-3-0-blanco","status":"publish","type":"product","link":"https:\/\/linkxa.es\/linkshop\/producto\/altavoz-hama-twin-3-0-blanco\/","title":{"rendered":"Altavoz hama twin 3.0 blanco"},"content":{"rendered":"<h3 style=\"text-align: center;\"><strong>Hama\u00a0 |\u00a0 Altavoces<\/strong><\/h3>\n<p>\u00a0<\/p>\n<p>Port\u00e1til y est\u00e9reo: con el altavoz \u00abTwin 3.0\u00bb, podr\u00e1s relajarte con la mejor calidad de sonido donde tu quieras. El altavoz resistente al agua se puede dividir: de 1 a 2 = \u00a1para un sonido est\u00e9reo excepcional!<br \/>Aspectos T\u00e9cnicos<br \/>Dise\u00f1o (Color,patron,Motivos, Series) Color Blanco<br \/>Tono del Color Blanco<br \/>Conectividad (Conexi\u00f3n) Conexi\u00f3n Conector USB-C<br \/>Conexi\u00f3n Bluetooth<br \/>M\u00e1x. Rango 10 m<br \/>Propiedades Electroespecificas Capacidad 4000 mAh<br \/>Versi\u00f3n de Bluetooth 5.0<br \/>Voltaje 3.7 V<br \/>Propiedades fisicas Distorsi\u00f3n m\u00e1xima 1 %<br \/>Funciones Adicionales Altavoz, Inal\u00e1mbrico<br \/>Potencia m\u00e1xima de m\u00fasica 30 W<br \/>Protecci\u00f3n IP67 (protection against dust ingress and temporary immersion)<br \/>Sistema de Audio Est\u00e9reo<br \/>Medida&#038;amp,Peso Altura 21 cm<br \/>Ancho 8,4 cm<br \/>Peso 865 g<br \/>Profundidad 8,4 cm<br \/>Energia Duraci\u00f3n M\u00e1xima de la Bater\u00eda 10 h<br \/>Energ\u00eda 5.55 Wh<br \/>Fuente de Alimentaci\u00f3n Bater\u00eda Li-Ion integrada<br \/>Tiempo de Carga en Horas 3 h<br \/>Tipo de Bater\u00eda Bater\u00eda de iones de litio<br \/>Campo de Aplicaci\u00f3n Uso Recomendado Mobile Music<\/p>\n<p>M\u00e1s detalles del producto<\/p>\n<p>Conecta 2 altavoces en est\u00e9reo con el True Wireless: disfruta de la m\u00fasica en cualquier lugar y en cualquier momento vincul\u00e1ndolo a tu m\u00f3vil, tablet o port\u00e1til.<br \/>Conecta los 2 altavoces a trav\u00e9s de Bluetooth True Wireless Stereo (TWS) y disfruta a\u00fan m\u00e1s de pel\u00edculas, series y juegos<br \/>Usa los altavoces en cualquier lugar de la casa: desde la cocina y el dormitorio hasta el ba\u00f1o, la azotea o el garaje, sin cables colgantes.<br \/>Altavoz interior y exterior: gracias a la clase de protecci\u00f3n IP67, los altavoces impermeables son a prueba de polvo y sumergibles (m\u00e1x. 30 min y 1 m de profundidad )<br \/>Funcionamiento f\u00e1cil y c\u00f3modo: elementos de control de alta calidad para controlar r\u00e1pidamente la pista siguiente\/anterior, Reproducir y Pausa<br \/>Gran sonido en un formato compacto: el conjunto de altavoces Bluetooth cabe en un malet\u00edn y es f\u00e1cil de transportar, ideal tambi\u00e9n para utilizarlo como altavoces de exterior en el jard\u00edn para un picnic, etc.<br \/>Micr\u00f3fono integrado para m\u00e1xima flexibilidad, p. como altavoz de escritorio para PC y largas reuniones en l\u00ednea y videollamadas<br \/>Uso universal gracias a Bluetooth 5.0: simplemente conecte el altavoz a un dispositivo compatible, desde computadoras port\u00e1tiles y televisores hasta tel\u00e9fonos inteligentes<br \/>Carga a trav\u00e9s de USB-C: el cable para carga r\u00e1pida est\u00e1 incluido<br \/>Asa colgante ultraflexible como funda para almacenamiento e ideal como asa de altavoz<\/p>\n<p>\u00a0<\/p>\n","protected":false},"excerpt":{"rendered":"<p>Altavoz hama twin 3.0 blanco<\/p>\n","protected":false},"featured_media":235618,"comment_status":"closed","ping_status":"open","template":"","meta":{"_et_pb_use_builder":"","_et_pb_old_content":"","_et_gb_content_width":""},"product_brand":[2407],"product_cat":[2822,2799,2058],"product_tag":[2824,2803,3181,2068,2408],"class_list":{"0":"post-235617","1":"product","2":"type-product","3":"status-publish","4":"has-post-thumbnail","6":"product_brand-hama","7":"product_cat-altavoces","8":"product_cat-altavoces-mp3-y-auriculares","9":"product_cat-dispositivos","10":"product_tag-altavoces","11":"product_tag-altavoces-mp3-y-auriculares","12":"product_tag-altavoz-hama-twin-3-0-blanco","13":"product_tag-dispositivos","14":"product_tag-hama","15":"product_shipping_class-2088","16":"pa_canon-digital-incluida-0-e-incluidos","18":"first","19":"instock","20":"taxable","21":"shipping-taxable","22":"purchasable","23":"product-type-simple"},"_links":{"self":[{"href":"https:\/\/linkxa.es\/linkshop\/wp-json\/wp\/v2\/product\/235617","targetHints":{"allow":["GET"]}}],"collection":[{"href":"https:\/\/linkxa.es\/linkshop\/wp-json\/wp\/v2\/product"}],"about":[{"href":"https:\/\/linkxa.es\/linkshop\/wp-json\/wp\/v2\/types\/product"}],"replies":[{"embeddable":true,"href":"https:\/\/linkxa.es\/linkshop\/wp-json\/wp\/v2\/comments?post=235617"}],"wp:featuredmedia":[{"embeddable":true,"href":"https:\/\/linkxa.es\/linkshop\/wp-json\/wp\/v2\/media\/235618"}],"wp:attachment":[{"href":"https:\/\/linkxa.es\/linkshop\/wp-json\/wp\/v2\/media?parent=235617"}],"wp:term":[{"taxonomy":"product_brand","embeddable":true,"href":"https:\/\/linkxa.es\/linkshop\/wp-json\/wp\/v2\/product_brand?post=235617"},{"taxonomy":"product_cat","embeddable":true,"href":"https:\/\/linkxa.es\/linkshop\/wp-json\/wp\/v2\/product_cat?post=235617"},{"taxonomy":"product_tag","embeddable":true,"href":"https:\/\/linkxa.es\/linkshop\/wp-json\/wp\/v2\/product_tag?post=235617"}],"curies":[{"name":"wp","href":"https:\/\/api.w.org\/{rel}","templated":true}]}}