{"id":235631,"date":"2025-01-27T16:54:26","date_gmt":"2025-01-27T16:54:26","guid":{"rendered":"https:\/\/linkxa.es\/contratacion\/producto\/auriculares-hp-g2-estereo-de-3\/"},"modified":"2025-08-02T12:05:13","modified_gmt":"2025-08-02T12:05:13","slug":"auriculares-hp-g2-estereo-de-3","status":"publish","type":"product","link":"https:\/\/linkxa.es\/linkshop\/producto\/auriculares-hp-g2-estereo-de-3\/","title":{"rendered":"Auriculares hp g2 estereo de 3"},"content":{"rendered":"<h3 style=\"text-align: center;\"><strong>Hp\u00a0 |\u00a0 Auriculares<\/strong><\/h3>\n<p>\u00a0<\/p>\n<p>Descripci\u00f3n del producto HP G2 &#8211; auricular<br \/>Tipo de producto Auricular &#8211; cableado &#8211; conector de 3,5 mm<br \/>Uso recomendado Ordenador<br \/>Color Negro sombra<br \/>Factor de forma de los auriculares En oreja<br \/>Tecnolog\u00eda de conectividad Cableado<br \/>Modo de salida del sonido Est\u00e9reo<br \/>Especificaciones de audio Respuesta de frecuencia 20 &#8211; 20000 Hz &#8211; Sensibilidad 120 dB +\/- 3dB<br \/>Impedancia 64 Ohm<br \/>Tipo de micr\u00f3fono Boom<br \/>Modo de operaci\u00f3n del micr\u00f3fono Unidireccional<br \/>Cancelaci\u00f3n de ruido del micr\u00f3fono S\u00ed<br \/>Controles Volumen, micr\u00f3fono activado\/silenciado, reproducci\u00f3n\/pausa<br \/>Funciona con Chromebook S\u00ed<br \/>Garant\u00eda del fabricante 1 a\u00f1o de garant\u00eda<br \/>Dise\u00f1ado para HP 245 G9, 250 G9, 255 G9, 256 G8, 34, Z1 G9, Elite 600 G9, 800 G9, Mini Conference G9, EliteBook 1040 G9, 640 G9, 645 G9, 650 G9, 655 G9, 830 G9, 840 G9, 860 G9, ENVY Laptop<br \/>13, 16, 17, 17m, Laptop 14, 14s, 15, 15s, 17, Pro 260 G9, ProBook 440 G9, 445 G9, 450 G9, 455 G9<\/p>\n<p>\u00a0<\/p>\n","protected":false},"excerpt":{"rendered":"<p>Auriculares hp g2 estereo de 3 -5 mm<\/p>\n","protected":false},"featured_media":235632,"comment_status":"closed","ping_status":"open","template":"","meta":{"_et_pb_use_builder":"","_et_pb_old_content":"","_et_gb_content_width":""},"product_brand":[2536],"product_cat":[2799,2800,2058],"product_tag":[2803,2804,3182,2068,2537],"class_list":{"0":"post-235631","1":"product","2":"type-product","3":"status-publish","4":"has-post-thumbnail","6":"product_brand-hp","7":"product_cat-altavoces-mp3-y-auriculares","8":"product_cat-auriculares","9":"product_cat-dispositivos","10":"product_tag-altavoces-mp3-y-auriculares","11":"product_tag-auriculares","12":"product_tag-auriculares-hp-g2-estereo-de-3","13":"product_tag-dispositivos","14":"product_tag-hp","15":"product_shipping_class-2059","16":"pa_canon-digital-incluida-0-e-incluidos","18":"first","19":"instock","20":"taxable","21":"shipping-taxable","22":"purchasable","23":"product-type-simple"},"_links":{"self":[{"href":"https:\/\/linkxa.es\/linkshop\/wp-json\/wp\/v2\/product\/235631","targetHints":{"allow":["GET"]}}],"collection":[{"href":"https:\/\/linkxa.es\/linkshop\/wp-json\/wp\/v2\/product"}],"about":[{"href":"https:\/\/linkxa.es\/linkshop\/wp-json\/wp\/v2\/types\/product"}],"replies":[{"embeddable":true,"href":"https:\/\/linkxa.es\/linkshop\/wp-json\/wp\/v2\/comments?post=235631"}],"wp:featuredmedia":[{"embeddable":true,"href":"https:\/\/linkxa.es\/linkshop\/wp-json\/wp\/v2\/media\/235632"}],"wp:attachment":[{"href":"https:\/\/linkxa.es\/linkshop\/wp-json\/wp\/v2\/media?parent=235631"}],"wp:term":[{"taxonomy":"product_brand","embeddable":true,"href":"https:\/\/linkxa.es\/linkshop\/wp-json\/wp\/v2\/product_brand?post=235631"},{"taxonomy":"product_cat","embeddable":true,"href":"https:\/\/linkxa.es\/linkshop\/wp-json\/wp\/v2\/product_cat?post=235631"},{"taxonomy":"product_tag","embeddable":true,"href":"https:\/\/linkxa.es\/linkshop\/wp-json\/wp\/v2\/product_tag?post=235631"}],"curies":[{"name":"wp","href":"https:\/\/api.w.org\/{rel}","templated":true}]}}