{"id":235649,"date":"2025-04-04T09:46:59","date_gmt":"2025-04-04T09:46:59","guid":{"rendered":"https:\/\/linkxa.es\/contratacion\/producto\/auriculares-inalambricos-jbl-tune-520bt-color\/"},"modified":"2025-08-02T12:07:02","modified_gmt":"2025-08-02T12:07:02","slug":"auriculares-inalambricos-jbl-tune-520bt-color","status":"publish","type":"product","link":"https:\/\/linkxa.es\/linkshop\/producto\/auriculares-inalambricos-jbl-tune-520bt-color\/","title":{"rendered":"Auriculares inalambricos jbl tune 520bt color"},"content":{"rendered":"<h3 style=\"text-align: center;\"><strong>Jbl\u00a0 |\u00a0 Auriculares<\/strong><\/h3>\n<p>\u00a0<\/p>\n<p>Auriculares Inal\u00e1mbricos JBL Tune 520BT PureBass On-Ear &#8211; Bluetooth 5.3, 33mm, 450mAh<\/p>\n<p>Sum\u00e9rjase en un sonido superior, disfrute de la libertad de la conectividad inal\u00e1mbrica y experimente la m\u00e1xima comodidad con los auriculares inal\u00e1mbricos JBL Tune 520BT. Con potentes controladores<br \/>de 33 mm, estos auriculares Bluetooth garantizan que cada nota, ritmo y melod\u00eda se reproduzca con precisi\u00f3n y claridad. Con la tecnolog\u00eda Bluetooth 5.3, el JBL Tune 520BT proporciona un<br \/>emparejamiento perfecto con su tel\u00e9fono inteligente o tableta, lo que le permite moverse libremente sin comprometer la calidad del sonido. Al mismo tiempo, estos auriculares inal\u00e1mbricos cuentan con<br \/>una bater\u00eda de larga duraci\u00f3n que brinda hasta 57 horas de tiempo de reproducci\u00f3n, lo que garantiza que su m\u00fasica nunca se detenga.<\/p>\n<p>CARACTERISTICAS<\/p>\n<p>&#8211; Los auriculares supraaurales inal\u00e1mbricos JBL Tune 520BT con sonido PureBass<br \/>&#8211; Botones multifuncionales para gestionar tu m\u00fasica, ajustar el volumen y recibir llamadas<br \/>&#8211; Conecte JBL Tune 520BT con su dispositivo a trav\u00e9s de la conexi\u00f3n Bluetooth 5.3<br \/>&#8211; La bater\u00eda de gran capacidad proporciona hasta 57 horas de reproducci\u00f3n con una sola carga<br \/>&#8211; Dise\u00f1o liviano y ergon\u00f3mico, junto con suaves almohadillas para los o\u00eddos<br \/>&#8211; El dise\u00f1o plegable los hace port\u00e1tiles y f\u00e1ciles de llevar donde quiera que vaya<br \/>&#8211; Activa tu asistente de voz pulsando el bot\u00f3n multifunci\u00f3n<\/p>\n<p>ESPECIFICACIONES<\/p>\n<p>&#8211; Dise\u00f1o: Supraurales, plegable<br \/>&#8211; Conectividad: Bluetooth 5.3<br \/>&#8211; Protocolos Bluetooth: HFP 1.7.2, AVRCP 1.6.2, A2DP 1.3.2<br \/>&#8211; Di\u00e1metro del conductor: 33 mm<br \/>&#8211; Respuesta de frecuencia: 20-20000 Hz<br \/>&#8211; Sensibilidad: 102dB<br \/>&#8211; Impedancia: 30 ohmios<br \/>&#8211; Sensibilidad del micr\u00f3fono: -40 dB<br \/>&#8211; Tipo de bater\u00eda: Li-ion<br \/>&#8211; Tiempo de reproducci\u00f3n de m\u00fasica con Bluetooth activado: hasta 57h<br \/>&#8211; Tiempo de carga: 2 horas<br \/>&#8211; Peso: 157g<\/p>\n<p>El paquete incluye:<br \/>&#8211; 1x Auriculares inal\u00e1mbricos JBL Tune 520BT<br \/>&#8211; 1x Cable de carga USB-C<br \/>&#8211; 1x Manual de usuario<\/p>\n<p>\u00a0<\/p>\n","protected":false},"excerpt":{"rendered":"<p>Auriculares inalambricos jbl tune 520bt color negro<\/p>\n","protected":false},"featured_media":235650,"comment_status":"closed","ping_status":"open","template":"","meta":{"_et_pb_use_builder":"","_et_pb_old_content":"","_et_gb_content_width":""},"product_brand":[2970],"product_cat":[2799,2800,2058],"product_tag":[2803,2804,3185,2068,2971],"class_list":{"0":"post-235649","1":"product","2":"type-product","3":"status-publish","4":"has-post-thumbnail","6":"product_brand-jbl","7":"product_cat-altavoces-mp3-y-auriculares","8":"product_cat-auriculares","9":"product_cat-dispositivos","10":"product_tag-altavoces-mp3-y-auriculares","11":"product_tag-auriculares","12":"product_tag-auriculares-inalambricos-jbl-tune-520bt-color","13":"product_tag-dispositivos","14":"product_tag-jbl","15":"product_shipping_class-2088","16":"pa_canon-digital-incluida-0-e-incluidos","18":"first","19":"instock","20":"taxable","21":"shipping-taxable","22":"purchasable","23":"product-type-simple"},"_links":{"self":[{"href":"https:\/\/linkxa.es\/linkshop\/wp-json\/wp\/v2\/product\/235649","targetHints":{"allow":["GET"]}}],"collection":[{"href":"https:\/\/linkxa.es\/linkshop\/wp-json\/wp\/v2\/product"}],"about":[{"href":"https:\/\/linkxa.es\/linkshop\/wp-json\/wp\/v2\/types\/product"}],"replies":[{"embeddable":true,"href":"https:\/\/linkxa.es\/linkshop\/wp-json\/wp\/v2\/comments?post=235649"}],"wp:featuredmedia":[{"embeddable":true,"href":"https:\/\/linkxa.es\/linkshop\/wp-json\/wp\/v2\/media\/235650"}],"wp:attachment":[{"href":"https:\/\/linkxa.es\/linkshop\/wp-json\/wp\/v2\/media?parent=235649"}],"wp:term":[{"taxonomy":"product_brand","embeddable":true,"href":"https:\/\/linkxa.es\/linkshop\/wp-json\/wp\/v2\/product_brand?post=235649"},{"taxonomy":"product_cat","embeddable":true,"href":"https:\/\/linkxa.es\/linkshop\/wp-json\/wp\/v2\/product_cat?post=235649"},{"taxonomy":"product_tag","embeddable":true,"href":"https:\/\/linkxa.es\/linkshop\/wp-json\/wp\/v2\/product_tag?post=235649"}],"curies":[{"name":"wp","href":"https:\/\/api.w.org\/{rel}","templated":true}]}}