{"id":235660,"date":"2024-12-16T04:39:33","date_gmt":"2024-12-16T04:39:33","guid":{"rendered":"https:\/\/linkxa.es\/contratacion\/producto\/auricular-ewent-ew3562-con-microfono\/"},"modified":"2025-08-02T12:07:48","modified_gmt":"2025-08-02T12:07:48","slug":"auricular-ewent-ew3562-con-microfono","status":"publish","type":"product","link":"https:\/\/linkxa.es\/linkshop\/producto\/auricular-ewent-ew3562-con-microfono\/","title":{"rendered":"Auricular ewent ew3562 con microfono"},"content":{"rendered":"<h3 style=\"text-align: center;\"><strong>Ewent\u00a0 |\u00a0 Auriculares<\/strong><\/h3>\n<p>\u00a0<\/p>\n<p>Perfectos para escuchar m\u00fasica, jugar o llamar a trav\u00e9s de Internet<\/p>\n<p>Auriculares est\u00e9reo para utilizar sobre el o\u00eddo con micr\u00f3fono y control de<br \/>volumen, perfectos para escuchar m\u00fasica, jugar y realizar llamadas a<br \/>trav\u00e9s de Internet<br \/>Cable trenzado de nailon que no se enreda con dos clavijas de 3,5 mm<br \/>C\u00f3modos auriculares con excelente calidad de sonido<\/p>\n<p>Los auriculares est\u00e9reo Ewent EW3562 con micr\u00f3fono son adecuados para<br \/>escuchar m\u00fasica, realizar llamadas de tel\u00e9fono o jugar. Los auriculares<br \/>EW3562 incluyen c\u00f3modas almohadillas para los o\u00eddos, control de volumen<br \/>integrado y un cable que no se enreda.<\/p>\n<p>Almohadillas acolchadas<br \/>Los auriculares incluyen almohadillas acolchadas para proporcionar mayor<br \/>comodidad. La banda de la cabeza se puede ajustar para cada persona.<\/p>\n<p>Micr\u00f3fono: ideal para conversaciones por v\u00eddeo y juegos<br \/>El micr\u00f3fono integrado convierte a los auriculares Ewent EW3562 en un<br \/>dispositivo ideal para llamadas de v\u00eddeo y juegos. Simplemente hay que<br \/>conectarlo al ordenador y ya est\u00e1 listo para utilizar.<\/p>\n<p>Cable trenzado de nailon que no se enreda<br \/>La unidad EW3562 incluye un cable trenzado de nailon que evita enredos.<\/p>\n<p>\u00a0<\/p>\n","protected":false},"excerpt":{"rendered":"<p>Auricular ewent ew3562 con microfono<\/p>\n","protected":false},"featured_media":235661,"comment_status":"closed","ping_status":"open","template":"","meta":{"_et_pb_use_builder":"","_et_pb_old_content":"","_et_gb_content_width":""},"product_brand":[2990],"product_cat":[2799,2800,2058],"product_tag":[2803,3187,2804,2068,2991],"class_list":{"0":"post-235660","1":"product","2":"type-product","3":"status-publish","4":"has-post-thumbnail","6":"product_brand-ewent","7":"product_cat-altavoces-mp3-y-auriculares","8":"product_cat-auriculares","9":"product_cat-dispositivos","10":"product_tag-altavoces-mp3-y-auriculares","11":"product_tag-auricular-ewent-ew3562-con-microfono","12":"product_tag-auriculares","13":"product_tag-dispositivos","14":"product_tag-ewent","15":"product_shipping_class-2088","16":"pa_canon-digital-incluida-0-e-incluidos","18":"first","19":"instock","20":"taxable","21":"shipping-taxable","22":"purchasable","23":"product-type-simple"},"_links":{"self":[{"href":"https:\/\/linkxa.es\/linkshop\/wp-json\/wp\/v2\/product\/235660","targetHints":{"allow":["GET"]}}],"collection":[{"href":"https:\/\/linkxa.es\/linkshop\/wp-json\/wp\/v2\/product"}],"about":[{"href":"https:\/\/linkxa.es\/linkshop\/wp-json\/wp\/v2\/types\/product"}],"replies":[{"embeddable":true,"href":"https:\/\/linkxa.es\/linkshop\/wp-json\/wp\/v2\/comments?post=235660"}],"wp:featuredmedia":[{"embeddable":true,"href":"https:\/\/linkxa.es\/linkshop\/wp-json\/wp\/v2\/media\/235661"}],"wp:attachment":[{"href":"https:\/\/linkxa.es\/linkshop\/wp-json\/wp\/v2\/media?parent=235660"}],"wp:term":[{"taxonomy":"product_brand","embeddable":true,"href":"https:\/\/linkxa.es\/linkshop\/wp-json\/wp\/v2\/product_brand?post=235660"},{"taxonomy":"product_cat","embeddable":true,"href":"https:\/\/linkxa.es\/linkshop\/wp-json\/wp\/v2\/product_cat?post=235660"},{"taxonomy":"product_tag","embeddable":true,"href":"https:\/\/linkxa.es\/linkshop\/wp-json\/wp\/v2\/product_tag?post=235660"}],"curies":[{"name":"wp","href":"https:\/\/api.w.org\/{rel}","templated":true}]}}