{"id":235665,"date":"2024-11-29T11:57:26","date_gmt":"2024-11-29T11:57:26","guid":{"rendered":"https:\/\/linkxa.es\/contratacion\/producto\/microfono-logitech-rally-mic-pod\/"},"modified":"2025-08-02T12:08:12","modified_gmt":"2025-08-02T12:08:12","slug":"microfono-logitech-rally-mic-pod","status":"publish","type":"product","link":"https:\/\/linkxa.es\/linkshop\/producto\/microfono-logitech-rally-mic-pod\/","title":{"rendered":"Microfono logitech rally mic pod"},"content":{"rendered":"<h3 style=\"text-align: center;\"><strong>Logitech\u00a0 |\u00a0 Micr\u00f3fonos<\/strong><\/h3>\n<p>\u00a0<\/p>\n<p>Buen aspecto con buen sonido<\/p>\n<p>Con un dise\u00f1o atractivo y discreto, y materiales de primera calidad, las<br \/>bases de micr\u00f3fono Rally ofrecen un sonido claro y natural. Las bases de<br \/>micr\u00f3fono individuales contienen elementos de formaci\u00f3n de haces que se<br \/>centran en los hablantes activos mientras se eliminan autom\u00e1ticamente las<br \/>distracciones ac\u00fasticas. Una matriz de micr\u00f3fono puede estar compuesta de<br \/>hasta siete bases de micr\u00f3fono que colaboran para crear una cobertura de<br \/>audio consistente para cada uno de los asientos de un espacio de reuni\u00f3n<br \/>grande.<br \/>FUNCIONES<br \/>Todas y cada una de las voces se oyen claramente<\/p>\n<p>Con la tecnolog\u00eda RightSound y m\u00faltiples elementos de formaci\u00f3n de haces<br \/>en cada base de micr\u00f3fono individual, el audio siempre se centra<br \/>autom\u00e1ticamente en el hablante activo. Una sola base proporciona cobertura<br \/>para 10 personas. En espacios de reuni\u00f3n grandes se pueden usar hasta 7<br \/>bases funcionando al un\u00edsono para recibir y transmitir audio de asombrosa<br \/>nitidez entre todos los participantes.<br \/>Cableado simplificado<\/p>\n<p>Es posible conectar en serie hasta 7 bases de micr\u00f3fono Rally con una sola<br \/>conexi\u00f3n de cable al hub de sobremesa Rally. Para mesas dispuestas en<br \/>forma de U o cableado simple a trav\u00e9s de pasacables, el hub de base de<br \/>micr\u00f3fono Rally proporciona tres conexiones con que optimizar la colocaci\u00f3n<br \/>y acercar el control de silenciamiento.<br \/>Dise\u00f1o premium con discreta presencia<\/p>\n<p>Las bases de micr\u00f3fono Rally son elegantes y, a pesar de su reducido<br \/>tama\u00f1o, tienen un alto grado de sensibilidad y un gran radio de acci\u00f3n.<br \/>RightSound suprime el ruido de fondo mediante la aplicaci\u00f3n de eco ac\u00fastico<br \/>y la reducci\u00f3n de ruido, y las bases tienen almohadillas antideslizantes que<br \/>a\u00edslan los micr\u00f3fonos de las vibraciones de la mesa (por ejemplo, al usar<br \/>teclados). Los materiales avanzados son resistentes a las marcas de los<br \/>dedos y las manchas. Un LED rojo situado en la parte superior de cada base<br \/>identifica el silenciamiento visualmente.<br \/>Una misma voz<\/p>\n<p>Las tecnolog\u00edas de ecualizaci\u00f3n de voz RightSound y de formaci\u00f3n de haces<br \/>permiten que no sea necesario levantar la voz para que nos oigan. La base<br \/>Rally capta todas las voces, no s\u00f3lo las m\u00e1s fuertes, para que se oiga y se<br \/>entienda lo que dicen las personas que hablan m\u00e1s suave o est\u00e1n sentadas<br \/>m\u00e1s lejos. El hub de sobremesa Rally puede cambiar de haz ac\u00fastico hasta<br \/>125 veces por segundo, para capturar con total fluidez las conversaciones<br \/>m\u00e1s animadas.<br \/>Sensibilidad optimizada<\/p>\n<p>Rally se ha dise\u00f1ado para ofrecer m\u00e1xima sensibilidad con el m\u00ednimo de<br \/>interferencias. Mediante la colocaci\u00f3n de los altavoces junto a la pantalla y<br \/>los micr\u00f3fonos junto a los participantes, Rally ofrece una experiencia de<br \/>audio intuitiva, con reducci\u00f3n natural del eco y las interferencias. Pero eso<br \/>no es todo: el altavoz Rally tiene un sistema de suspensi\u00f3n pendiente de<br \/>patente para impedir interferencias producidas por vibraciones y<br \/>resonancia. Esto significa que la base Rally puede ofrecer una sensibilidad<br \/>imposible de lograr con los dise\u00f1os de sistemas manos libres de<br \/>sobremesa.<br \/>Especificaciones y detalles<\/p>\n<p>Dimensiones<br \/>Altura x Anchura x Profundidad: 21 mm x 102 mm x 102 mm<br \/>Requisitos del sistema<br \/>Logitech Rally o Logitech Rally Plus<\/p>\n<p>Nota: Las bases de micr\u00f3fono Rally se conectan al hub de sobremesa<br \/>incluido en los sistemas Logitech Rally, pero no son compatibles con una<br \/>c\u00e1mara USB Rally independiente.<br \/>Tecnolog\u00edas RightSound<br \/>Sistema de inteligencia artificial capaz de distinguir la voz humana<br \/>de otros sonidos<br \/>AEC (Acoustic Echo Cancellation)<br \/>VAD (Voice Activity Detector)<br \/>Supresi\u00f3n de ruido de fondo<br \/>Graduaci\u00f3n autom\u00e1tica de volumen para voces altas y bajas<\/p>\n<p>Matriz de micr\u00f3fonos RightSound<br \/>Con emparejamiento de f\u00e1brica, el algoritmo de formaci\u00f3n de haces<br \/>de radiaci\u00f3n transversal de muy baja distorsi\u00f3n dirige los micr\u00f3fonos a la<br \/>persona que habla para ofrecer la mejor captaci\u00f3n de voz y reducci\u00f3n de<br \/>ruido<br \/>Admite hasta 56 haces ac\u00fasticos (8 por base de micr\u00f3fono Rally)<br \/>para centrarse en el hablante activo<br \/>Frecuencia de actualizaci\u00f3n del foco del haz: 8 ms (125 veces\/s)<br \/>Especificaciones<\/p>\n<p>Alcance de captaci\u00f3n: 4,5 m<br \/>Cuatro micr\u00f3fonos omnidireccionales forman ocho haces ac\u00fasticos<br \/>AEC (Acoustic Echo Cancellation)<br \/>VAD (Voice Activity Detector)<br \/>Supresi\u00f3n de ruido de fondo<br \/>Bot\u00f3n de silencio con LED indicador de estado<br \/>Cable cautivo de 12 patillas y 2,95 m<br \/>Conexi\u00f3n en serie de hasta 7 bases de micr\u00f3fono Rally<br \/>Respuesta de frecuencia: 90Hz &#8211; 16kHz<br \/>Sensibilidad: &#038;gt,-27 dB +\/-1 dB a 1 Pa<br \/>Velocidad de datos de micr\u00f3fono: 48 kHz<br \/>N.\u00ba de participantes recomendado:<br \/>Rally (una base de micr\u00f3fono): 10<br \/>Rally Plus (dos bases de micr\u00f3fono): 16<br \/>Participantes adicionales por base: 6<br \/>N.\u00ba de participantes recomendado para Rally con 7 bases: 46<br \/>COMPATIBILIDAD Y CERTIFICACIONES<br \/>Certified for Skype for Business y compatible con Teams<br \/>Con certificaci\u00f3n para Zoom<br \/>Con certificaci\u00f3n para hardware Google Hangouts Meet<br \/>Con certificaci\u00f3n para Microsoft Cortana<br \/>Compatible con Cisco Jabber y WebEx<br \/>Compatible con BlueJeans, BroadSoft, GoToMeeting, Vidyo y otras<br \/>aplicaciones de videoconferencia, grabaci\u00f3n y difusi\u00f3n utilizables con<br \/>dispositivos USB<br \/>Esta caja contiene<br \/>Base de micr\u00f3fono Rally<br \/>Documentaci\u00f3n<br \/>Informaci\u00f3n de garant\u00eda<\/p>\n<p>Dos a\u00f1os de garant\u00eda de hardware limitada<\/p>\n<p>\u00a0<\/p>\n","protected":false},"excerpt":{"rendered":"<p>Microfono logitech rally mic pod<\/p>\n","protected":false},"featured_media":235666,"comment_status":"closed","ping_status":"open","template":"","meta":{"_et_pb_use_builder":"","_et_pb_old_content":"","_et_gb_content_width":""},"product_brand":[2798],"product_cat":[2799,2058,2831],"product_tag":[2803,2068,2801,3188,2833],"class_list":{"0":"post-235665","1":"product","2":"type-product","3":"status-publish","4":"has-post-thumbnail","6":"product_brand-logitech","7":"product_cat-altavoces-mp3-y-auriculares","8":"product_cat-dispositivos","9":"product_cat-microfonos","10":"product_tag-altavoces-mp3-y-auriculares","11":"product_tag-dispositivos","12":"product_tag-logitech","13":"product_tag-microfono-logitech-rally-mic-pod","14":"product_tag-microfonos","15":"product_shipping_class-2059","16":"pa_canon-digital-incluida-0-e-incluidos","18":"first","19":"instock","20":"taxable","21":"shipping-taxable","22":"purchasable","23":"product-type-simple"},"_links":{"self":[{"href":"https:\/\/linkxa.es\/linkshop\/wp-json\/wp\/v2\/product\/235665","targetHints":{"allow":["GET"]}}],"collection":[{"href":"https:\/\/linkxa.es\/linkshop\/wp-json\/wp\/v2\/product"}],"about":[{"href":"https:\/\/linkxa.es\/linkshop\/wp-json\/wp\/v2\/types\/product"}],"replies":[{"embeddable":true,"href":"https:\/\/linkxa.es\/linkshop\/wp-json\/wp\/v2\/comments?post=235665"}],"wp:featuredmedia":[{"embeddable":true,"href":"https:\/\/linkxa.es\/linkshop\/wp-json\/wp\/v2\/media\/235666"}],"wp:attachment":[{"href":"https:\/\/linkxa.es\/linkshop\/wp-json\/wp\/v2\/media?parent=235665"}],"wp:term":[{"taxonomy":"product_brand","embeddable":true,"href":"https:\/\/linkxa.es\/linkshop\/wp-json\/wp\/v2\/product_brand?post=235665"},{"taxonomy":"product_cat","embeddable":true,"href":"https:\/\/linkxa.es\/linkshop\/wp-json\/wp\/v2\/product_cat?post=235665"},{"taxonomy":"product_tag","embeddable":true,"href":"https:\/\/linkxa.es\/linkshop\/wp-json\/wp\/v2\/product_tag?post=235665"}],"curies":[{"name":"wp","href":"https:\/\/api.w.org\/{rel}","templated":true}]}}