{"id":235688,"date":"2025-03-06T10:06:41","date_gmt":"2025-03-06T10:06:41","guid":{"rendered":"https:\/\/linkxa.es\/contratacion\/producto\/auriculares-inalambricos-tv-philips-shc5200-10\/"},"modified":"2025-08-02T12:10:16","modified_gmt":"2025-08-02T12:10:16","slug":"auriculares-inalambricos-tv-philips-shc5200-10","status":"publish","type":"product","link":"https:\/\/linkxa.es\/linkshop\/producto\/auriculares-inalambricos-tv-philips-shc5200-10\/","title":{"rendered":"Auriculares inalambricos tv philips shc5200 10"},"content":{"rendered":"<h3 style=\"text-align: center;\"><strong>Philips\u00a0 |\u00a0 Auriculares<\/strong><\/h3>\n<p>\u00a0<\/p>\n<p>Olv\u00eddate de los l\u00edos de cables, ahora puedes sentirte libre y moverte por toda la casa mientras disfrutas de la m\u00fasica. Con el dise\u00f1o recargable y ligero de estos auriculares SHC5200\/10 de Philips, ya no<br \/>te molestar\u00e1 llevarlos mucho tiempo puestos.<br \/>Caracter\u00edsticas<\/p>\n<p>El altavoz 32 mm proporciona sonido de alto rendimiento. El altavoz de 32 mm es un elemento compacto, pero al mismo tiempo potente, que proporciona un sonido sin distorsiones con cualquier<br \/>potencia de entrada.<br \/>Banda interior auto-ajustable. Los auriculares t\u00edpicos para exteriores se ajustan deslizando la banda de sujeci\u00f3n ampliable hasta la posici\u00f3n deseada. Normalmente esto se hace cada vez que se<br \/>utilizan, por lo que puede suponer un engorro. Ahora puedes acceder a tu m\u00fasica de forma m\u00e1s r\u00e1pida y sencilla con estos auriculares flexibles con banda interior auto-ajustable, que se ajustar\u00e1n<br \/>autom\u00e1ticamente a la forma y tama\u00f1o de tu cabeza.<br \/>Dise\u00f1o ligero que mejora la comodidad en usos prolongados. Los materiales duraderos y ligeros de alta calidad de estos auriculares de Philips mejoran la comodidad para llevarlos durante mucho<br \/>tiempo.<br \/>Transmisi\u00f3n inal\u00e1mbrica por FM para mayor libertad de movimientos. Con una transmisi\u00f3n inal\u00e1mbrica por FM de alta frecuencia con la potencia para traspasar incluso paredes, puedes escuchar la<br \/>m\u00fasica cuando estas en otra habitaci\u00f3n.<br \/>Completamente recargable. Los auriculares est\u00e1n dise\u00f1ados para usarlos con bater\u00edas recargables, por lo que puedes usarlos de forma continuada sin que tu bolsillo se vea afectado.<br \/>Escoge entre 2 canales para evitar interferencias. Gracias a la existencia de dos canales de transmisi\u00f3n, el placer de la audici\u00f3n est\u00e1 protegido pues podr\u00e1s pasar f\u00e1cilmente al que te ofrezca la mejor<br \/>recepci\u00f3n.<\/p>\n<p>Especificaciones Philips SHC5200\/10<\/p>\n<p>Desempe\u00f1o<br \/>Tipo de producto: Auriculares<br \/>Estilo de uso: Diadema<br \/>Color del producto: Negro<\/p>\n<p>Puertos e Interfaces<br \/>Tecnolog\u00eda de conectividad: Inal\u00e1mbrico y al\u00e1mbrico<br \/>Conector de 3,5 mm: Si<br \/>Conectividad por RF (radiofrecuencia): Si<br \/>Frecuencia de banda: 0.863 &#8211; 0.865 GHz<br \/>Alcance inal\u00e1mbrico: 100 m<\/p>\n<p>Auriculares<br \/>Aud\u00edfonos: Circumaural<br \/>Sistema ac\u00fastico: Cerrado<br \/>Frecuencia de auricular: 10 &#8211; 20000 Hz<br \/>Obstrucci\u00f3n: 24 Ohimos<br \/>Sensibilidad de auricular: 100 dB<br \/>Tipo de im\u00e1n: Neodimio<br \/>Unidad de disco: 3,2 cm<\/p>\n<p>Bater\u00eda<br \/>Autonom\u00eda: 14 h<br \/>Bater\u00eda recargable: Si<br \/>Indicador de carga de la bater\u00eda: Si<br \/>Voltaje de la pila: 1,5 V<br \/>Fuente de carga: Corriente alterna<br \/>N\u00famero de bater\u00edas soportadas: 2<\/p>\n<p>Peso y dimensiones<br \/>Ancho: 195 mm<br \/>Profundidad: 85 mm<br \/>Altura: 220 mm<br \/>Peso: 178 g<\/p>\n<p>Contenido del embalaje<br \/>Adaptador AC incluido: Si<br \/>Cables incluidos: Audio (3,5 mm)<br \/>Cantidad: 1<\/p>\n<p>Empaquetado<br \/>Ancho del paquete: 240 mm<br \/>Profundidad del paquete: 100 mm<br \/>Altura del paquete: 320 mm<\/p>\n<p>Otras caracter\u00edsticas<br \/>Apagado autom\u00e1tico: Si<br \/>Separaci\u00f3n entre canales: 30 dB<br \/>Cantidad de canales: 2 canales<br \/>Modulaci\u00f3n: FM<br \/>Frecuencia de tono piloto: 19 kHz<\/p>\n<p>\u00a0<\/p>\n","protected":false},"excerpt":{"rendered":"<p>Auriculares inalambricos tv philips shc5200 &#8211; 10 negro + base<\/p>\n","protected":false},"featured_media":235689,"comment_status":"closed","ping_status":"open","template":"","meta":{"_et_pb_use_builder":"","_et_pb_old_content":"","_et_gb_content_width":""},"product_brand":[2731],"product_cat":[2799,2800,2058],"product_tag":[2803,2804,3192,2068,2732],"class_list":{"0":"post-235688","1":"product","2":"type-product","3":"status-publish","4":"has-post-thumbnail","6":"product_brand-philips","7":"product_cat-altavoces-mp3-y-auriculares","8":"product_cat-auriculares","9":"product_cat-dispositivos","10":"product_tag-altavoces-mp3-y-auriculares","11":"product_tag-auriculares","12":"product_tag-auriculares-inalambricos-tv-philips-shc5200-10","13":"product_tag-dispositivos","14":"product_tag-philips","15":"product_shipping_class-2088","16":"pa_canon-digital-incluida-0-e-incluidos","18":"first","19":"instock","20":"taxable","21":"shipping-taxable","22":"purchasable","23":"product-type-simple"},"_links":{"self":[{"href":"https:\/\/linkxa.es\/linkshop\/wp-json\/wp\/v2\/product\/235688","targetHints":{"allow":["GET"]}}],"collection":[{"href":"https:\/\/linkxa.es\/linkshop\/wp-json\/wp\/v2\/product"}],"about":[{"href":"https:\/\/linkxa.es\/linkshop\/wp-json\/wp\/v2\/types\/product"}],"replies":[{"embeddable":true,"href":"https:\/\/linkxa.es\/linkshop\/wp-json\/wp\/v2\/comments?post=235688"}],"wp:featuredmedia":[{"embeddable":true,"href":"https:\/\/linkxa.es\/linkshop\/wp-json\/wp\/v2\/media\/235689"}],"wp:attachment":[{"href":"https:\/\/linkxa.es\/linkshop\/wp-json\/wp\/v2\/media?parent=235688"}],"wp:term":[{"taxonomy":"product_brand","embeddable":true,"href":"https:\/\/linkxa.es\/linkshop\/wp-json\/wp\/v2\/product_brand?post=235688"},{"taxonomy":"product_cat","embeddable":true,"href":"https:\/\/linkxa.es\/linkshop\/wp-json\/wp\/v2\/product_cat?post=235688"},{"taxonomy":"product_tag","embeddable":true,"href":"https:\/\/linkxa.es\/linkshop\/wp-json\/wp\/v2\/product_tag?post=235688"}],"curies":[{"name":"wp","href":"https:\/\/api.w.org\/{rel}","templated":true}]}}