{"id":235704,"date":"2024-12-21T07:58:52","date_gmt":"2024-12-21T07:58:52","guid":{"rendered":"https:\/\/linkxa.es\/contratacion\/producto\/auriculares-muvit-muhph0016-negro\/"},"modified":"2025-08-02T12:11:35","modified_gmt":"2025-08-02T12:11:35","slug":"auriculares-muvit-muhph0016-negro","status":"publish","type":"product","link":"https:\/\/linkxa.es\/linkshop\/producto\/auriculares-muvit-muhph0016-negro\/","title":{"rendered":"Auriculares muvit muhph0016 negro"},"content":{"rendered":"<h3 style=\"text-align: center;\"><strong>Muvit\u00a0 |\u00a0 Auriculares<\/strong><\/h3>\n<p>\u00a0<\/p>\n<p>Auriculares est\u00e9reo de muvit, con micr\u00f3fono y adaptador Jack 3,5 mm, de color negro.<\/p>\n<p>\u00bfTe gusta escuchar m\u00fasica pero no quieres perder ninguna llamada en tu smartphone?<\/p>\n<p>Con los auriculares est\u00e9reo con micr\u00f3fono + adaptador 3,5mm de muvit podr\u00e1s recibir\/realizar llamadas gracias a su micr\u00f3fono integrado. La m\u00fasica se detendr\u00e1 cuando recibas una llamada y<br \/>reanudar\u00e1 cuando la termines.<br \/>Caracter\u00edsticas<\/p>\n<p>Producto universal con conector Jack 3.5 mm.<br \/>Con micr\u00f3fono y control integrado.<br \/>Incluye 3 pares de almohadillas de distintos tama\u00f1os para un mayor ajuste y comodidad.<br \/>Incluye un adaptador Jack 3.5 mm a 3.5 mm para su compatibilidad con todos las marcas y modelos de tel\u00e9fono.<\/p>\n<p>\u00a0<\/p>\n","protected":false},"excerpt":{"rendered":"<p>Auriculares muvit  muhph0016 negro<\/p>\n","protected":false},"featured_media":235705,"comment_status":"closed","ping_status":"open","template":"","meta":{"_et_pb_use_builder":"","_et_pb_old_content":"","_et_gb_content_width":""},"product_brand":[2503],"product_cat":[2799,2800,2058],"product_tag":[2803,2804,3195,2068,2504],"class_list":{"0":"post-235704","1":"product","2":"type-product","3":"status-publish","4":"has-post-thumbnail","6":"product_brand-muvit","7":"product_cat-altavoces-mp3-y-auriculares","8":"product_cat-auriculares","9":"product_cat-dispositivos","10":"product_tag-altavoces-mp3-y-auriculares","11":"product_tag-auriculares","12":"product_tag-auriculares-muvit-muhph0016-negro","13":"product_tag-dispositivos","14":"product_tag-muvit","15":"product_shipping_class-2059","16":"pa_canon-digital-incluida-0-e-incluidos","18":"first","19":"instock","20":"taxable","21":"shipping-taxable","22":"purchasable","23":"product-type-simple"},"_links":{"self":[{"href":"https:\/\/linkxa.es\/linkshop\/wp-json\/wp\/v2\/product\/235704","targetHints":{"allow":["GET"]}}],"collection":[{"href":"https:\/\/linkxa.es\/linkshop\/wp-json\/wp\/v2\/product"}],"about":[{"href":"https:\/\/linkxa.es\/linkshop\/wp-json\/wp\/v2\/types\/product"}],"replies":[{"embeddable":true,"href":"https:\/\/linkxa.es\/linkshop\/wp-json\/wp\/v2\/comments?post=235704"}],"wp:featuredmedia":[{"embeddable":true,"href":"https:\/\/linkxa.es\/linkshop\/wp-json\/wp\/v2\/media\/235705"}],"wp:attachment":[{"href":"https:\/\/linkxa.es\/linkshop\/wp-json\/wp\/v2\/media?parent=235704"}],"wp:term":[{"taxonomy":"product_brand","embeddable":true,"href":"https:\/\/linkxa.es\/linkshop\/wp-json\/wp\/v2\/product_brand?post=235704"},{"taxonomy":"product_cat","embeddable":true,"href":"https:\/\/linkxa.es\/linkshop\/wp-json\/wp\/v2\/product_cat?post=235704"},{"taxonomy":"product_tag","embeddable":true,"href":"https:\/\/linkxa.es\/linkshop\/wp-json\/wp\/v2\/product_tag?post=235704"}],"curies":[{"name":"wp","href":"https:\/\/api.w.org\/{rel}","templated":true}]}}