{"id":235724,"date":"2025-01-06T08:49:34","date_gmt":"2025-01-06T08:49:34","guid":{"rendered":"https:\/\/linkxa.es\/contratacion\/producto\/altavoz-energy-sistem-karaokestar-negro\/"},"modified":"2025-08-02T12:13:49","modified_gmt":"2025-08-02T12:13:49","slug":"altavoz-energy-sistem-karaokestar-negro","status":"publish","type":"product","link":"https:\/\/linkxa.es\/linkshop\/producto\/altavoz-energy-sistem-karaokestar-negro\/","title":{"rendered":"Altavoz energy sistem karaokestar negro"},"content":{"rendered":"<h3 style=\"text-align: center;\"><strong>Energy sistem\u00a0 |\u00a0 Altavoces<\/strong><\/h3>\n<p>\u00a0<\/p>\n<p>Potencia tu voz al m\u00e1ximo<br \/>Altavoz Bluetooth con karaoke de 60W de potencia. Y si quieres duplicar la diversi\u00f3n, sincroniza dos altavoces gracias a la tecnolog\u00eda True Wireless Stereo para un sonido m\u00e1s impactante. \u00a1El karaoke<br \/>nunca son\u00f3 tan bien!<\/p>\n<p>Canta a d\u00fao sin parar<br \/>Canta durante 8 horas gracias a la bater\u00eda de larga duraci\u00f3n de este altavoz con karaoke. Adem\u00e1s, la competici\u00f3n est\u00e1 asegurada con los dos micr\u00f3fonos inal\u00e1mbricos incluidos, \u00a1Desaf\u00eda a tus amigos y<br \/>convi\u00e9rtete en la estrella de la noche!<\/p>\n<p>\u00a1Tu m\u00fasica, siempre accesible!<br \/>Reproduce tus canciones favoritas desde cualquier dispositivo: USB, tarjeta microSD o mediante Bluetooth. Y con la ranura para tu m\u00f3vil, sigue las letras mientras cantas sin perder el ritmo.<\/p>\n<p>Luces, m\u00fasica\u00a1A cantar!<br \/>Lleva la fiesta a donde quieras con las luces LED que transforman cualquier lugar en una pista de baile. Resistente a salpicaduras con protecci\u00f3n IPX4 y f\u00e1cil de transportar con su correa, el altavoz<br \/>KaraokeStar est\u00e1 listo para cualquier ocasi\u00f3n.<\/p>\n<p>Energy Sistem KaraokeStar. Canales de salida de audio: 2.0 canales, Tipo de altavoces: Rango completo. Potencia estimada RMS: 60 W, Rango de frecuencia: 80 &#8211; 18000 Hz, Obstrucci\u00f3n: 4 . Tecnolog\u00eda<br \/>de conectividad: Inal\u00e1mbrico, Alcance de frecuencia: 2,4 &#8211; 2,4 GHz, Perfiles de Bluetooth: A2DP, AVRCP, HSP. Tipo de producto: Altavoz port\u00e1til est\u00e9reo, Color del producto: Negro, Dise\u00f1o de producto:<br \/>Cubo. Uso recomendado: Universal, Formatos de audio soportados: MP3, WAV, Tarjetas de memoria compatibles: MicroSD (TransFlash), SD<br \/>Altavoces<br \/>Canales de salida de audio 2.0 canales<br \/>N\u00famero de altavoces 1<br \/>Tipo de altavoces Rango completo<br \/>Audio<br \/>Potencia estimada RMS 60 W<br \/>Rango de frecuencia 80 &#8211; 18000 Hz<br \/>Obstrucci\u00f3n 4<br \/>THD, distorci\u00f3n arm\u00f3nica total 1%<br \/>Puertos e Interfaces<br \/>Tecnolog\u00eda de conectividad Inal\u00e1mbrico<br \/>Wifi No<br \/>Bluetooth Si<br \/>Versi\u00f3n de Bluetooth 5.4<br \/>Alcance de frecuencia 2,4 &#8211; 2,4 GHz<br \/>Perfiles de Bluetooth A2DP, AVRCP, HSP<br \/>alcance Bluetooth 20 m<br \/>Conector de 3,5 mm Si<br \/>Conector USB USB Tipo C<br \/>Puerto de carga USB Si<br \/>Longitud del cable 1,2 m<br \/>Dise\u00f1o<br \/>Tipo de producto Altavoz port\u00e1til est\u00e9reo<br \/>Dise\u00f1o de producto Cubo<br \/>Color del producto Negro<br \/>Control de volumen Botones<br \/>Interruptor de encendido\/apagado integrado Si<br \/>Funciones de protecci\u00f3n A prueba de salpicaduras<br \/>Iluminaci\u00f3n LED Si<br \/>Iluminaci\u00f3n de color Azul, Verde, Rojo<br \/>C\u00f3digo IP (International Protection) IPX4<br \/>Indicadores LED Si<br \/>Desempe\u00f1o<br \/>Uso recomendado Universal<br \/>Formatos de audio soportados MP3, WAV<br \/>Tarjetas de memoria compatibles MicroSD (TransFlash), SD<br \/>Tama\u00f1o m\u00e1ximo de tarjeta de memoria 128 GB<br \/>Micr\u00f3fono incorporado No<br \/>Control de energ\u00eda<br \/>Tipo de bater\u00eda Bater\u00eda integrada<br \/>Tecnolog\u00eda de bater\u00eda I\u00f3n de litio<br \/>Capacidad de bater\u00eda 3600 mAh<br \/>Voltaje de la pila 3,7 V<br \/>Autonom\u00eda 8 h<br \/>Tiempo de recarga de la bater\u00eda 3 h<br \/>Potencia del transmisor de Bluetooth 20 dbm<br \/>Peso y dimensiones<br \/>Ancho 150 mm<br \/>Profundidad 150 mm<br \/>Altura 230 mm<br \/>Peso 1,92 kg<br \/>Contenido del embalaje<br \/>Cantidad por paquete 1 pieza(s)<br \/>Cables incluidos Audio (3.5mm), USB Tipo C<br \/>Micr\u00f3fono incluido Si<\/p>\n<p>\u00a0<\/p>\n","protected":false},"excerpt":{"rendered":"<p>Altavoz energy sistem karaokestar negro<\/p>\n","protected":false},"featured_media":235725,"comment_status":"closed","ping_status":"open","template":"","meta":{"_et_pb_use_builder":"","_et_pb_old_content":"","_et_gb_content_width":""},"product_brand":[2879],"product_cat":[2822,2799,2058],"product_tag":[2824,2803,3200,2068,2880],"class_list":{"0":"post-235724","1":"product","2":"type-product","3":"status-publish","4":"has-post-thumbnail","6":"product_brand-energy-sistem","7":"product_cat-altavoces","8":"product_cat-altavoces-mp3-y-auriculares","9":"product_cat-dispositivos","10":"product_tag-altavoces","11":"product_tag-altavoces-mp3-y-auriculares","12":"product_tag-altavoz-energy-sistem-karaokestar-negro","13":"product_tag-dispositivos","14":"product_tag-energy-sistem","15":"product_shipping_class-2059","16":"pa_canon-digital-incluida-0-e-incluidos","18":"first","19":"instock","20":"taxable","21":"shipping-taxable","22":"purchasable","23":"product-type-simple"},"_links":{"self":[{"href":"https:\/\/linkxa.es\/linkshop\/wp-json\/wp\/v2\/product\/235724","targetHints":{"allow":["GET"]}}],"collection":[{"href":"https:\/\/linkxa.es\/linkshop\/wp-json\/wp\/v2\/product"}],"about":[{"href":"https:\/\/linkxa.es\/linkshop\/wp-json\/wp\/v2\/types\/product"}],"replies":[{"embeddable":true,"href":"https:\/\/linkxa.es\/linkshop\/wp-json\/wp\/v2\/comments?post=235724"}],"wp:featuredmedia":[{"embeddable":true,"href":"https:\/\/linkxa.es\/linkshop\/wp-json\/wp\/v2\/media\/235725"}],"wp:attachment":[{"href":"https:\/\/linkxa.es\/linkshop\/wp-json\/wp\/v2\/media?parent=235724"}],"wp:term":[{"taxonomy":"product_brand","embeddable":true,"href":"https:\/\/linkxa.es\/linkshop\/wp-json\/wp\/v2\/product_brand?post=235724"},{"taxonomy":"product_cat","embeddable":true,"href":"https:\/\/linkxa.es\/linkshop\/wp-json\/wp\/v2\/product_cat?post=235724"},{"taxonomy":"product_tag","embeddable":true,"href":"https:\/\/linkxa.es\/linkshop\/wp-json\/wp\/v2\/product_tag?post=235724"}],"curies":[{"name":"wp","href":"https:\/\/api.w.org\/{rel}","templated":true}]}}