{"id":235737,"date":"2025-07-25T22:39:30","date_gmt":"2025-07-25T22:39:30","guid":{"rendered":"https:\/\/linkxa.es\/contratacion\/producto\/altavoz-bluetooth-portable-mars-gaming-msflow\/"},"modified":"2025-08-02T12:15:03","modified_gmt":"2025-08-02T12:15:03","slug":"altavoz-bluetooth-portable-mars-gaming-msflow","status":"publish","type":"product","link":"https:\/\/linkxa.es\/linkshop\/producto\/altavoz-bluetooth-portable-mars-gaming-msflow\/","title":{"rendered":"Altavoz bluetooth portable mars gaming msflow"},"content":{"rendered":"<h3 style=\"text-align: center;\"><strong>Mars gaming\u00a0 |\u00a0 Altavoces<\/strong><\/h3>\n<p>\u00a0<\/p>\n<p>ALTAVOZ BLUETOOTH PORTABLE MARS GAMING MSFLOW NEGRO 15W DEEPBASS BT MICROSD RGB 360 BAT 6H<\/p>\n<p>Con tecnolog\u00eda Bluetooth 5.3 para una conexi\u00f3n r\u00e1pida y estable, y su impresionante iluminaci\u00f3n Orbilight RGB 360\u00b0 personalizable, el altavoz MS-FLOW combina estilo y rendimiento. Su driver DeepBass de 57mm y 15W ofrece graves profundos y vibrantes, llevando cada nota al m\u00e1ximo. Adem\u00e1s, con opciones de reproducci\u00f3n v\u00eda Bluetooth o MicroSD, podr\u00e1s disfrutar de tu m\u00fasica en cualquier lugar y momento. \u00a1Siente el ritmo con el MS-FLOW!<\/p>\n<p>Sonido DeepBass 15W<br \/>Experimenta la verdadera potencia de los graves con el exclusivo DeepBass Driver de 57mm y 15W, estrat\u00e9gicamente ubicado en la parte superior del altavoz para maximizar la vibraci\u00f3n y ofrecer una profundidad sonora inigualable. Siente cada nota y sum\u00e9rgete en una experiencia auditiva que transforma cada nota. Con el MS-FLOW, tus canciones favoritas cobran vida con una claridad y fuerza que llevan tu m\u00fasica a otro nivel.<\/p>\n<p>Disponible en tres versionesNegro, rosa y gris plateado<br \/>Escoge la que mejor se adapte a tu setup<\/p>\n<p>Dise\u00f1o Compacto y Port\u00e1til<br \/>Lleva tu m\u00fasica a todas partes con un dise\u00f1o compacto y ligero que no compromete el rendimiento. Con\u00e9ctalo f\u00e1cilmente a tu PC o cualquier dispositivo compatible gracias a su avanzada tecnolog\u00eda Bluetooth 5.3. El altavoz MS-FLOW est\u00e1 pensado para ser tu compa\u00f1ero ideal en cualquier ocasi\u00f3n, tanto en casa como en exteriores.<\/p>\n<p>Iluminaci\u00f3n Orbilight RGB 360\u00ba<br \/>Transforma cualquier ambiente con el sistema de iluminaci\u00f3n RGB 360\u00ba del MS-FLOW. Con m\u00faltiples modos personalizables, puedes adaptar la iluminaci\u00f3n a tu estado de \u00e1nimo o a la atm\u00f3sfera de la habitaci\u00f3n. Ideal para fiestas o momentos de relajaci\u00f3n, este altavoz se convierte en el centro de atenci\u00f3n.<\/p>\n<p>Control total al alcance de tu mano<br \/>Gracias a sus botones integrados, podr\u00e1s ajustar el volumen, pausar o reproducir tus canciones, y cambiar entre los modos de reproducci\u00f3n y de iluminaci\u00f3n con un solo toque. Disfruta de un control total con el altavoz RGB MS-FLOW.<\/p>\n<p>Reproducci\u00f3n Vers\u00e1til: Bluetooth 5.3 y MicroSD<br \/>Disfruta de una experiencia de sonido inigualable con el altavoz MS-FLOW y su conectividad avanzada Bluetooth 5.3, que te asegura una transmisi\u00f3n r\u00e1pida y estable para disfrutar de tu m\u00fasica sin cables ni interrupciones. \u00bfPrefieres llevar tu propia playlist? Inserta una tarjeta MicroSD y reproduce tus canciones favoritas directamente desde el altavoz. El MS-FLOW se adapta a ti, ofreci\u00e9ndote la libertad de elegir c\u00f3mo y d\u00f3nde escuchar tu m\u00fasica con la m\u00e1xima calidad.<\/p>\n<p>Mars Gaming MS-FLOW, Altavoz Port\u00e1til Bluetooth 15W, Iluminaci\u00f3n Orbilight RGB 360\u00b0, Sonido Potente con Driver DeepBass 57mm, Altavoz Gaming Compacto con Bluetooth 5.3 y MicroSD, Negro. Di\u00e1metro del conductor: 5,7 cm. Potencia estimada RMS: 15 W, Rango de frecuencia: 16 &#8211; 20000 Hz, Obstrucci\u00f3n: 4 ?. Tecnolog\u00eda de conectividad: Inal\u00e1mbrico, alcance Bluetooth: 10 m, Conector USB: USB Tipo C. Tipo de producto: Altavoz port\u00e1til est\u00e9reo, Color del producto: Negro, Dise\u00f1o de producto: Cilindro. Uso recomendado: Universal, Formatos de audio soportados: MP3, Tarjetas de memoria compatibles: MicroSD (TransFlash)<\/p>\n<p>\u00a0<\/p>\n","protected":false},"excerpt":{"rendered":"<p>Altavoz bluetooth portable mars gaming msflow negro 15w deepbass bt microsd rgb 360 bat 6h<\/p>\n","protected":false},"featured_media":235738,"comment_status":"closed","ping_status":"open","template":"","meta":{"_et_pb_use_builder":"","_et_pb_old_content":"","_et_gb_content_width":""},"product_brand":[2929],"product_cat":[2822,2799,2058],"product_tag":[2824,2803,3201,2068,2930],"class_list":{"0":"post-235737","1":"product","2":"type-product","3":"status-publish","4":"has-post-thumbnail","6":"product_brand-mars-gaming","7":"product_cat-altavoces","8":"product_cat-altavoces-mp3-y-auriculares","9":"product_cat-dispositivos","10":"product_tag-altavoces","11":"product_tag-altavoces-mp3-y-auriculares","12":"product_tag-altavoz-bluetooth-portable-mars-gaming-msflow","13":"product_tag-dispositivos","14":"product_tag-mars-gaming","15":"product_shipping_class-2059","16":"pa_canon-digital-incluida-0-e-incluidos","18":"first","19":"instock","20":"taxable","21":"shipping-taxable","22":"purchasable","23":"product-type-simple"},"_links":{"self":[{"href":"https:\/\/linkxa.es\/linkshop\/wp-json\/wp\/v2\/product\/235737","targetHints":{"allow":["GET"]}}],"collection":[{"href":"https:\/\/linkxa.es\/linkshop\/wp-json\/wp\/v2\/product"}],"about":[{"href":"https:\/\/linkxa.es\/linkshop\/wp-json\/wp\/v2\/types\/product"}],"replies":[{"embeddable":true,"href":"https:\/\/linkxa.es\/linkshop\/wp-json\/wp\/v2\/comments?post=235737"}],"wp:featuredmedia":[{"embeddable":true,"href":"https:\/\/linkxa.es\/linkshop\/wp-json\/wp\/v2\/media\/235738"}],"wp:attachment":[{"href":"https:\/\/linkxa.es\/linkshop\/wp-json\/wp\/v2\/media?parent=235737"}],"wp:term":[{"taxonomy":"product_brand","embeddable":true,"href":"https:\/\/linkxa.es\/linkshop\/wp-json\/wp\/v2\/product_brand?post=235737"},{"taxonomy":"product_cat","embeddable":true,"href":"https:\/\/linkxa.es\/linkshop\/wp-json\/wp\/v2\/product_cat?post=235737"},{"taxonomy":"product_tag","embeddable":true,"href":"https:\/\/linkxa.es\/linkshop\/wp-json\/wp\/v2\/product_tag?post=235737"}],"curies":[{"name":"wp","href":"https:\/\/api.w.org\/{rel}","templated":true}]}}