{"id":235742,"date":"2024-12-17T14:44:56","date_gmt":"2024-12-17T14:44:56","guid":{"rendered":"https:\/\/linkxa.es\/contratacion\/producto\/auriculares-conceptronic-parris03c-inalambrico-blanco\/"},"modified":"2025-08-02T12:16:02","modified_gmt":"2025-08-02T12:16:02","slug":"auriculares-conceptronic-parris03c-inalambrico-blanco","status":"publish","type":"product","link":"https:\/\/linkxa.es\/linkshop\/producto\/auriculares-conceptronic-parris03c-inalambrico-blanco\/","title":{"rendered":"Auriculares conceptronic parris03c inalambrico blanco"},"content":{"rendered":"<h3 style=\"text-align: center;\"><strong>Conceptronic\u00a0 |\u00a0 Auriculares<\/strong><\/h3>\n<p>\u00a0<\/p>\n<p>-LOGISTICS DATA\u00a0<br \/>C\u00f3digo del Sistema Armonizado (HS): 851830\u00a0<br \/>C\u00f3digo de producto aduanero (TARIC): 8518300090\u00a0<\/p>\n<p>-GENERAL\u00a0<br \/>Color: Crema\u00a0<br \/>EAN: 4015867238653\u00a0<br \/>N\u00famero de modelo: PARRIS03C\u00a0<\/p>\n<p>-VARIOS\u00a0<br \/>Modo de conexi\u00f3n: Bluetooth\u00a0<br \/>Tipo de conector: USB-C\u00a0<\/p>\n<p>-OTROS\u00a0<br \/>Aprobaci\u00f3n y cumplimiento: CE, RoHS\u00a0<br \/>Temperatura de funcionamiento: 0 \u00b0C ~ 40 \u00b0C\u00a0<br \/>Contenido del paquete:\u00a0<br \/>PARRIS03C\u00a0<br \/>Cable de carga USB-C a USB-A\u00a0<br \/>Cable con conector de audio de 3,5 mm\u00a0<br \/>Gu\u00eda de instalaci\u00f3n r\u00e1pida multiling\u00fce\u00a0<\/p>\n<p>-RENDIMIENTO 2\u00a0<br \/>Tiempo de recarga: 2.5 horas\u00a0<\/p>\n<p>-ESPECIFICACIONES F\u00cdSICAS\u00a0<br \/>Dimensiones (An. x Pr. x Al.): 170 x 185 x 78 mm\u00a0<br \/>Peso del producto: 0.1985 kg\u00a0<\/p>\n<p>-ESPECIFICACIONES DEL SISTEMA\u00a0<br \/>Sensibilidad: 100 dB \u00b1 3 dB\u00a0<br \/>Sistema de audio: 2.0 canales\u00a0<br \/>Capacidad de la bater\u00eda: 400 mAh\u00a0<br \/>Capacidad de la bater\u00eda (Wh): 1.48\u00a0<br \/>Voltaje de la bater\u00eda: 3.7 V\u00a0<br \/>Versi\u00f3n de Bluetooth: 5.4\u00a0<br \/>Banda de frecuencia: 20 Hz &#8211; 20 KHz\u00a0<br \/>Impedancia: 32 ?\u00a0<br \/>N\u00famero de bater\u00edas: 1\u00a0<br \/>Potencia de audio en RMS: 5 mW<\/p>\n<p>\u00a0<\/p>\n","protected":false},"excerpt":{"rendered":"<p>Auriculares conceptronic parris03c inalambrico blanco<\/p>\n","protected":false},"featured_media":235743,"comment_status":"closed","ping_status":"open","template":"","meta":{"_et_pb_use_builder":"","_et_pb_old_content":"","_et_gb_content_width":""},"product_brand":[2897],"product_cat":[2799,2800,2058],"product_tag":[2803,2804,3203,2898,2068],"class_list":{"0":"post-235742","1":"product","2":"type-product","3":"status-publish","4":"has-post-thumbnail","6":"product_brand-conceptronic","7":"product_cat-altavoces-mp3-y-auriculares","8":"product_cat-auriculares","9":"product_cat-dispositivos","10":"product_tag-altavoces-mp3-y-auriculares","11":"product_tag-auriculares","12":"product_tag-auriculares-conceptronic-parris03c-inalambrico-blanco","13":"product_tag-conceptronic","14":"product_tag-dispositivos","15":"product_shipping_class-2088","16":"pa_canon-digital-incluida-0-e-incluidos","18":"first","19":"instock","20":"taxable","21":"shipping-taxable","22":"purchasable","23":"product-type-simple"},"_links":{"self":[{"href":"https:\/\/linkxa.es\/linkshop\/wp-json\/wp\/v2\/product\/235742","targetHints":{"allow":["GET"]}}],"collection":[{"href":"https:\/\/linkxa.es\/linkshop\/wp-json\/wp\/v2\/product"}],"about":[{"href":"https:\/\/linkxa.es\/linkshop\/wp-json\/wp\/v2\/types\/product"}],"replies":[{"embeddable":true,"href":"https:\/\/linkxa.es\/linkshop\/wp-json\/wp\/v2\/comments?post=235742"}],"wp:featuredmedia":[{"embeddable":true,"href":"https:\/\/linkxa.es\/linkshop\/wp-json\/wp\/v2\/media\/235743"}],"wp:attachment":[{"href":"https:\/\/linkxa.es\/linkshop\/wp-json\/wp\/v2\/media?parent=235742"}],"wp:term":[{"taxonomy":"product_brand","embeddable":true,"href":"https:\/\/linkxa.es\/linkshop\/wp-json\/wp\/v2\/product_brand?post=235742"},{"taxonomy":"product_cat","embeddable":true,"href":"https:\/\/linkxa.es\/linkshop\/wp-json\/wp\/v2\/product_cat?post=235742"},{"taxonomy":"product_tag","embeddable":true,"href":"https:\/\/linkxa.es\/linkshop\/wp-json\/wp\/v2\/product_tag?post=235742"}],"curies":[{"name":"wp","href":"https:\/\/api.w.org\/{rel}","templated":true}]}}