{"id":235773,"date":"2024-12-21T19:02:25","date_gmt":"2024-12-21T19:02:25","guid":{"rendered":"https:\/\/linkxa.es\/contratacion\/producto\/altavoz-inalambrico-bluetooth-coolbox-drop-g231\/"},"modified":"2025-08-02T12:17:59","modified_gmt":"2025-08-02T12:17:59","slug":"altavoz-inalambrico-bluetooth-coolbox-drop-g231","status":"publish","type":"product","link":"https:\/\/linkxa.es\/linkshop\/producto\/altavoz-inalambrico-bluetooth-coolbox-drop-g231\/","title":{"rendered":"Altavoz inalambrico bluetooth coolbox drop g231"},"content":{"rendered":"<h3 style=\"text-align: center;\"><strong>Coolbox\u00a0 |\u00a0 Altavoces<\/strong><\/h3>\n<p>\u00a0<\/p>\n<p>Con formato compacto (82 x 82 x 105 mm), ligero (330 g) y dise\u00f1o elegante en color gris con aro superior luminoso. Permite escuchar m\u00fasica durante 6 horas de reproducci\u00f3n continua, cargando en solamente<br \/>2,5 h gracias a su conexi\u00f3n USB-C (cable incluido).<\/p>\n<p>Sonido claro y potente de 5W RMS, permite reproducci\u00f3n a trav\u00e9s de conexi\u00f3n Bluetooth 5.3, cable auxiliar o tarjeta microSD.<\/p>\n<p>Bluetooth: 5.3<br \/>Alcance: 10m<br \/>Potencia: 5W RMS<br \/>Frecuencia: 80Hz ~ 18kHz<br \/>Driver (di\u00e1metro): 52 mm<br \/>Alimentaci\u00f3n: DC5V (conexi\u00f3n USB-C)<br \/>Bater\u00eda: Interna, no extra\u00edble, 1200mAh<br \/>Tiempo de carga: 2,5 horas<br \/>Autonom\u00eda: hasta 6 horas de reproducci\u00f3n continua<br \/>Dimensiones: 82 x 82 x 105 mm<br \/>Peso: 330 gramos<br \/>Color: gris<\/p>\n<p>CONEXIONES<br \/>USB-C (carga)<br \/>Entrada AUX<br \/>Lector microSD<\/p>\n<p>CONTROLES<br \/>Play\/Pausa<br \/>Volumen + (Avance pista) y Volumen (Pista anterior)<br \/>Encendido<br \/>Selector de modo de sonido<\/p>\n<p>\u00a0<\/p>\n","protected":false},"excerpt":{"rendered":"<p>Altavoz inalambrico bluetooth coolbox drop g231 5w<\/p>\n","protected":false},"featured_media":235774,"comment_status":"closed","ping_status":"open","template":"","meta":{"_et_pb_use_builder":"","_et_pb_old_content":"","_et_gb_content_width":""},"product_brand":[3119],"product_cat":[2822,2799,2058],"product_tag":[2824,2803,3208,3120,2068],"class_list":{"0":"post-235773","1":"product","2":"type-product","3":"status-publish","4":"has-post-thumbnail","6":"product_brand-coolbox","7":"product_cat-altavoces","8":"product_cat-altavoces-mp3-y-auriculares","9":"product_cat-dispositivos","10":"product_tag-altavoces","11":"product_tag-altavoces-mp3-y-auriculares","12":"product_tag-altavoz-inalambrico-bluetooth-coolbox-drop-g231","13":"product_tag-coolbox","14":"product_tag-dispositivos","15":"product_shipping_class-2088","16":"pa_canon-digital-incluida-0-e-incluidos","18":"first","19":"instock","20":"taxable","21":"shipping-taxable","22":"purchasable","23":"product-type-simple"},"_links":{"self":[{"href":"https:\/\/linkxa.es\/linkshop\/wp-json\/wp\/v2\/product\/235773","targetHints":{"allow":["GET"]}}],"collection":[{"href":"https:\/\/linkxa.es\/linkshop\/wp-json\/wp\/v2\/product"}],"about":[{"href":"https:\/\/linkxa.es\/linkshop\/wp-json\/wp\/v2\/types\/product"}],"replies":[{"embeddable":true,"href":"https:\/\/linkxa.es\/linkshop\/wp-json\/wp\/v2\/comments?post=235773"}],"wp:featuredmedia":[{"embeddable":true,"href":"https:\/\/linkxa.es\/linkshop\/wp-json\/wp\/v2\/media\/235774"}],"wp:attachment":[{"href":"https:\/\/linkxa.es\/linkshop\/wp-json\/wp\/v2\/media?parent=235773"}],"wp:term":[{"taxonomy":"product_brand","embeddable":true,"href":"https:\/\/linkxa.es\/linkshop\/wp-json\/wp\/v2\/product_brand?post=235773"},{"taxonomy":"product_cat","embeddable":true,"href":"https:\/\/linkxa.es\/linkshop\/wp-json\/wp\/v2\/product_cat?post=235773"},{"taxonomy":"product_tag","embeddable":true,"href":"https:\/\/linkxa.es\/linkshop\/wp-json\/wp\/v2\/product_tag?post=235773"}],"curies":[{"name":"wp","href":"https:\/\/api.w.org\/{rel}","templated":true}]}}