{"id":235783,"date":"2025-07-10T15:07:55","date_gmt":"2025-07-10T15:07:55","guid":{"rendered":"https:\/\/linkxa.es\/contratacion\/producto\/auriculares-inalambricos-jbl-wave-200-white\/"},"modified":"2025-08-02T12:18:49","modified_gmt":"2025-08-02T12:18:49","slug":"auriculares-inalambricos-jbl-wave-200-white","status":"publish","type":"product","link":"https:\/\/linkxa.es\/linkshop\/producto\/auriculares-inalambricos-jbl-wave-200-white\/","title":{"rendered":"Auriculares inalambricos jbl wave 200 white"},"content":{"rendered":"<h3 style=\"text-align: center;\"><strong>Jbl\u00a0 |\u00a0 Auriculares<\/strong><\/h3>\n<p>\u00a0<\/p>\n<p>Mejora tu rutina con tu m\u00fasica Potente sonido JBL Deep Bass y toda la libertad de la tecnolog\u00eda True Wireless hasta 20 horas con JBL Wave 200TWS. Lleva tu mundo siempre contigo. Con solo un toque<br \/>del auricular, podr\u00e1s gestionar tus llamadas, tu m\u00fasica y tu asistente de voz. Con la conexi\u00f3n dual puedes utilizar cualquiera de los auriculares y ahorrar bater\u00eda. El JBL Wave 200TWS, ultraligero, c\u00f3modo<br \/>y ergon\u00f3mico, es divertido y est\u00e1 listo para usar.<\/p>\n<p>CARACTERISTICAS<\/p>\n<p>20 horas de reproducci\u00f3n combinada. Con 5 horas en los auriculares y 15 horas en el estuche, el JBL Wave 200TWS se para solo cuando lo haces t\u00fa. Cuando necesites una carga r\u00e1pida, puedes<br \/>disfrutar de otra hora m\u00e1s de bater\u00eda con tan solo 15 minutos, o 2 horas para una carga completa.<br \/>Un o\u00eddo o los dos. Ahora puede atender llamadas o escuchar m\u00fasica con cualquiera de los dos auriculares (o ambos), con tecnolog\u00eda de doble conexi\u00f3n. Elige cu\u00e1l utilizar y deja el otro en el estuche<br \/>para ahorrar bater\u00eda.<br \/>Sonido JBL Deep Bass. La m\u00fasica suena mejor con JBL. Y tu d\u00eda tambi\u00e9n. Siente los graves profundos de los amplificadores de 8 mm y a\u00f1ade diversi\u00f3n a tu rutina.<\/p>\n<p>ESPECIFICACIONES<\/p>\n<p>Desempe\u00f1o<br \/>Tipo de producto: Auriculares<br \/>Estilo de uso: Dentro de o\u00eddo<br \/>Uso recomendado: M\u00fasica<br \/>Tipo de auricular: Binaural<br \/>Color del producto: Blanco<br \/>Retroiluminaci\u00f3n: No<br \/>Indicadores LED: Si<br \/>Funciona con el Asistente de Google: No<br \/>Funciona con Apple Siri: No<br \/>Funciona con Amazon Alexa: No<\/p>\n<p>Puertos e Interfaces<br \/>Tecnolog\u00eda de conectividad: Inal\u00e1mbrico<br \/>Bluetooth: Si<br \/>Perfiles de Bluetooth: A2DP, AVRCP, HFP<br \/>Versi\u00f3n de Bluetooth: 5.0<br \/>Frecuencia de banda: 2.4 &#8211; 2.4835 GHz<\/p>\n<p>Auriculares<br \/>Frecuencia de auricular: 20 &#8211; 20000 Hz<br \/>Obstrucci\u00f3n: 16 ?<br \/>Sensibilidad de auricular: 108 dB<br \/>Unidad de disco: 8 mm<br \/>Tipo de controlador: Din\u00e1mico<\/p>\n<p>Micr\u00f3fono<br \/>Tipo de micr\u00f3fono: Integrado<br \/>Sensibilidad de micr\u00f3fono: -38 dB<br \/>Micr\u00f3fono extra\u00edble: No<\/p>\n<p>Bater\u00eda<br \/>Autonom\u00eda: 20 h<br \/>Capacidad de bater\u00eda: 70 mAh<br \/>Autonom\u00eda en llamadas (con estuche de carga): 20 h<br \/>Tiempo de conversaci\u00f3n: 20 h<br \/>Tiempo de carga r\u00e1pida: 120 min<br \/>Numero de bater\u00edas soportadas: 1<\/p>\n<p>Peso y dimensiones<br \/>Peso: 48 g<\/p>\n<p>Empaquetado<br \/>Ancho del paquete: 85 mm<br \/>Profundidad del paquete: 120 mm<br \/>Altura del paquete: 30 mm<br \/>Peso del paquete: 116 g<\/p>\n<p>\u00a0<\/p>\n","protected":false},"excerpt":{"rendered":"<p>Auriculares inalambricos jbl wave 200 white color blanco<\/p>\n","protected":false},"featured_media":235784,"comment_status":"closed","ping_status":"open","template":"","meta":{"_et_pb_use_builder":"","_et_pb_old_content":"","_et_gb_content_width":""},"product_brand":[2970],"product_cat":[2799,2800,2058],"product_tag":[2803,2804,3209,2068,2971],"class_list":{"0":"post-235783","1":"product","2":"type-product","3":"status-publish","4":"has-post-thumbnail","6":"product_brand-jbl","7":"product_cat-altavoces-mp3-y-auriculares","8":"product_cat-auriculares","9":"product_cat-dispositivos","10":"product_tag-altavoces-mp3-y-auriculares","11":"product_tag-auriculares","12":"product_tag-auriculares-inalambricos-jbl-wave-200-white","13":"product_tag-dispositivos","14":"product_tag-jbl","15":"product_shipping_class-2088","16":"pa_canon-digital-incluida-0-e-incluidos","18":"first","19":"instock","20":"taxable","21":"shipping-taxable","22":"purchasable","23":"product-type-simple"},"_links":{"self":[{"href":"https:\/\/linkxa.es\/linkshop\/wp-json\/wp\/v2\/product\/235783","targetHints":{"allow":["GET"]}}],"collection":[{"href":"https:\/\/linkxa.es\/linkshop\/wp-json\/wp\/v2\/product"}],"about":[{"href":"https:\/\/linkxa.es\/linkshop\/wp-json\/wp\/v2\/types\/product"}],"replies":[{"embeddable":true,"href":"https:\/\/linkxa.es\/linkshop\/wp-json\/wp\/v2\/comments?post=235783"}],"wp:featuredmedia":[{"embeddable":true,"href":"https:\/\/linkxa.es\/linkshop\/wp-json\/wp\/v2\/media\/235784"}],"wp:attachment":[{"href":"https:\/\/linkxa.es\/linkshop\/wp-json\/wp\/v2\/media?parent=235783"}],"wp:term":[{"taxonomy":"product_brand","embeddable":true,"href":"https:\/\/linkxa.es\/linkshop\/wp-json\/wp\/v2\/product_brand?post=235783"},{"taxonomy":"product_cat","embeddable":true,"href":"https:\/\/linkxa.es\/linkshop\/wp-json\/wp\/v2\/product_cat?post=235783"},{"taxonomy":"product_tag","embeddable":true,"href":"https:\/\/linkxa.es\/linkshop\/wp-json\/wp\/v2\/product_tag?post=235783"}],"curies":[{"name":"wp","href":"https:\/\/api.w.org\/{rel}","templated":true}]}}