{"id":235808,"date":"2025-04-27T10:17:16","date_gmt":"2025-04-27T10:17:16","guid":{"rendered":"https:\/\/linkxa.es\/contratacion\/producto\/microcadena-philips-tam3205m2-12\/"},"modified":"2025-08-02T12:20:25","modified_gmt":"2025-08-02T12:20:25","slug":"microcadena-philips-tam3205m2-12","status":"publish","type":"product","link":"https:\/\/linkxa.es\/linkshop\/producto\/microcadena-philips-tam3205m2-12\/","title":{"rendered":"Microcadena philips tam3205m2 12"},"content":{"rendered":"<h3 style=\"text-align: center;\"><strong>Philips\u00a0 |\u00a0 Micro cadenas<\/strong><\/h3>\n<p>\u00a0<\/p>\n<p>-SONIDO\u00a0<br \/>Potencia de salida RMS: 20 W\u00a0<br \/>Sistema de altavoces: Bass Reflex\u00a0<br \/>Control de sonido: Digital (modos Potente, Transparente, Brillante, C\u00e1lida, Equilibrados)\u00a0<br \/>Respuesta de frecuencia: 66 Hz ? 20 kHz\u00a0<br \/>Impedancia del altavoz: 6 ohmios\u00a0<br \/>N\u00famero de canales: 2.0\u00a0<\/p>\n<p>-ALTAVOCES\u00a0<br \/>Configuraci\u00f3n: Altavoces tipo estante\u00a0<br \/>N\u00famero de altavoces: 2\u00a0<br \/>Tama\u00f1o del woofer: 3&#8243;\u00a0<br \/>Configuraci\u00f3n del rango: Toda banda\u00a0<\/p>\n<p>-CONNECTIVIDAD\u00a0<br \/>Bluetooth: 5.4\u00a0<br \/>Alcance Bluetooth: Hasta 30 m en l\u00ednea visual\u00a0<br \/>Perfiles compatibles: A2DP, AVRCP\u00a0<br \/>Formatos Bluetooth compatibles: SBC, LC3\u00a0<br \/>USB: Host USB\u00a0<br \/>Entrada auxiliar: Jack 3.5 mm\u00a0<br \/>Entrada CD\u00a0<br \/>Entrada para unidad flash USB\u00a0<\/p>\n<p>-FORMATOS DE AUDIO COMPATIBLES\u00a0<br \/>CD \/ CD-R \/ CD-RW \/ MP3-CD \/ USB\u00a0<br \/>MP3, WMA, WAV, FLAC\u00a0<br \/>Frecuencia de muestreo m\u00e1xima: 24 bits \/ 48 kHz\u00a0<\/p>\n<p>-MODOS DE REPRODUCCI\u00d3N\u00a0<br \/>Reproducci\u00f3n \/ Pausa\u00a0<br \/>Anterior \/ Siguiente\u00a0<br \/>Repetir \/ Aleatoria \/ Programar\u00a0<br \/>Avance \/ Retroceso r\u00e1pido\u00a0<\/p>\n<p>-SINTONIZADOR\u00a0<br \/>Tipo: Digital\u00a0<br \/>Bandas: FM Mono, FM Est\u00e9reo\u00a0<br \/>RDS: S\u00ed\u00a0<br \/>Presinton\u00edas: 20\u00a0<br \/>Mejoras: Sintonizaci\u00f3n autom\u00e1tica, exploraci\u00f3n autom\u00e1tica, Plug &#038; Play\u00a0<br \/>Antena: FM fija en espiral\u00a0<\/p>\n<p>-FUNCIONES ADICIONALES\u00a0<br \/>Temporizador: S\u00ed\u00a0<br \/>Alarma: S\u00ed (CD, FM, USB)\u00a0<br \/>Reloj: Formato 12 \/ 24 horas\u00a0<br \/>Control remoto: Incluido\u00a0<br \/>Aplicaci\u00f3n compatible: Philips Home Entertainment App\u00a0<br \/>Pantalla: LED\u00a0<br \/>Cargador de CD: Tipo bandeja\u00a0<\/p>\n<p>-COMPATIBILIDAD Y ECOSISTEMA\u00a0<br \/>Smart Home: No compatible\u00a0<br \/>DLNA: No disponible\u00a0<\/p>\n<p>-CONSUMO\u00a0<br \/>Alimentaci\u00f3n: 100-240 V AC, 50\/60 Hz\u00a0<\/p>\n<p>-DISE\u00d1O Y MATERIALES\u00a0<br \/>Dise\u00f1o cl\u00e1sico est\u00e9reo compacto\u00a0<br \/>Carcasa de altavoces bicolor\u00a0<br \/>Fabricado con pl\u00e1sticos reciclados\u00a0<br \/>Embalaje libre de pl\u00e1sticos\u00a0<\/p>\n<p>-DIMENSIONES Y PESO\u00a0<br \/>Unidad principal: 180 x 115.6 x 220.4 mm (1.435 kg)\u00a0<br \/>Altavoz: 150 x 240 x 126.5 mm (0.96 kg c\/u)\u00a0<br \/>Peso neto total: 3.5 kg\u00a0<br \/>Peso bruto: 4.7 kg\u00a0<br \/>Embalaje: 58 x 31 x 17.5 cm\u00a0<\/p>\n<p>-CONTENIDO DE LA CAJA\u00a0<br \/>1x Microcadena Philips TAM3205M2\/12\u00a0<br \/>1x Mando a distancia con pila\u00a0<br \/>1x Cable de alimentaci\u00f3n\u00a0<br \/>1x Antena FM\u00a0<br \/>1x Gu\u00eda de inicio r\u00e1pido\u00a0<\/p>\n<p>\u00a0<\/p>\n","protected":false},"excerpt":{"rendered":"<p>Microcadena philips tam3205m2 &#8211; 12<\/p>\n","protected":false},"featured_media":235809,"comment_status":"closed","ping_status":"open","template":"","meta":{"_et_pb_use_builder":"","_et_pb_old_content":"","_et_gb_content_width":""},"product_brand":[2731],"product_cat":[2799,2058,3213],"product_tag":[2803,2068,3215,3214,2732],"class_list":{"0":"post-235808","1":"product","2":"type-product","3":"status-publish","4":"has-post-thumbnail","6":"product_brand-philips","7":"product_cat-altavoces-mp3-y-auriculares","8":"product_cat-dispositivos","9":"product_cat-micro-cadenas","10":"product_tag-altavoces-mp3-y-auriculares","11":"product_tag-dispositivos","12":"product_tag-micro-cadenas","13":"product_tag-microcadena-philips-tam3205m2-12","14":"product_tag-philips","15":"product_shipping_class-2088","16":"pa_canon-digital-incluida-0-e-incluidos","18":"first","19":"instock","20":"taxable","21":"shipping-taxable","22":"purchasable","23":"product-type-simple"},"_links":{"self":[{"href":"https:\/\/linkxa.es\/linkshop\/wp-json\/wp\/v2\/product\/235808","targetHints":{"allow":["GET"]}}],"collection":[{"href":"https:\/\/linkxa.es\/linkshop\/wp-json\/wp\/v2\/product"}],"about":[{"href":"https:\/\/linkxa.es\/linkshop\/wp-json\/wp\/v2\/types\/product"}],"replies":[{"embeddable":true,"href":"https:\/\/linkxa.es\/linkshop\/wp-json\/wp\/v2\/comments?post=235808"}],"wp:featuredmedia":[{"embeddable":true,"href":"https:\/\/linkxa.es\/linkshop\/wp-json\/wp\/v2\/media\/235809"}],"wp:attachment":[{"href":"https:\/\/linkxa.es\/linkshop\/wp-json\/wp\/v2\/media?parent=235808"}],"wp:term":[{"taxonomy":"product_brand","embeddable":true,"href":"https:\/\/linkxa.es\/linkshop\/wp-json\/wp\/v2\/product_brand?post=235808"},{"taxonomy":"product_cat","embeddable":true,"href":"https:\/\/linkxa.es\/linkshop\/wp-json\/wp\/v2\/product_cat?post=235808"},{"taxonomy":"product_tag","embeddable":true,"href":"https:\/\/linkxa.es\/linkshop\/wp-json\/wp\/v2\/product_tag?post=235808"}],"curies":[{"name":"wp","href":"https:\/\/api.w.org\/{rel}","templated":true}]}}