{"id":235813,"date":"2025-05-05T20:37:17","date_gmt":"2025-05-05T20:37:17","guid":{"rendered":"https:\/\/linkxa.es\/contratacion\/producto\/auricular-gaming-conceptronic-athan01b-7-1-luces\/"},"modified":"2025-08-02T12:20:52","modified_gmt":"2025-08-02T12:20:52","slug":"auricular-gaming-conceptronic-athan01b-7-1-luces","status":"publish","type":"product","link":"https:\/\/linkxa.es\/linkshop\/producto\/auricular-gaming-conceptronic-athan01b-7-1-luces\/","title":{"rendered":"Auricular gaming conceptronic athan01b 7.1 luces"},"content":{"rendered":"<h3 style=\"text-align: center;\"><strong>Conceptronic\u00a0 |\u00a0 Auriculares<\/strong><\/h3>\n<p>\u00a0<\/p>\n<p>Caracter\u00edsticas principales: Estos auriculares con reducci\u00f3n de ruido, producen un efecto de sonido envolvente 7.1. Mejora los graves y, al mismo tiempo, un altavoz de 50 mm de m\u00e1xima calidad resalta el sonido verdadero de alta fidelidad con gran detalle de audio. Efecto de sonido envolvente 7.1 El dise\u00f1o para utulizar sobre la oreja reduce la interferencia de ruido y mejora los graves Almohadillas de cuero con acolchado suave Diadema autoajustable para un uso c\u00f3modo durante mucho tiempo Altavoz de 50 mm de alta calidad que ofrece inmersi\u00f3n total y detalles de sonido. Luces de LED de 7 colores con efecto de respiraci\u00f3n Compatible con varias plataformas: PC, PS4 Ampliar informaci\u00f3n: Estos auriculares con reducci\u00f3n de ruido, producen un efecto de sonido envolvente 7.1 que equivale a una configuraci\u00f3n t\u00edpica de altavoces de 8 canales. Est\u00e1n dise\u00f1ados para proporcionar comodidad a largo plazo y para llevarse durante todo el d\u00eda, con una diadema ajustable y almohadillas suaves y acolchadas. El dise\u00f1o reduce el ruido de fondo para una experiencia de inmersi\u00f3n total, mejora los graves y, al mismo tiempo, un altavoz de 50 mm de m\u00e1xima calidad resalta el sonido verdadero de alta fidelidad con gran detalle de audio. Las luces de LED de 7 colores crean un efecto de respiraci\u00f3n, que palpita al ritmo de la m\u00fasica o el audio que se est\u00e1 reproduciendo. Los auriculares funcionan en numerosas plataformas, lo que los convierte en una excelente opci\u00f3n para el uso con un PC, juegos o simplemente para escuchar m\u00fasica. Efecto de sonido envolvente 7.1 El dise\u00f1o para utulizar sobre la oreja reduce la interferencia de ruido y mejora los graves Almohadillas de cuero con acolchado suave Diadema autoajustable para un uso c\u00f3modo durante mucho tiempo Altavoz de 50 mm de alta calidad que ofrece inmersi\u00f3n total y detalles de sonido. Luces de LED de 7 colores con efecto de respiraci\u00f3n Compatible con varias plataformas: PC, PS4<\/p>\n<p>\u00a0<\/p>\n","protected":false},"excerpt":{"rendered":"<p>Auricular gaming conceptronic athan01b 7.1 luces led 7 colores para pc &#8211; ps4<\/p>\n","protected":false},"featured_media":235814,"comment_status":"closed","ping_status":"open","template":"","meta":{"_et_pb_use_builder":"","_et_pb_old_content":"","_et_gb_content_width":""},"product_brand":[2897],"product_cat":[2799,2800,2058],"product_tag":[2803,3216,2804,2898,2068],"class_list":{"0":"post-235813","1":"product","2":"type-product","3":"status-publish","4":"has-post-thumbnail","6":"product_brand-conceptronic","7":"product_cat-altavoces-mp3-y-auriculares","8":"product_cat-auriculares","9":"product_cat-dispositivos","10":"product_tag-altavoces-mp3-y-auriculares","11":"product_tag-auricular-gaming-conceptronic-athan01b-7-1-luces","12":"product_tag-auriculares","13":"product_tag-conceptronic","14":"product_tag-dispositivos","15":"product_shipping_class-2059","16":"pa_canon-digital-incluida-0-e-incluidos","18":"first","19":"instock","20":"taxable","21":"shipping-taxable","22":"purchasable","23":"product-type-simple"},"_links":{"self":[{"href":"https:\/\/linkxa.es\/linkshop\/wp-json\/wp\/v2\/product\/235813","targetHints":{"allow":["GET"]}}],"collection":[{"href":"https:\/\/linkxa.es\/linkshop\/wp-json\/wp\/v2\/product"}],"about":[{"href":"https:\/\/linkxa.es\/linkshop\/wp-json\/wp\/v2\/types\/product"}],"replies":[{"embeddable":true,"href":"https:\/\/linkxa.es\/linkshop\/wp-json\/wp\/v2\/comments?post=235813"}],"wp:featuredmedia":[{"embeddable":true,"href":"https:\/\/linkxa.es\/linkshop\/wp-json\/wp\/v2\/media\/235814"}],"wp:attachment":[{"href":"https:\/\/linkxa.es\/linkshop\/wp-json\/wp\/v2\/media?parent=235813"}],"wp:term":[{"taxonomy":"product_brand","embeddable":true,"href":"https:\/\/linkxa.es\/linkshop\/wp-json\/wp\/v2\/product_brand?post=235813"},{"taxonomy":"product_cat","embeddable":true,"href":"https:\/\/linkxa.es\/linkshop\/wp-json\/wp\/v2\/product_cat?post=235813"},{"taxonomy":"product_tag","embeddable":true,"href":"https:\/\/linkxa.es\/linkshop\/wp-json\/wp\/v2\/product_tag?post=235813"}],"curies":[{"name":"wp","href":"https:\/\/api.w.org\/{rel}","templated":true}]}}