{"id":235828,"date":"2025-04-08T12:58:01","date_gmt":"2025-04-08T12:58:01","guid":{"rendered":"https:\/\/linkxa.es\/contratacion\/producto\/barra-sonido-gaming-energy-sistem-esg\/"},"modified":"2025-08-02T12:22:12","modified_gmt":"2025-08-02T12:22:12","slug":"barra-sonido-gaming-energy-sistem-esg","status":"publish","type":"product","link":"https:\/\/linkxa.es\/linkshop\/producto\/barra-sonido-gaming-energy-sistem-esg\/","title":{"rendered":"Barra sonido gaming energy sistem esg"},"content":{"rendered":"<h3 style=\"text-align: center;\"><strong>Energy sistem\u00a0 |\u00a0 Barras de sonido<\/strong><\/h3>\n<p>\u00a0<\/p>\n<p>Barra de sonido Energy Sistem con espectacular dise\u00f1o, diferentes<br \/>secuencias de luz RGB y 20 W de potencia real (RMS) que ofrece la mejor<br \/>forma de disfrutar de tus juegos, pel\u00edculas, series y m\u00fasica a trav\u00e9s de<br \/>Bluetooth c\u00f3modamente gracias a su mando a distancia.<\/p>\n<p>Sistema de sonido est\u00e9reo gaming en forma de barra con 20 W de potencia<br \/>real para maximizar tu experiencia de juego y sentirte parte de la partida.<br \/>Tambi\u00e9n podr\u00e1s disfrutar de tus series, pel\u00edculas y m\u00fasica con la mejor<br \/>calidad de audio.<br \/>Caracter\u00edsticas:<\/p>\n<p>Siente la pulsaci\u00f3n de tus juegos con esta soundbar gaming 2.0 con 40 W<br \/>de peak power.<br \/>Luz RGB con diferentes secuencias de luz para que te sientas parte de la<br \/>partida.<br \/>Dispone de entrada digital \u00f3ptica, conector jack 3,5 mm, Bluetooth 5.0 y<br \/>reproductor USB para que puedas escuchar la m\u00fasica que quieras.<br \/>Mando a distancia para controlar la soundbar remotamente.<br \/>Amplia tus posibilidades de experiencia en el juego y juega con un sonido<br \/>impecable compatible con consolas, TV y PC.<\/p>\n<p>Especificaciones:<\/p>\n<p>Audio<br \/>Sistema de sonido est\u00e9reo<br \/>Potencia: 20 W<br \/>Radiadores pasivos: 2 membranas frontales<br \/>Respuesta en frecuencia: 40 Hz ~ 18 kHz<br \/>Relaci\u00f3n Se\u00f1al\/Ruido: &#038;gt, 90 dB<br \/>4 modos de ecualizaci\u00f3n<br \/>Conectividad Bluetooth<br \/>Bluetooth versi\u00f3n 5.0, clase 2<br \/>C\u00f3dec compatible: SBC<br \/>Frecuencia de trabajo: 2,4 GHz<br \/>Potencia m\u00e1xima de la se\u00f1al: &#038;lt, 20,00 dBm<br \/>Soporta perfiles Bluetooth A2DP \/ AVRCP<br \/>Hasta 10 metros de alcance<br \/>Entradas de audio<br \/>Entrada digital \u00f3ptica Toslink SPDIF (PCM)<br \/>Entrada anal\u00f3gica est\u00e9reo jack de 3,5 mm<br \/>Reproductor de memorias externas<br \/>Reproductor de memoria externa USB hasta 128 GB de capacidad<br \/>Formatos compatibles: MP3 \/ WAV<br \/>Sistema de archivos compatible: FAT32 \/ exFAT<br \/>Modo aleatorio<br \/>Alimentaci\u00f3n<br \/>Alimentaci\u00f3n AC\/DC de 100 ~ 240 V \/ 50 ~ 60 Hz<br \/>Conector al dispositivo: DC<br \/>Conector a la red dom\u00e9stica: EU plug<br \/>Longitud del cable de alimentaci\u00f3n: 150 cm<br \/>Consumo volumen medio: 2 Wh<br \/>Consumo volumen m\u00e1ximo: 10 Wh<br \/>Otros<br \/>Luces LED RGB frontales con distintos efectos<br \/>Mando a distancia hasta 5 metros de alcance<br \/>Caja ac\u00fastica de pl\u00e1stico<\/p>\n<p>\u00a0<\/p>\n","protected":false},"excerpt":{"rendered":"<p>Barra de sonido gaming energy sistem esg 4 pulsar 20w &#8211;  bluetooth 5.0 &#8211;  usb &#8211;  rgb &#8211;  in jack 3.5mm &#8211;  in optica<\/p>\n","protected":false},"featured_media":235829,"comment_status":"closed","ping_status":"open","template":"","meta":{"_et_pb_use_builder":"","_et_pb_old_content":"","_et_gb_content_width":""},"product_brand":[2879],"product_cat":[2799,2826,2058],"product_tag":[2803,3219,2828,2068,2880],"class_list":{"0":"post-235828","1":"product","2":"type-product","3":"status-publish","4":"has-post-thumbnail","6":"product_brand-energy-sistem","7":"product_cat-altavoces-mp3-y-auriculares","8":"product_cat-barras-de-sonido","9":"product_cat-dispositivos","10":"product_tag-altavoces-mp3-y-auriculares","11":"product_tag-barra-sonido-gaming-energy-sistem-esg","12":"product_tag-barras-de-sonido","13":"product_tag-dispositivos","14":"product_tag-energy-sistem","15":"product_shipping_class-2059","16":"pa_canon-digital-incluida-0-e-incluidos","18":"first","19":"instock","20":"taxable","21":"shipping-taxable","22":"purchasable","23":"product-type-simple"},"_links":{"self":[{"href":"https:\/\/linkxa.es\/linkshop\/wp-json\/wp\/v2\/product\/235828","targetHints":{"allow":["GET"]}}],"collection":[{"href":"https:\/\/linkxa.es\/linkshop\/wp-json\/wp\/v2\/product"}],"about":[{"href":"https:\/\/linkxa.es\/linkshop\/wp-json\/wp\/v2\/types\/product"}],"replies":[{"embeddable":true,"href":"https:\/\/linkxa.es\/linkshop\/wp-json\/wp\/v2\/comments?post=235828"}],"wp:featuredmedia":[{"embeddable":true,"href":"https:\/\/linkxa.es\/linkshop\/wp-json\/wp\/v2\/media\/235829"}],"wp:attachment":[{"href":"https:\/\/linkxa.es\/linkshop\/wp-json\/wp\/v2\/media?parent=235828"}],"wp:term":[{"taxonomy":"product_brand","embeddable":true,"href":"https:\/\/linkxa.es\/linkshop\/wp-json\/wp\/v2\/product_brand?post=235828"},{"taxonomy":"product_cat","embeddable":true,"href":"https:\/\/linkxa.es\/linkshop\/wp-json\/wp\/v2\/product_cat?post=235828"},{"taxonomy":"product_tag","embeddable":true,"href":"https:\/\/linkxa.es\/linkshop\/wp-json\/wp\/v2\/product_tag?post=235828"}],"curies":[{"name":"wp","href":"https:\/\/api.w.org\/{rel}","templated":true}]}}