{"id":235845,"date":"2025-07-23T06:25:53","date_gmt":"2025-07-23T06:25:53","guid":{"rendered":"https:\/\/linkxa.es\/contratacion\/producto\/auriculares-urbanista-true-wireless-inalambricos-stockholm\/"},"modified":"2025-08-02T12:23:55","modified_gmt":"2025-08-02T12:23:55","slug":"auriculares-urbanista-true-wireless-inalambricos-stockholm","status":"publish","type":"product","link":"https:\/\/linkxa.es\/linkshop\/producto\/auriculares-urbanista-true-wireless-inalambricos-stockholm\/","title":{"rendered":"Auriculares urbanista true wireless inalambricos stockholm"},"content":{"rendered":"<h3 style=\"text-align: center;\"><strong>Urbanista\u00a0 |\u00a0 Auriculares<\/strong><\/h3>\n<p>\u00a0<\/p>\n<p>STOCKHOLM PLUS Vaya m\u00e1s all\u00e1 del sonido con la nueva generaci\u00f3n de ESTOCOLMO. Al permanecer true wireless, los auriculares STOCKHOLM PLUS son mejores, m\u00e1s inteligentes y m\u00e1s elegantes, con un tiempo total de bateria<br \/>aumentado a m\u00e1s de 20 horas, controles intuitivos de volumen y m\u00fasica y un estuche de carga redise\u00f1ado con un indicador LED de bater\u00eda con capacidad hasta 5 cargas, lo que te permite la m\u00e1xima libertad duarente tu dia. Disponible en<br \/>5 colores elegantes, inspirados en el ambiente ligero y cosmopolita de Estocolmo.<\/p>\n<p>MICR\u00d3FONO<\/p>\n<p>Micr\u00f3fono nuevo y mejorado, que permite que tu voz se escuche fuerte y clara durante tus llamadas.<\/p>\n<p>IPX4 RESISTENCIA<\/p>\n<p>Los auriculares IPX4 compatibles con gotas de agua funcionan para tu uso en la playa o durante una carrera lluviosa.<\/p>\n<p>CARGA DEL ESTUCHE (5X)<\/p>\n<p>Estuche redise\u00f1ado con un indicador LED de bater\u00eda que soporta hasta 5 cargas.<\/p>\n<p>20+ HOURS PLAY TIME<\/p>\n<p>RELOAD THE SOUND<\/p>\n<p>STOCKHOLM PLUS presenta un micr\u00f3fono nuevo y mejorado, que permite que su voz se escuche fuerte y claramente durante tus llamadas. Los elegantes auriculares tambi\u00e9n cuentan con un sonido impresionante, no importa si buscas<br \/>una experiencia musical envolvente o una claridad de audio increible para tu podcast.<\/p>\n<p>RELOAD THE FREEDOM<\/p>\n<p>Adapte STOCKHOLM PLUS a su estilo de vida, y no al rev\u00e9s. Los auriculares IPX 4, ahora amigables con las gotas de agua, funcionan para usted en la playa o durante una carrera lluviosa, brind\u00e1ndole la oportunidad de disfrutar de un d\u00eda<br \/>din\u00e1mico sin interrupciones. Los auriculares cuidadosamente dise\u00f1ados est\u00e1n hechos para un ajuste seguro y te brindan una sensaci\u00f3n c\u00f3moda durante todo el d\u00eda.<\/p>\n<p>RELOAD THE CONTROL<\/p>\n<p>Permanezca a cargo de STOCKHOLM PLUS, Sus controles t\u00e1ctiles intuitivos le permiten administrar las llamadas y la m\u00fasica con solo tocar su dedo. O bien, manos libres con asistencia de voz, compatible tanto con Siri como con Google<br \/>Now, solo diga su solicitud.<\/p>\n<p>RELOAD THE POWER<\/p>\n<p>STOCKHOLM PLUS presenta un tiempo de bateria total de m\u00e1s de 20 horas y un estuche de carga redise\u00f1ado con un indicador LED de bater\u00eda con capacidad hasta 5 cargas, lo que le brinda la m\u00e1xima sensaci\u00f3n de libertad inal\u00e1mbrica<br \/>en un vuelo de larga distancia o en un viaje en tren.<\/p>\n<p>RELOAD THE STYLE<\/p>\n<p>Siga su propio sentido de estilo y sensaci\u00f3n: STOCKHOLM PLUS viene en un conjunto de colores atractivos, que incluyen Midnight Black, Fluffy Cloud, Rose Gold, Olive Green y Titanium.<\/p>\n<p>CARACTER\u00cdSTICAS CLAVE<\/p>\n<p>Tiempo total de bater\u00eda: 20+ horas<br \/>3.5 horas por carga<br \/>Micr\u00f3fono mejorado<br \/>Bluetooth 5.0<br \/>IPX4<br \/>Llamadas telef\u00f3nicas en est\u00e9reo<br \/>Controles de volumen y m\u00fasica<br \/>Control de voz (Siri, Google Now)<br \/>Control t\u00e1ctil<br \/>Type C charging<br \/>Compatible con Android e iOS<\/p>\n<p>ESPECIFICACIONES T\u00c9CNICAS<\/p>\n<p>Unidad de control: 12 mm<br \/>Versi\u00f3n de Bluetooth: 5.0<br \/>Tiempo de carga: 1.5 h<br \/>Tiempo total de bateria: 20+ h<br \/>Tiempo en standby: 60h<br \/>Bater\u00eda (en mAh): para auriculares: 30 mAh<br \/>Para estuche de carga: 500 mAh<br \/>Rango de trabajo: 10m<br \/>Distancia de micr\u00f3fono: 0.5m<br \/>Rango de frecuencia: 20Hz &#8211; 20KHz<br \/>RF Output Power: 8.00dBm<br \/>Impedancia: 32 \u00b1 15%<br \/>Sensibilidad: 107+\/- 3dB at 1kHz<br \/>SNR: 91dB<br \/>C\u00f3dec de audio: HSP, HFP, A2DP, AVRCP<\/p>\n<p>\u00bfQU\u00c9 HAY EN LA CAJA?<\/p>\n<p>Dos auriculares<br \/>Estuche de carga<br \/>Cable de carga USB-C<br \/>Manual de instrucciones<\/p>\n<p>\u00a0<\/p>\n","protected":false},"excerpt":{"rendered":"<p>Auriculares urbanista true wireless inalambricos stockholm plus titanium<\/p>\n","protected":false},"featured_media":235846,"comment_status":"closed","ping_status":"open","template":"","meta":{"_et_pb_use_builder":"","_et_pb_old_content":"","_et_gb_content_width":""},"product_brand":[2849],"product_cat":[2799,2800,2058],"product_tag":[2803,2804,3222,2068,2850],"class_list":{"0":"post-235845","1":"product","2":"type-product","3":"status-publish","4":"has-post-thumbnail","6":"product_brand-urbanista","7":"product_cat-altavoces-mp3-y-auriculares","8":"product_cat-auriculares","9":"product_cat-dispositivos","10":"product_tag-altavoces-mp3-y-auriculares","11":"product_tag-auriculares","12":"product_tag-auriculares-urbanista-true-wireless-inalambricos-stockholm","13":"product_tag-dispositivos","14":"product_tag-urbanista","15":"product_shipping_class-2059","16":"pa_canon-digital-incluida-0-e-incluidos","18":"first","19":"instock","20":"taxable","21":"shipping-taxable","22":"purchasable","23":"product-type-simple"},"_links":{"self":[{"href":"https:\/\/linkxa.es\/linkshop\/wp-json\/wp\/v2\/product\/235845","targetHints":{"allow":["GET"]}}],"collection":[{"href":"https:\/\/linkxa.es\/linkshop\/wp-json\/wp\/v2\/product"}],"about":[{"href":"https:\/\/linkxa.es\/linkshop\/wp-json\/wp\/v2\/types\/product"}],"replies":[{"embeddable":true,"href":"https:\/\/linkxa.es\/linkshop\/wp-json\/wp\/v2\/comments?post=235845"}],"wp:featuredmedia":[{"embeddable":true,"href":"https:\/\/linkxa.es\/linkshop\/wp-json\/wp\/v2\/media\/235846"}],"wp:attachment":[{"href":"https:\/\/linkxa.es\/linkshop\/wp-json\/wp\/v2\/media?parent=235845"}],"wp:term":[{"taxonomy":"product_brand","embeddable":true,"href":"https:\/\/linkxa.es\/linkshop\/wp-json\/wp\/v2\/product_brand?post=235845"},{"taxonomy":"product_cat","embeddable":true,"href":"https:\/\/linkxa.es\/linkshop\/wp-json\/wp\/v2\/product_cat?post=235845"},{"taxonomy":"product_tag","embeddable":true,"href":"https:\/\/linkxa.es\/linkshop\/wp-json\/wp\/v2\/product_tag?post=235845"}],"curies":[{"name":"wp","href":"https:\/\/api.w.org\/{rel}","templated":true}]}}