{"id":235854,"date":"2025-07-05T14:48:09","date_gmt":"2025-07-05T14:48:09","guid":{"rendered":"https:\/\/linkxa.es\/contratacion\/producto\/auriculares-bluetooth-energy-sistem-travel-6\/"},"modified":"2025-08-02T12:24:53","modified_gmt":"2025-08-02T12:24:53","slug":"auriculares-bluetooth-energy-sistem-travel-6","status":"publish","type":"product","link":"https:\/\/linkxa.es\/linkshop\/producto\/auriculares-bluetooth-energy-sistem-travel-6\/","title":{"rendered":"Auriculares bluetooth energy sistem travel 6"},"content":{"rendered":"<h3 style=\"text-align: center;\"><strong>Energy sistem\u00a0 |\u00a0 Auriculares<\/strong><\/h3>\n<p>\u00a0<\/p>\n<p>Auriculares Bluetooth Energy Sistem Travel 6 con tecnolog\u00eda Active Noise Cancelling que reduce el ruido exterior para disfrutar de un sonido puro. Almohadillas con acabado proteico y espuma viscoel\u00e1stica para<br \/>todo el confort. Carga r\u00e1pida y 34 horas de autonom\u00eda.<br \/>Caracter\u00edsticas<\/p>\n<p>Cancelaci\u00f3n de ruido activa. Disfruta de un sonido puro y deja que la m\u00fasica te envuelva. La tecnolog\u00eda Active Noise Cancelling a\u00edsla el ruido exterior para que escuches tus canciones preferidas, podcasts,<br \/>v\u00eddeos, y todo tu contenido multimedia sin distracciones.<br \/>Del smartphone a tus auriculares. Auriculares inal\u00e1mbricos con tecnolog\u00eda Bluetooth 5.0, con hasta 20 metros de alcance. Conecta tu smartphone c\u00f3modamente y controla todas las funciones con el<br \/>asistente de voz.<br \/>Hasta 34 horas de bater\u00eda. Cascos Bluetooth con hasta 34 horas de autonom\u00eda (16 horas con la cancelaci\u00f3n de ruido activada) y funci\u00f3n Quick Charge. \u00a1C\u00e1rgalos en solo 15 minutos y disfruta de otras 3 horas<br \/>de uso!<br \/>La m\u00fasica viaja contigo. Las almohadillas circumaurales de cuero proteico y espuma visco el\u00e1stica te ofrecen un confort inigualable, y un aislamiento exterior m\u00e1ximo. Con rotaci\u00f3n de 90 grados, un c\u00f3modo<br \/>sistema de plegado y estuche de transporte, para que la m\u00fasica te acompa\u00f1e all\u00e1 donde vayas<\/p>\n<p>Especificaciones<\/p>\n<p>Audio<br \/>ANC &#8211; Reducci\u00f3n de ruido: -25 dB ~ 20<br \/>Di\u00e1metro del driver: 40 mm<br \/>Drivers: Din\u00e1mico<br \/>Impedancia: 32 Ohms<br \/>Latencia: 200 ms<br \/>Potencia m\u00e1xima: 20 mW<br \/>Respuesta en frecuencia: 20 Hz ~ 20 kHz<br \/>THD &#038;lt, 1%: S\u00ed<br \/>Tipo: Circumaural<br \/>ANC &#8211; Frecuencia de trabajo: 20 Hz ~ 1 KHz<\/p>\n<p>Conectividad<br \/>Asistente de voz (Google, Siri): S\u00ed<br \/>Bluetooth &#8211; Versi\u00f3n: 5.0<br \/>Bluetooth &#8211; Clase: 2<br \/>Bluetooth &#8211; Frecuencia de trabajo: 2.4 GHz<br \/>Bluetooth &#8211; Perfiles: A2DP \/ AVRCP \/ HFP<br \/>Bluetooth &#8211; Alcance: 20 m<br \/>Bluetooth &#8211; Codecs de audio soportados: SBC<br \/>Bluetooth &#8211; Potencia m\u00e1xima de la se\u00f1al: &#038;lt, 20,00 dBm<\/p>\n<p>Bater\u00eda<br \/>Tipo: Li Ion<br \/>Capacidad: 600 mAh<br \/>Voltaje: 3.7 V<br \/>Autonon\u00eda &#8211; Uso normal: 34 h<br \/>Autonon\u00eda &#8211; ANC ON + MUSIC ON: 16 h<br \/>Autonon\u00eda &#8211; ANC ON + Music OFF: 75 h<br \/>Autonon\u00eda &#8211; Bluetooth ON + ANC OFF: 34 h<br \/>Autonon\u00eda &#8211; Bluetooth ON + ANC ON: 16 h<br \/>Sistema de carga: USB tipo C<br \/>Tiempo de carga: 3 h<\/p>\n<p>Micr\u00f3fono<br \/>Manos libres: S\u00ed<br \/>Tipo: Integrado<br \/>Sensibilidad: -39 dB 3 dB<br \/>Rango de frecuencia: 100 Hz ~ 10 kHz<br \/>ENC: S\u00ed<\/p>\n<p>Alimentaci\u00f3n<br \/>Conectores: jack 3.5 \/ USB tipo C<br \/>Longitud del cable: 120 cm<\/p>\n<p>Otras caracter\u00edsticas<br \/>Control de reproducci\u00f3n: S\u00ed<br \/>Control de volumen: S\u00ed<br \/>Tipo de diadema: Ajustable<\/p>\n<p>Dimensiones y peso<br \/>Alto: 20 mm<br \/>Ancho: 16 mm<br \/>Profundo: 8 mm<br \/>Peso: 255 g<\/p>\n<p>\u00a0<\/p>\n","protected":false},"excerpt":{"rendered":"<p>Auriculares bluetooth energy sistem travel 6 anc black &#8211; microfono<\/p>\n","protected":false},"featured_media":235855,"comment_status":"closed","ping_status":"open","template":"","meta":{"_et_pb_use_builder":"","_et_pb_old_content":"","_et_gb_content_width":""},"product_brand":[2879],"product_cat":[2799,2800,2058],"product_tag":[2803,2804,3224,2068,2880],"class_list":{"0":"post-235854","1":"product","2":"type-product","3":"status-publish","4":"has-post-thumbnail","6":"product_brand-energy-sistem","7":"product_cat-altavoces-mp3-y-auriculares","8":"product_cat-auriculares","9":"product_cat-dispositivos","10":"product_tag-altavoces-mp3-y-auriculares","11":"product_tag-auriculares","12":"product_tag-auriculares-bluetooth-energy-sistem-travel-6","13":"product_tag-dispositivos","14":"product_tag-energy-sistem","15":"product_shipping_class-2059","16":"pa_canon-digital-incluida-0-e-incluidos","18":"first","19":"instock","20":"taxable","21":"shipping-taxable","22":"purchasable","23":"product-type-simple"},"_links":{"self":[{"href":"https:\/\/linkxa.es\/linkshop\/wp-json\/wp\/v2\/product\/235854","targetHints":{"allow":["GET"]}}],"collection":[{"href":"https:\/\/linkxa.es\/linkshop\/wp-json\/wp\/v2\/product"}],"about":[{"href":"https:\/\/linkxa.es\/linkshop\/wp-json\/wp\/v2\/types\/product"}],"replies":[{"embeddable":true,"href":"https:\/\/linkxa.es\/linkshop\/wp-json\/wp\/v2\/comments?post=235854"}],"wp:featuredmedia":[{"embeddable":true,"href":"https:\/\/linkxa.es\/linkshop\/wp-json\/wp\/v2\/media\/235855"}],"wp:attachment":[{"href":"https:\/\/linkxa.es\/linkshop\/wp-json\/wp\/v2\/media?parent=235854"}],"wp:term":[{"taxonomy":"product_brand","embeddable":true,"href":"https:\/\/linkxa.es\/linkshop\/wp-json\/wp\/v2\/product_brand?post=235854"},{"taxonomy":"product_cat","embeddable":true,"href":"https:\/\/linkxa.es\/linkshop\/wp-json\/wp\/v2\/product_cat?post=235854"},{"taxonomy":"product_tag","embeddable":true,"href":"https:\/\/linkxa.es\/linkshop\/wp-json\/wp\/v2\/product_tag?post=235854"}],"curies":[{"name":"wp","href":"https:\/\/api.w.org\/{rel}","templated":true}]}}