{"id":235873,"date":"2025-01-17T22:40:54","date_gmt":"2025-01-17T22:40:54","guid":{"rendered":"https:\/\/linkxa.es\/contratacion\/producto\/altavoz-hama-powerbrick-2-0-negro\/"},"modified":"2025-08-02T12:26:16","modified_gmt":"2025-08-02T12:26:16","slug":"altavoz-hama-powerbrick-2-0-negro","status":"publish","type":"product","link":"https:\/\/linkxa.es\/linkshop\/producto\/altavoz-hama-powerbrick-2-0-negro\/","title":{"rendered":"Altavoz hama powerbrick 2.0 negro"},"content":{"rendered":"<h3 style=\"text-align: center;\"><strong>Hama\u00a0 |\u00a0 Altavoces<\/strong><\/h3>\n<p>\u00a0<\/p>\n<p>Deja que la m\u00fasica siempre te acompa\u00f1e con este altavoz Bluetooth. Podr\u00e1s llevarlo contigo mientras haces deporte, disfrutas de momentos al aire libre, preparas una barbacoa etc. El altavoz<br \/>\u00abPowerBrick 2.0\u00bb es perfecto para quienes quieren llevar su m\u00fasica favorita a todos lados.<br \/>Aspectos T\u00e9cnicos<br \/>Dise\u00f1o (Color,patron,Motivos, Series) Color Negro<br \/>Tono del Color Negro<br \/>Conectividad (Conexi\u00f3n) Conexi\u00f3n 3.5-mm-Jack Hembra\/Conector USB-C<br \/>Conexi\u00f3n 3.5-mm-Jack Hembra, Bluetooth<br \/>M\u00e1x. Rango 10 m<br \/>Propiedades Electroespecificas Capacidad 2500 mAh<br \/>Voltaje 3.7 V<br \/>Propiedades fisicas Funciones Adicionales Altavoz, Inal\u00e1mbrico<br \/>Perfiles Bluetooth compatibles A2DP, AVRCP, HFP<br \/>Potencia m\u00e1xima de m\u00fasica 8 W<br \/>Protecci\u00f3n [IPX4 (Protecci\u00f3n contra la llovizna)]<br \/>Sistema de Audio Est\u00e9reo<br \/>Medida&#038;amp,Peso Altura 6 cm<br \/>Ancho 17,3 cm<br \/>Peso 330 g<br \/>Profundidad 5,3 cm<br \/>Energia Duraci\u00f3n M\u00e1xima de la Bater\u00eda 10 h<br \/>Fuente de Alimentaci\u00f3n Bater\u00eda Li-Ion integrada<br \/>Tiempo de Carga en Horas 3 h<br \/>Tipo de Bater\u00eda Bater\u00eda de iones de litio<br \/>Campo de Aplicaci\u00f3n Uso Recomendado Mobile Music<\/p>\n<p>M\u00e1s detalles del producto<\/p>\n<p>Altavoz Bluetooth para disfrutar al m\u00e1ximo de la m\u00fasica con el m\u00f3vil, la tableta o el port\u00e1til, en cualquier momento y lugar<br \/>8 vatios de potencia musical (est\u00e9reo)<br \/>Manos libres integrado<br \/>Conecta tambi\u00e9n el altavoz por cable gracias a la entrada AUX<br \/>Pr\u00e1ctico mosquet\u00f3n para mochila, bolsa de deporte, etc.<\/p>\n<p>\u00a0<\/p>\n","protected":false},"excerpt":{"rendered":"<p>Altavoz hama powerbrick 2.0 negro<\/p>\n","protected":false},"featured_media":235874,"comment_status":"closed","ping_status":"open","template":"","meta":{"_et_pb_use_builder":"","_et_pb_old_content":"","_et_gb_content_width":""},"product_brand":[2407],"product_cat":[2822,2799,2058],"product_tag":[2824,2803,3226,2068,2408],"class_list":{"0":"post-235873","1":"product","2":"type-product","3":"status-publish","4":"has-post-thumbnail","6":"product_brand-hama","7":"product_cat-altavoces","8":"product_cat-altavoces-mp3-y-auriculares","9":"product_cat-dispositivos","10":"product_tag-altavoces","11":"product_tag-altavoces-mp3-y-auriculares","12":"product_tag-altavoz-hama-powerbrick-2-0-negro","13":"product_tag-dispositivos","14":"product_tag-hama","15":"product_shipping_class-2088","16":"pa_canon-digital-incluida-0-e-incluidos","18":"first","19":"instock","20":"taxable","21":"shipping-taxable","22":"purchasable","23":"product-type-simple"},"_links":{"self":[{"href":"https:\/\/linkxa.es\/linkshop\/wp-json\/wp\/v2\/product\/235873","targetHints":{"allow":["GET"]}}],"collection":[{"href":"https:\/\/linkxa.es\/linkshop\/wp-json\/wp\/v2\/product"}],"about":[{"href":"https:\/\/linkxa.es\/linkshop\/wp-json\/wp\/v2\/types\/product"}],"replies":[{"embeddable":true,"href":"https:\/\/linkxa.es\/linkshop\/wp-json\/wp\/v2\/comments?post=235873"}],"wp:featuredmedia":[{"embeddable":true,"href":"https:\/\/linkxa.es\/linkshop\/wp-json\/wp\/v2\/media\/235874"}],"wp:attachment":[{"href":"https:\/\/linkxa.es\/linkshop\/wp-json\/wp\/v2\/media?parent=235873"}],"wp:term":[{"taxonomy":"product_brand","embeddable":true,"href":"https:\/\/linkxa.es\/linkshop\/wp-json\/wp\/v2\/product_brand?post=235873"},{"taxonomy":"product_cat","embeddable":true,"href":"https:\/\/linkxa.es\/linkshop\/wp-json\/wp\/v2\/product_cat?post=235873"},{"taxonomy":"product_tag","embeddable":true,"href":"https:\/\/linkxa.es\/linkshop\/wp-json\/wp\/v2\/product_tag?post=235873"}],"curies":[{"name":"wp","href":"https:\/\/api.w.org\/{rel}","templated":true}]}}