{"id":235885,"date":"2025-05-01T18:35:11","date_gmt":"2025-05-01T18:35:11","guid":{"rendered":"https:\/\/linkxa.es\/contratacion\/producto\/auriculares-leotec-earphones-inalambrico-azul-rojo\/"},"modified":"2025-08-02T12:27:03","modified_gmt":"2025-08-02T12:27:03","slug":"auriculares-leotec-earphones-inalambrico-azul-rojo","status":"publish","type":"product","link":"https:\/\/linkxa.es\/linkshop\/producto\/auriculares-leotec-earphones-inalambrico-azul-rojo\/","title":{"rendered":"Auriculares leotec earphones inalambrico azul rojo"},"content":{"rendered":"<h3 style=\"text-align: center;\"><strong>Leotec digital lifestyle\u00a0 |\u00a0 Auriculares<\/strong><\/h3>\n<p>\u00a0<\/p>\n<p>Destacado<\/p>\n<p>Conducci\u00f3n \u00f3sea<br \/>Bluetooth 5.4<br \/>Bater\u00eda 180mAh<br \/>Carga magn\u00e9tica<\/p>\n<p>Nuestros auriculares de conducci\u00f3n \u00f3sea KURI son ideales para corredores y entusiastas del deporte que buscan una experiencia de sonido innovadora y segura. Dise\u00f1ados para descansar sobre los<br \/>p\u00f3mulos, transmiten el sonido a trav\u00e9s de las vibraciones \u00f3seas, permitiendo que tus o\u00eddos permanezcan descubiertos. Esto te ayuda a mantenerte consciente de tu entorno mientras disfrutas de tu<br \/>m\u00fasica o podcast favorito. Son ligeros, c\u00f3modos y tienen una sujeci\u00f3n segura, perfecta para sesiones de entrenamiento intenso.<\/p>\n<p>Conducci\u00f3n \u00f3sea innovadora: Disfruta de tu m\u00fasica favorita mientras mantienes la conciencia de tu entorno. La tecnolog\u00eda de conducci\u00f3n \u00f3sea transmite el sonido a trav\u00e9s de los p\u00f3mulos, dejando tus<br \/>o\u00eddos libres para escuchar el ruido ambiental y estar alerta en todo momento.<\/p>\n<p>Dise\u00f1o Ergonomico y Ligero: Dise\u00f1ados para un ajuste seguro y c\u00f3modo, estos auriculares se man- tienen en su lugar incluso durante los entrenamientos m\u00e1s intensos. El cuerpo de los auriculares<br \/>est\u00e1 recubierto de silicona blanda que permite una mejor adaptaci\u00f3n de los mismos, siendo m\u00e1s c\u00f3modos y ligeros a la hora de llevarlos puestos Su peso ligero evita la fatiga, permiti\u00e9ndote llevarlos<br \/>durante horas sin molestias.<\/p>\n<p>Conectividad Bluetooth Estable: Disfruta de una conexi\u00f3n Bluetooth 5.4 confiable y sin interrupciones, para que puedas moverte libremente sin cables. Empareja f\u00e1cilmente con tu dispositivo y<br \/>experimenta una calidad de sonido n\u00edtida y clara.<\/p>\n<p>Bater\u00eda de Larga Duraci\u00f3n: No te preocupes por quedarte sin bater\u00eda en medio de tu rutina. Disfruta de horas de reproducci\u00f3n continua y un tiempo de carga r\u00e1pida, siempre estar\u00e1s listo para tu pr\u00f3ximo<br \/>desaf\u00edo.<\/p>\n<p>Controles Intuitivos: Maneja tus llamadas, ajusta el volumen y controla tu m\u00fasica directamente desde los auri- culares con controles f\u00e1ciles de usar. Mant\u00e9n tus manos libres y tu enfoque en el ejercicio.<\/p>\n<p>&#8211; Bluetooth 5.4<br \/>&#8211; Modelo: LEBONE03<br \/>&#8211; Peso: 29,5g<br \/>&#8211; Frecuencia de Bluetooth: 20 HZ-20 KHZ<br \/>&#8211; Nivel de impermeabilidad: IPX5<br \/>&#8211; Distancia de Bluetooth: m\u00e1s de 10 metros<br \/>&#8211; Capacidad de la bater\u00eda: 180 mAH<br \/>&#8211; Tiempo de carga: 2h<br \/>&#8211; Entrada de carga: Magn\u00e9tica<br \/>&#8211; Tiempo de reproducci\u00f3n: m\u00e1s de 8 h (65 %VOLUMEN)<\/p>\n<p>Auriculares<br \/>Audifonos<br \/>Bone ?onduction<br \/>Auriculares de tipo Intraural<br \/>Auriculares<br \/>Reducci\u00f3n de ruido<br \/>Si<br \/>Micr\u00f3fono<br \/>Tipo de micr\u00f3fono<br \/>Integrado<br \/>Otras caracter\u00edsticas<br \/>Idiomas de la gu\u00eda de voz<br \/>Espa\u00f1ol<\/p>\n<p>Bater\u00eda<br \/>Bater\u00eda<br \/>Si<br \/>Capacidad de bater\u00eda<br \/>180 mAh<br \/>Carga r\u00e1pida<br \/>No<br \/>Tecnolog\u00eda de bater\u00eda<br \/>Pol\u00edmero de litio<br \/>Tipo de bater\u00eda<br \/>Bater\u00eda integrada<br \/>Puertos e Interfaces<br \/>2 conectores de 3,5 mm<br \/>No<br \/>Conector de 3,5 mm<br \/>No<br \/>Conector de 6,5 mm<br \/>No<br \/>Alcance inal\u00e1mbrico<br \/>10 m<br \/>Bluetooth<br \/>Si<br \/>Versi\u00f3n de Bluetooth<br \/>5.4<br \/>Conectividad por RF (radiofrecuencia)<br \/>No<br \/>Conector Lightning<br \/>No<br \/>Conexi\u00f3n USB<br \/>No<br \/>Micr\u00f3fono, jack de entrada<br \/>Si<br \/>Tecnolog\u00eda de conectividad<br \/>Inal\u00e1mbrico<br \/>Desempe\u00f1o<br \/>Aceler\u00f3metro<br \/>No<br \/>Actualizaciones de manera inal\u00e1mbrica (Over the Air, OTA)<br \/>No<br \/>Adecuado para uso en exteriores<br \/>Si<br \/>Apto para uso en interior<br \/>Si<br \/>Audio adaptativo<br \/>No<br \/>Audio espacial personalizado<br \/>No<br \/>BeamForming (conformaci\u00f3n de haces)<br \/>No<br \/>Certificaci\u00f3n<br \/>CE, RoHS, MSDS, RED<br \/>Color del producto<br \/>Gris<br \/>Control de volumen<br \/>Bot\u00f3n<br \/>C\u00f3digo IP (International Protection)<br \/>IPX5<br \/>Dise\u00f1ado para ni\u00f1os<br \/>No<br \/>Estilo de uso<br \/>gancho de oreja<br \/>Giroscopio<br \/>No<br \/>Reproductor de MP3<br \/>No<br \/>Modo de juego<br \/>No<br \/>Plegable<br \/>No<br \/>Renovado<br \/>No<br \/>Sensor \u00f3ptico<br \/>No<br \/>Sensor de posici\u00f3n<br \/>No<br \/>Sensor de movimiento<br \/>No<br \/>Sensor de conducci\u00f3n \u00f3sea<br \/>Si<br \/>Teclas de funcionamiento<br \/>Emparejamiento Bluetooth, Reject call, Volumen +<br \/>Tipo de producto<br \/>Auriculares<br \/>Tipo de auricular<br \/>Binaural<br \/>Tipo de controles<br \/>On-ear control unit<br \/>Uso recomendado<br \/>Deportes<\/p>\n<p>\u00a0<\/p>\n","protected":false},"excerpt":{"rendered":"<p>Auriculares leotec earphones inalambrico azul &#8211; rojo<\/p>\n","protected":false},"featured_media":235886,"comment_status":"closed","ping_status":"open","template":"","meta":{"_et_pb_use_builder":"","_et_pb_old_content":"","_et_gb_content_width":""},"product_brand":[2350],"product_cat":[2799,2800,2058],"product_tag":[2803,2804,3228,2068,2351],"class_list":{"0":"post-235885","1":"product","2":"type-product","3":"status-publish","4":"has-post-thumbnail","6":"product_brand-leotec-digital-lifestyle","7":"product_cat-altavoces-mp3-y-auriculares","8":"product_cat-auriculares","9":"product_cat-dispositivos","10":"product_tag-altavoces-mp3-y-auriculares","11":"product_tag-auriculares","12":"product_tag-auriculares-leotec-earphones-inalambrico-azul-rojo","13":"product_tag-dispositivos","14":"product_tag-leotec-digital-lifestyle","15":"product_shipping_class-2059","16":"pa_canon-digital-incluida-0-e-incluidos","18":"first","19":"instock","20":"taxable","21":"shipping-taxable","22":"purchasable","23":"product-type-simple"},"_links":{"self":[{"href":"https:\/\/linkxa.es\/linkshop\/wp-json\/wp\/v2\/product\/235885","targetHints":{"allow":["GET"]}}],"collection":[{"href":"https:\/\/linkxa.es\/linkshop\/wp-json\/wp\/v2\/product"}],"about":[{"href":"https:\/\/linkxa.es\/linkshop\/wp-json\/wp\/v2\/types\/product"}],"replies":[{"embeddable":true,"href":"https:\/\/linkxa.es\/linkshop\/wp-json\/wp\/v2\/comments?post=235885"}],"wp:featuredmedia":[{"embeddable":true,"href":"https:\/\/linkxa.es\/linkshop\/wp-json\/wp\/v2\/media\/235886"}],"wp:attachment":[{"href":"https:\/\/linkxa.es\/linkshop\/wp-json\/wp\/v2\/media?parent=235885"}],"wp:term":[{"taxonomy":"product_brand","embeddable":true,"href":"https:\/\/linkxa.es\/linkshop\/wp-json\/wp\/v2\/product_brand?post=235885"},{"taxonomy":"product_cat","embeddable":true,"href":"https:\/\/linkxa.es\/linkshop\/wp-json\/wp\/v2\/product_cat?post=235885"},{"taxonomy":"product_tag","embeddable":true,"href":"https:\/\/linkxa.es\/linkshop\/wp-json\/wp\/v2\/product_tag?post=235885"}],"curies":[{"name":"wp","href":"https:\/\/api.w.org\/{rel}","templated":true}]}}