{"id":235893,"date":"2025-05-14T15:04:18","date_gmt":"2025-05-14T15:04:18","guid":{"rendered":"https:\/\/linkxa.es\/contratacion\/producto\/auriculares-energy-sistem-metallized-jack-3-5mm\/"},"modified":"2025-08-02T12:27:57","modified_gmt":"2025-08-02T12:27:57","slug":"auriculares-energy-sistem-metallized-jack-3-5mm","status":"publish","type":"product","link":"https:\/\/linkxa.es\/linkshop\/producto\/auriculares-energy-sistem-metallized-jack-3-5mm\/","title":{"rendered":"Auriculares energy sistem metallized jack 3.5mm"},"content":{"rendered":"<h3 style=\"text-align: center;\"><strong>Energy sistem\u00a0 |\u00a0 Auriculares<\/strong><\/h3>\n<p>\u00a0<\/p>\n<p>Metallized &#8211; Auriculares con cable<br \/>Dise\u00f1o minimalista en aluminio con pl\u00e1stico reciclado. La fusi\u00f3n perfecta entre rendimiento y sostenibilidad.<\/p>\n<p>Auriculares de aluminio, con pl\u00e1stico reciclado para que disfrutes de tu m\u00fasica. Dise\u00f1o exclusivo, micr\u00f3fono integrado, control de volumen y funda resistente para una experiencia \u00fanica. \u00a1Contribuye al medio ambiente con<br \/>estilo!<\/p>\n<p>Elegancia sostenible<br \/>Auriculares con cable fabricados con pl\u00e1stico reciclado y con un acabado en aleaci\u00f3n de aluminio que combina dise\u00f1o y funcionalidad a la perfecci\u00f3n. C\u00f3modos y ligeros para que puedas utilizarlos durante horas.<\/p>\n<p>Respuesta instant\u00e1nea<br \/>Olv\u00eddate de tener que usar el tel\u00e9fono y responde directamente a tus llamadas desde el auricular. Su cable de 120 cent\u00edmetros te permite total libertad de movimientos.<\/p>\n<p>Pr\u00e1cticos y vers\u00e1tiles<br \/>Auriculares intrauditivos equipados con un conector Jack de 3.5 mm para que puedas conectarlos a todos tus dispositivos habituales. Gracias a su pr\u00e1ctico controlador de tres botones podr\u00e1s ajustar f\u00e1cilmente la<br \/>reproducci\u00f3n y el volumen de tu m\u00fasica sin tener que utilizar tu smartphone.<\/p>\n<p>\u00dasalos y, despu\u00e9s, gu\u00e1rdalos<br \/>Los auriculares in-ear Metallized incluyen una funda de transporte r\u00edgida con la que podr\u00e1s llev\u00e1rtelos donde quieras,, adem\u00e1s de 3 sets de almohadillas de distintos tama\u00f1os para que se adapten perfectamente a tu o\u00eddo.<\/p>\n<p>Energy Sistem Metallized. Tipo de producto: Auriculares. Tecnolog\u00eda de conectividad: Al\u00e1mbrico. Uso recomendado: Llamadas\/M\u00fasica. Frecuencia de auricular: 20 &#8211; 20000 Hz. Longitud de cable: 1,2 m. Peso: 12 g. Color del<br \/>producto: Plata, Blanco<br \/>Desempe\u00f1o<br \/>Tipo de producto Auriculares<br \/>Estilo de uso Dentro de o\u00eddo<br \/>Uso recomendado Llamadas\/M\u00fasica<br \/>Tipo de auricular Binaural<br \/>Color del producto Plata, Blanco<br \/>Teclas de funcionamiento Reproducir\/Pausar, Volumen +, Volume &#8211;<br \/>Control de volumen Bot\u00f3n<br \/>Longitud de cable 1,2 m<br \/>Color del cable Blanco<br \/>Material de la carcasa Aluminio, Pl\u00e1stico<br \/>Puertos e Interfaces<br \/>Tecnolog\u00eda de conectividad Al\u00e1mbrico<br \/>Conector de 3,5 mm Si<br \/>Auriculares<br \/>Auriculares de tipo Intraural Monitores dentro de o\u00eddo<br \/>Frecuencia de auricular 20 &#8211; 20000 Hz<br \/>Obstrucci\u00f3n 32<br \/>Tipo de controlador Din\u00e1mico<br \/>Micr\u00f3fono<br \/>Tipo de micr\u00f3fono Integrado<br \/>Frecuencia de micr\u00f3fono 100 &#8211; 10000 Hz<br \/>Sensibilidad de micr\u00f3fono -42 dB<br \/>Peso y dimensiones<br \/>Ancho 22 mm<br \/>Profundidad 12 mm<br \/>Altura 26 mm<br \/>Peso 12 g<br \/>Empaquetado<br \/>Tipo de embalaje Envase para colgar<br \/>Contenido del embalaje<br \/>Funda de transporte Si<br \/>Almohadillas para oidos Si<br \/>Cantidad 1<\/p>\n<p>\u00a0<\/p>\n","protected":false},"excerpt":{"rendered":"<p>Auriculares energy sistem metallized jack 3.5mm blanco<\/p>\n","protected":false},"featured_media":235894,"comment_status":"closed","ping_status":"open","template":"","meta":{"_et_pb_use_builder":"","_et_pb_old_content":"","_et_gb_content_width":""},"product_brand":[2879],"product_cat":[2799,2800,2058],"product_tag":[2803,2804,3229,2068,2880],"class_list":{"0":"post-235893","1":"product","2":"type-product","3":"status-publish","4":"has-post-thumbnail","6":"product_brand-energy-sistem","7":"product_cat-altavoces-mp3-y-auriculares","8":"product_cat-auriculares","9":"product_cat-dispositivos","10":"product_tag-altavoces-mp3-y-auriculares","11":"product_tag-auriculares","12":"product_tag-auriculares-energy-sistem-metallized-jack-3-5mm","13":"product_tag-dispositivos","14":"product_tag-energy-sistem","15":"product_shipping_class-2059","16":"pa_canon-digital-incluida-0-e-incluidos","18":"first","19":"instock","20":"taxable","21":"shipping-taxable","22":"purchasable","23":"product-type-simple"},"_links":{"self":[{"href":"https:\/\/linkxa.es\/linkshop\/wp-json\/wp\/v2\/product\/235893","targetHints":{"allow":["GET"]}}],"collection":[{"href":"https:\/\/linkxa.es\/linkshop\/wp-json\/wp\/v2\/product"}],"about":[{"href":"https:\/\/linkxa.es\/linkshop\/wp-json\/wp\/v2\/types\/product"}],"replies":[{"embeddable":true,"href":"https:\/\/linkxa.es\/linkshop\/wp-json\/wp\/v2\/comments?post=235893"}],"wp:featuredmedia":[{"embeddable":true,"href":"https:\/\/linkxa.es\/linkshop\/wp-json\/wp\/v2\/media\/235894"}],"wp:attachment":[{"href":"https:\/\/linkxa.es\/linkshop\/wp-json\/wp\/v2\/media?parent=235893"}],"wp:term":[{"taxonomy":"product_brand","embeddable":true,"href":"https:\/\/linkxa.es\/linkshop\/wp-json\/wp\/v2\/product_brand?post=235893"},{"taxonomy":"product_cat","embeddable":true,"href":"https:\/\/linkxa.es\/linkshop\/wp-json\/wp\/v2\/product_cat?post=235893"},{"taxonomy":"product_tag","embeddable":true,"href":"https:\/\/linkxa.es\/linkshop\/wp-json\/wp\/v2\/product_tag?post=235893"}],"curies":[{"name":"wp","href":"https:\/\/api.w.org\/{rel}","templated":true}]}}