{"id":235898,"date":"2025-08-01T09:50:58","date_gmt":"2025-08-01T09:50:58","guid":{"rendered":"https:\/\/linkxa.es\/contratacion\/producto\/auriculares-intenso-buds-pro-tws-h-ancenc\/"},"modified":"2025-08-02T12:28:49","modified_gmt":"2025-08-02T12:28:49","slug":"auriculares-intenso-buds-pro-tws-h-ancenc","status":"publish","type":"product","link":"https:\/\/linkxa.es\/linkshop\/producto\/auriculares-intenso-buds-pro-tws-h-ancenc\/","title":{"rendered":"Auriculares intenso buds pro tws h &#8211; anc+enc"},"content":{"rendered":"<h3 style=\"text-align: center;\"><strong>Intenso\u00a0 |\u00a0 Auriculares<\/strong><\/h3>\n<p>\u00a0<\/p>\n<p>Intenso | Buds Pro Auriculares TWS H-ANC+ENC|blanc<br \/>Marca Intenso<br \/>Modelo 3720500<br \/>Caracter\u00edsticas &#8211; Cancelaci\u00f3n activa de ruido h\u00edbrida (ANC)<br \/>&#8211; Cancelaci\u00f3n de ruido ambiental (ENC)<br \/>&#8211; Modo de transparencia para dejar pasar el ruido ambiental<br \/>&#8211; Modo M\u00fasica<br \/>&#8211; Modo de juego<br \/>&#8211; Pantalla LED: nivel de bater\u00eda<br \/>&#8211; A prueba de salpicaduras (IPX4)<br \/>&#8211; Ajuste ergon\u00f3mico<br \/>&#8211; Control t\u00e1ctil intuitivo<br \/>&#8211; Control de volumen t\u00e1ctil<br \/>&#8211; Establecimiento autom\u00e1tico de conexi\u00f3n<br \/>&#8211; Soporte de asistente de voz<br \/>Bater\u00eda<br \/>&#8211; Hasta 9 horas de funcionamiento con una sola carga<br \/>&#8211; Hasta 35 horas de funcionamiento incl. caja de carga<br \/>&#8211; Bater\u00eda recargable de pol\u00edmero de litio<br \/>&#8211; Carga universal a trav\u00e9s de USB-C<br \/>&#8211; Tiempo de carga: ~2 horas<br \/>Bluetooth<br \/>Bluetooth 5.3<br \/>Alcance: hasta 15 m (l\u00ednea de visi\u00f3n)<br \/>Nombre de Bluetooth: Intenso Buds Pro<br \/>Dimensiones y peso<br \/>&#8211; 6,4 x 20,9 x 24,7 mm<br \/>&#8211; 4,5 gramos<br \/>&#8211; Caja de carga: 54,96 x 55,1 x 28,44 mm<br \/>&#8211; Caja de carga: ~38 gramos<br \/>Contenido<br \/>&#8211; 2 x Buds Pro<br \/>&#8211; Caja de carga<br \/>&#8211; Auriculares en 4 tama\u00f1os<br \/>&#8211; Cable USB-C a USB-C<\/p>\n<p>\u00a0<\/p>\n","protected":false},"excerpt":{"rendered":"<p>Auriculares intenso buds pro tws h &#8211; anc+enc blanco<\/p>\n","protected":false},"featured_media":235902,"comment_status":"closed","ping_status":"open","template":"","meta":{"_et_pb_use_builder":"","_et_pb_old_content":"","_et_gb_content_width":""},"product_brand":[3084],"product_cat":[2799,2800,2058],"product_tag":[2803,2804,3230,2068,3085],"class_list":{"0":"post-235898","1":"product","2":"type-product","3":"status-publish","4":"has-post-thumbnail","6":"product_brand-intenso","7":"product_cat-altavoces-mp3-y-auriculares","8":"product_cat-auriculares","9":"product_cat-dispositivos","10":"product_tag-altavoces-mp3-y-auriculares","11":"product_tag-auriculares","12":"product_tag-auriculares-intenso-buds-pro-tws-h-ancenc","13":"product_tag-dispositivos","14":"product_tag-intenso","15":"product_shipping_class-2059","16":"pa_canon-digital-incluida-0-e-incluidos","18":"first","19":"instock","20":"taxable","21":"shipping-taxable","22":"purchasable","23":"product-type-simple"},"_links":{"self":[{"href":"https:\/\/linkxa.es\/linkshop\/wp-json\/wp\/v2\/product\/235898","targetHints":{"allow":["GET"]}}],"collection":[{"href":"https:\/\/linkxa.es\/linkshop\/wp-json\/wp\/v2\/product"}],"about":[{"href":"https:\/\/linkxa.es\/linkshop\/wp-json\/wp\/v2\/types\/product"}],"replies":[{"embeddable":true,"href":"https:\/\/linkxa.es\/linkshop\/wp-json\/wp\/v2\/comments?post=235898"}],"wp:featuredmedia":[{"embeddable":true,"href":"https:\/\/linkxa.es\/linkshop\/wp-json\/wp\/v2\/media\/235902"}],"wp:attachment":[{"href":"https:\/\/linkxa.es\/linkshop\/wp-json\/wp\/v2\/media?parent=235898"}],"wp:term":[{"taxonomy":"product_brand","embeddable":true,"href":"https:\/\/linkxa.es\/linkshop\/wp-json\/wp\/v2\/product_brand?post=235898"},{"taxonomy":"product_cat","embeddable":true,"href":"https:\/\/linkxa.es\/linkshop\/wp-json\/wp\/v2\/product_cat?post=235898"},{"taxonomy":"product_tag","embeddable":true,"href":"https:\/\/linkxa.es\/linkshop\/wp-json\/wp\/v2\/product_tag?post=235898"}],"curies":[{"name":"wp","href":"https:\/\/api.w.org\/{rel}","templated":true}]}}