{"id":235917,"date":"2025-01-31T03:43:34","date_gmt":"2025-01-31T03:43:34","guid":{"rendered":"https:\/\/linkxa.es\/contratacion\/producto\/microfono-estudio-mars-gaming-usb-alta\/"},"modified":"2025-08-02T12:29:58","modified_gmt":"2025-08-02T12:29:58","slug":"microfono-estudio-mars-gaming-usb-alta","status":"publish","type":"product","link":"https:\/\/linkxa.es\/linkshop\/producto\/microfono-estudio-mars-gaming-usb-alta\/","title":{"rendered":"Microfono estudio mars gaming usb alta"},"content":{"rendered":"<h3 style=\"text-align: center;\"><strong>Mars gaming\u00a0 |\u00a0 Micr\u00f3fonos<\/strong><\/h3>\n<p>\u00a0<\/p>\n<p>MICROFONO DE ESTUDIO MARS GAMING USB ALTA DEFINICION<\/p>\n<p>El micr\u00f3fono compacto MMIC-CX combina tecnolog\u00eda de vanguardia, un dise\u00f1o elegante y un rendimiento de nivel profesional para ofrecer una experiencia de audio inigualable. Con sonido de alta definici\u00f3n de 196kHz\/24 bits, tecnolog\u00eda de cancelaci\u00f3n de ruido ENC y un condensador cardioide profesional, garantiza grabaciones claras y enfocadas, ideales para streaming, gaming o podcasting. Su tama\u00f1o compacto, base inclinable ajustable, iluminaci\u00f3n ARGB Flow y conectividad USB Plug &#038; Play lo convierten en el complemento perfecto para cualquier setup. Adem\u00e1s, su compatibilidad multiplataforma y monitoreo en tiempo real a trav\u00e9s de un puerto jack de 3.5mm te ofrecen una versatilidad inigualable, permiti\u00e9ndote controlar tu sonido con estilo y facilidad.<\/p>\n<p>Caracter\u00edsticas\u00a0\u00a0<br \/>&#8211; Diagrama polar: Cardioide<br \/>&#8211; SPL: 120dB<br \/>&#8211; Sensibilidad: -32dB\u00b13dB<br \/>&#8211; Rango de frecuencias: 20Hz-20kHz<br \/>&#8211; SNR: 70dB<br \/>&#8211; Conector: USB (Micr\u00f3fono) \/ Jack 3.5mm (Auriculares)<br \/>&#8211; Corriente: 120mA<br \/>Micr\u00f3fono<br \/>&#8211; Conectores: USB-A<br \/>&#8211; Material: ABS, Cable trenzado<br \/>&#8211; Longitud del cable: 1.7m<br \/>&#8211; Iluminaci\u00f3n: ARGB Flow<br \/>&#8211; Impedancia: &#038;lt,2.2k?<br \/>&#8211; Compatibilidad: Windows, Mac, PS4, PS5<br \/>Dimensiones y peso<br \/>&#8211; 90 x 90 x 165 mm<br \/>&#8211; 205 g<\/p>\n<p>\u00a0<\/p>\n","protected":false},"excerpt":{"rendered":"<p>Microfono de estudio mars gaming usb alta definicion<\/p>\n","protected":false},"featured_media":235918,"comment_status":"closed","ping_status":"open","template":"","meta":{"_et_pb_use_builder":"","_et_pb_old_content":"","_et_gb_content_width":""},"product_brand":[2929],"product_cat":[2799,2058,2831],"product_tag":[2803,2068,2930,3233,2833],"class_list":{"0":"post-235917","1":"product","2":"type-product","3":"status-publish","4":"has-post-thumbnail","6":"product_brand-mars-gaming","7":"product_cat-altavoces-mp3-y-auriculares","8":"product_cat-dispositivos","9":"product_cat-microfonos","10":"product_tag-altavoces-mp3-y-auriculares","11":"product_tag-dispositivos","12":"product_tag-mars-gaming","13":"product_tag-microfono-estudio-mars-gaming-usb-alta","14":"product_tag-microfonos","15":"product_shipping_class-2059","16":"pa_canon-digital-incluida-0-e-incluidos","18":"first","19":"instock","20":"taxable","21":"shipping-taxable","22":"purchasable","23":"product-type-simple"},"_links":{"self":[{"href":"https:\/\/linkxa.es\/linkshop\/wp-json\/wp\/v2\/product\/235917","targetHints":{"allow":["GET"]}}],"collection":[{"href":"https:\/\/linkxa.es\/linkshop\/wp-json\/wp\/v2\/product"}],"about":[{"href":"https:\/\/linkxa.es\/linkshop\/wp-json\/wp\/v2\/types\/product"}],"replies":[{"embeddable":true,"href":"https:\/\/linkxa.es\/linkshop\/wp-json\/wp\/v2\/comments?post=235917"}],"wp:featuredmedia":[{"embeddable":true,"href":"https:\/\/linkxa.es\/linkshop\/wp-json\/wp\/v2\/media\/235918"}],"wp:attachment":[{"href":"https:\/\/linkxa.es\/linkshop\/wp-json\/wp\/v2\/media?parent=235917"}],"wp:term":[{"taxonomy":"product_brand","embeddable":true,"href":"https:\/\/linkxa.es\/linkshop\/wp-json\/wp\/v2\/product_brand?post=235917"},{"taxonomy":"product_cat","embeddable":true,"href":"https:\/\/linkxa.es\/linkshop\/wp-json\/wp\/v2\/product_cat?post=235917"},{"taxonomy":"product_tag","embeddable":true,"href":"https:\/\/linkxa.es\/linkshop\/wp-json\/wp\/v2\/product_tag?post=235917"}],"curies":[{"name":"wp","href":"https:\/\/api.w.org\/{rel}","templated":true}]}}