{"id":235935,"date":"2024-11-29T18:03:30","date_gmt":"2024-11-29T18:03:30","guid":{"rendered":"https:\/\/linkxa.es\/contratacion\/producto\/auriculares-con-microfono-deep-gaming-rgb\/"},"modified":"2025-08-02T12:31:39","modified_gmt":"2025-08-02T12:31:39","slug":"auriculares-con-microfono-deep-gaming-rgb","status":"publish","type":"product","link":"https:\/\/linkxa.es\/linkshop\/producto\/auriculares-con-microfono-deep-gaming-rgb\/","title":{"rendered":"Auriculares con microfono deep gaming rgb"},"content":{"rendered":"<h3 style=\"text-align: center;\"><strong>Deep gaming\u00a0 |\u00a0 Auriculares<\/strong><\/h3>\n<p>\u00a0<\/p>\n<p>Tu experiencia en videojuegos ser\u00e1 ahora m\u00e1s inmersiva que nunca<br \/>gracias a los auriculares inal\u00e1mbricos gaming G01 Pro: disfruta de un<br \/>sonido claro y n\u00edtido, sin retardos ni interferencias gracias a la conexi\u00f3n<br \/>inal\u00e1mbrica 2.4GHz.<br \/>Con un alcance de hasta 10 metros, podr\u00e1s jugar con total comodidad.<\/p>\n<p>Adem\u00e1s, su ligereza (330gr con micr\u00f3fono incluido) y dise\u00f1o<br \/>ergon\u00f3mico con almohadillas y diadema ajustable acolchadas har\u00e1n que<br \/>los lleves puestos durante horas sin problema. El micr\u00f3fono es<br \/>extra\u00edble para poder guardarlo cuando no lo necesites.<\/p>\n<p>Controla todas las opciones de sonido o silencia el micr\u00f3fono desde los<br \/>botones integrados en el auricular izquierdo: Play\/Pausa\/Encendido,<br \/>Volumen+ (Avance pista), Volumen- (Pista anterior), Silenciar MIC.<\/p>\n<p>No dejes de jugar: quedarse sin bater\u00eda no es motivo para interrumpir<br \/>una partida. Puedes conectarlos por el cable jack 3.5mm (incluido) para<br \/>terminar la misi\u00f3n y cargarlos al finalizar tu juego. Carga r\u00e1pida por<br \/>puerto USB-C en tan solo 3 horas (cable USB-C incluido) para una<br \/>autonom\u00eda total de 12 horas.<\/p>\n<p>\u00a0<\/p>\n","protected":false},"excerpt":{"rendered":"<p>Auriculares con microfono deep gaming rgb g01 pro inalambrico<\/p>\n","protected":false},"featured_media":235936,"comment_status":"closed","ping_status":"open","template":"","meta":{"_et_pb_use_builder":"","_et_pb_old_content":"","_et_gb_content_width":""},"product_brand":[3123],"product_cat":[2799,2800,2058],"product_tag":[2803,2804,3237,3124,2068],"class_list":{"0":"post-235935","1":"product","2":"type-product","3":"status-publish","4":"has-post-thumbnail","6":"product_brand-deep-gaming","7":"product_cat-altavoces-mp3-y-auriculares","8":"product_cat-auriculares","9":"product_cat-dispositivos","10":"product_tag-altavoces-mp3-y-auriculares","11":"product_tag-auriculares","12":"product_tag-auriculares-con-microfono-deep-gaming-rgb","13":"product_tag-deep-gaming","14":"product_tag-dispositivos","15":"product_shipping_class-2059","16":"pa_canon-digital-incluida-0-e-incluidos","18":"first","19":"instock","20":"taxable","21":"shipping-taxable","22":"purchasable","23":"product-type-simple"},"_links":{"self":[{"href":"https:\/\/linkxa.es\/linkshop\/wp-json\/wp\/v2\/product\/235935","targetHints":{"allow":["GET"]}}],"collection":[{"href":"https:\/\/linkxa.es\/linkshop\/wp-json\/wp\/v2\/product"}],"about":[{"href":"https:\/\/linkxa.es\/linkshop\/wp-json\/wp\/v2\/types\/product"}],"replies":[{"embeddable":true,"href":"https:\/\/linkxa.es\/linkshop\/wp-json\/wp\/v2\/comments?post=235935"}],"wp:featuredmedia":[{"embeddable":true,"href":"https:\/\/linkxa.es\/linkshop\/wp-json\/wp\/v2\/media\/235936"}],"wp:attachment":[{"href":"https:\/\/linkxa.es\/linkshop\/wp-json\/wp\/v2\/media?parent=235935"}],"wp:term":[{"taxonomy":"product_brand","embeddable":true,"href":"https:\/\/linkxa.es\/linkshop\/wp-json\/wp\/v2\/product_brand?post=235935"},{"taxonomy":"product_cat","embeddable":true,"href":"https:\/\/linkxa.es\/linkshop\/wp-json\/wp\/v2\/product_cat?post=235935"},{"taxonomy":"product_tag","embeddable":true,"href":"https:\/\/linkxa.es\/linkshop\/wp-json\/wp\/v2\/product_tag?post=235935"}],"curies":[{"name":"wp","href":"https:\/\/api.w.org\/{rel}","templated":true}]}}