{"id":235940,"date":"2025-07-16T22:27:30","date_gmt":"2025-07-16T22:27:30","guid":{"rendered":"https:\/\/linkxa.es\/contratacion\/producto\/altavoz-bluetooth-coolbox-coolstone-15-negro\/"},"modified":"2025-08-02T12:32:14","modified_gmt":"2025-08-02T12:32:14","slug":"altavoz-bluetooth-coolbox-coolstone-15-negro","status":"publish","type":"product","link":"https:\/\/linkxa.es\/linkshop\/producto\/altavoz-bluetooth-coolbox-coolstone-15-negro\/","title":{"rendered":"Altavoz bluetooth coolbox coolstone 15 negro"},"content":{"rendered":"<h3 style=\"text-align: center;\"><strong>Coolbox\u00a0 |\u00a0 Altavoces<\/strong><\/h3>\n<p>\u00a0<\/p>\n<p>Caracter\u00edsticas<\/p>\n<p>Comodidad y versatilidad: cubierta con efecto mallado y tapa superior<br \/>de goma agradables al tacto, con asa de transporte para mayor<br \/>comodidad. Reproducci\u00f3n conectado a otro dispositivo por bluetooth o<br \/>cable auxiliar, o desde el propio altavoz introduciendo una tarjeta<br \/>microSD o pendrive USB, funci\u00f3n manos libres. Base de goma<br \/>antideslizante.<br \/>Sonido est\u00e9reo potente: altavoz de 53mm con potencia de 5W (x2),<br \/>que te permitir\u00e1 disfrutar de tu m\u00fasica tanto en casa como en el<br \/>exterior (piscina, playa, jard\u00edn) con un audio de gran calidad.<br \/>Gran autonom\u00eda: bater\u00eda interna de 1200mAh que proporciona una<br \/>autonom\u00eda de hasta 6 horas en reproducci\u00f3n bluetooth (que aumenta si<br \/>se utiliza cable, o si se reproduce a trav\u00e9s de tarjeta microSD o<br \/>pendrive). Recarga completa en aproximadamente 2.5 horas.<br \/>Controles integrados: adem\u00e1s de poder controlar el sonido y la<br \/>reproducci\u00f3n a trav\u00e9s del smartphone o Tablet, cuenta con botones de<br \/>control play\/pausa, volumen+ (Avance pista) y volumen- (Pista anterior),<br \/>encendido y selector de modo.<br \/>Otras funciones: en modo bluetooth, el CoolStone permite su uso<br \/>como manos libres para responder llamadas cuando lo conectamos al<br \/>smartphone. Cuenta adem\u00e1s con sintonizador FM integrado.<\/p>\n<p>Especificaciones CoolBox CoolStone 15<\/p>\n<p>Altavoces<br \/>N\u00famero de altavoces: 2<br \/>Di\u00e1metro del conductor: 5,7 cm<\/p>\n<p>Audio<br \/>Potencia estimada RMS: 10 W<br \/>Obstrucci\u00f3n: 4 ohms<br \/>Relaci\u00f3n se\u00f1al\/ruido (SNR): 65 dB<\/p>\n<p>Puertos e Interfaces<br \/>Tecnolog\u00eda de conectividad: Inal\u00e1mbrico y al\u00e1mbrico<br \/>Wifi: No<br \/>Bluetooth: Si<br \/>Versi\u00f3n de Bluetooth: 4.2<br \/>alcance Bluetooth: 10 m<br \/>Conector de 3,5 mm: Si<br \/>Conexi\u00f3n USB: Si<br \/>Conector USB: Micro-USB B<br \/>Entrada auxiliar: Si<br \/>Puerto de carga USB: Si<\/p>\n<p>Dise\u00f1o<br \/>Tipo de producto: Altavoz port\u00e1til est\u00e9reo<br \/>Color del producto: Negro<\/p>\n<p>Desempe\u00f1o<br \/>Uso recomendado: Tel\u00e9fono m\u00f3vil\/Smartphone<br \/>Tarjeta de lectura integrada: Si<br \/>Tarjetas de memoria compatibles: MicroSD (TransFlash)<br \/>Micr\u00f3fono incorporado: No<br \/>Modo manos libres: Si<br \/>Radio FM: Si<\/p>\n<p>Control de energ\u00eda<br \/>Tipo de bater\u00eda: Bater\u00eda integrada<br \/>Capacidad de bater\u00eda: 1800 mAh<br \/>Voltaje de la pila: 3,7 V<br \/>Autonom\u00eda: 6 h<br \/>Tiempo de recarga de la bater\u00eda: 3 h<br \/>Voltaje de entrada DC: 5 V<\/p>\n<p>Peso y dimensiones<br \/>Ancho: 90 mm<br \/>Profundidad: 90 mm<br \/>Altura: 210 mm<br \/>Peso: 760 g<\/p>\n<p>Contenido del embalaje<br \/>Cantidad por paquete: 1 pieza(s)<br \/>Cables incluidos: USB<\/p>\n<p>Otras caracter\u00edsticas<br \/>Manual de usuario: Si<\/p>\n<p>\u00a0<\/p>\n","protected":false},"excerpt":{"rendered":"<p>Altavoz bluetooth coolbox coolstone 15 negro 10w<\/p>\n","protected":false},"featured_media":235941,"comment_status":"closed","ping_status":"open","template":"","meta":{"_et_pb_use_builder":"","_et_pb_old_content":"","_et_gb_content_width":""},"product_brand":[3119],"product_cat":[2822,2799,2058],"product_tag":[2824,2803,3238,3120,2068],"class_list":{"0":"post-235940","1":"product","2":"type-product","3":"status-publish","4":"has-post-thumbnail","6":"product_brand-coolbox","7":"product_cat-altavoces","8":"product_cat-altavoces-mp3-y-auriculares","9":"product_cat-dispositivos","10":"product_tag-altavoces","11":"product_tag-altavoces-mp3-y-auriculares","12":"product_tag-altavoz-bluetooth-coolbox-coolstone-15-negro","13":"product_tag-coolbox","14":"product_tag-dispositivos","15":"product_shipping_class-2088","16":"pa_canon-digital-incluida-0-e-incluidos","18":"first","19":"instock","20":"taxable","21":"shipping-taxable","22":"purchasable","23":"product-type-simple"},"_links":{"self":[{"href":"https:\/\/linkxa.es\/linkshop\/wp-json\/wp\/v2\/product\/235940","targetHints":{"allow":["GET"]}}],"collection":[{"href":"https:\/\/linkxa.es\/linkshop\/wp-json\/wp\/v2\/product"}],"about":[{"href":"https:\/\/linkxa.es\/linkshop\/wp-json\/wp\/v2\/types\/product"}],"replies":[{"embeddable":true,"href":"https:\/\/linkxa.es\/linkshop\/wp-json\/wp\/v2\/comments?post=235940"}],"wp:featuredmedia":[{"embeddable":true,"href":"https:\/\/linkxa.es\/linkshop\/wp-json\/wp\/v2\/media\/235941"}],"wp:attachment":[{"href":"https:\/\/linkxa.es\/linkshop\/wp-json\/wp\/v2\/media?parent=235940"}],"wp:term":[{"taxonomy":"product_brand","embeddable":true,"href":"https:\/\/linkxa.es\/linkshop\/wp-json\/wp\/v2\/product_brand?post=235940"},{"taxonomy":"product_cat","embeddable":true,"href":"https:\/\/linkxa.es\/linkshop\/wp-json\/wp\/v2\/product_cat?post=235940"},{"taxonomy":"product_tag","embeddable":true,"href":"https:\/\/linkxa.es\/linkshop\/wp-json\/wp\/v2\/product_tag?post=235940"}],"curies":[{"name":"wp","href":"https:\/\/api.w.org\/{rel}","templated":true}]}}