{"id":235944,"date":"2025-03-13T08:44:35","date_gmt":"2025-03-13T08:44:35","guid":{"rendered":"https:\/\/linkxa.es\/contratacion\/producto\/auriculares-inalambricos-ngs-artica-trophy-blanco\/"},"modified":"2025-08-02T12:32:42","modified_gmt":"2025-08-02T12:32:42","slug":"auriculares-inalambricos-ngs-artica-trophy-blanco","status":"publish","type":"product","link":"https:\/\/linkxa.es\/linkshop\/producto\/auriculares-inalambricos-ngs-artica-trophy-blanco\/","title":{"rendered":"Auriculares inalambricos ngs artica trophy blanco"},"content":{"rendered":"<h3 style=\"text-align: center;\"><strong>Ngs\u00a0 |\u00a0 Auriculares<\/strong><\/h3>\n<p>\u00a0<\/p>\n<p>CARACTER\u00cdSTICAS<\/p>\n<p>Auriculares True Wireless con tecnolog\u00eda de reducci\u00f3n de ruidos ANC (Active Noise<br \/>Cancelling).<br \/>Dispone de 3 modos de escucha: modo normal, modo ANC en el que se reduce el ruido<br \/>exterior hasta en 25dBs y modo Transparente, en el que se enfatiza el sonido exterior<br \/>para saber lo que est\u00e1 ocurriendo a tu alrededor.<br \/>Dispone tambi\u00e9n de un micr\u00f3fono de alta calidad, que permite una comunicaci\u00f3n m\u00e1s<br \/>n\u00edtida tanto en videoconferencias como en llamadas telef\u00f3nicas.<br \/>Incluye controles t\u00e1ctiles con diferentes funciones.<br \/>Cada auricular incorpora una bater\u00eda de 40mAh con una autonom\u00eda de hasta 5 horas*<br \/>con una sola carga, y gracias a su base de 350mAh, podemos cargar cada auricular<br \/>hasta en 3 ocasiones, disponiendo as\u00ed de unas 20 horas de uso sin necesidad de<br \/>cargar la base.<br \/>Conexi\u00f3n de carga USB tipo C.<\/p>\n<p>ESPECIFICACIONES<\/p>\n<p>Compatible con bluetooth 5.1 Supresi\u00f3n Activa de Ruido (ANC)<br \/>Micr\u00f3fono de alta calidad Control t\u00e1ctil<br \/>Manos libres Bater\u00eda auriculares: 40 mAh<br \/>Tiempo de carga auriculares: 1 h Autonom\u00eda de los auriculares: 5 h<br \/>Base de carga de la bater\u00eda: 350 mAh (auriculares x 3 veces carga completa) Tiempo<br \/>de carga de la base: 2 h<br \/>Distancia: hasta 10 m Puerto de carga USB-C<\/p>\n<p>CONTENIDO<\/p>\n<p>&#8211; ARTICA TROPHY<\/p>\n<p>&#8211; Base de carga<\/p>\n<p>&#8211; Cable de carga tipo-C<\/p>\n<p>&#8211; Almohadillas de silicona (S-M-L)<\/p>\n<p>&#8211; Gu\u00eda de instalaci\u00f3n<\/p>\n<p>&#8211; Tarjeta de garant\u00eda de 3 a\u00f1os<\/p>\n<p>\u00a0<\/p>\n","protected":false},"excerpt":{"rendered":"<p>Auriculares inalambricos ngs artica trophy blanco<\/p>\n","protected":false},"featured_media":235945,"comment_status":"closed","ping_status":"open","template":"","meta":{"_et_pb_use_builder":"","_et_pb_old_content":"","_et_gb_content_width":""},"product_brand":[2962],"product_cat":[2799,2800,2058],"product_tag":[2803,2804,3239,2068,2963],"class_list":{"0":"post-235944","1":"product","2":"type-product","3":"status-publish","4":"has-post-thumbnail","6":"product_brand-ngs","7":"product_cat-altavoces-mp3-y-auriculares","8":"product_cat-auriculares","9":"product_cat-dispositivos","10":"product_tag-altavoces-mp3-y-auriculares","11":"product_tag-auriculares","12":"product_tag-auriculares-inalambricos-ngs-artica-trophy-blanco","13":"product_tag-dispositivos","14":"product_tag-ngs","15":"product_shipping_class-2088","16":"pa_canon-digital-incluida-0-e-incluidos","18":"first","19":"instock","20":"taxable","21":"shipping-taxable","22":"purchasable","23":"product-type-simple"},"_links":{"self":[{"href":"https:\/\/linkxa.es\/linkshop\/wp-json\/wp\/v2\/product\/235944","targetHints":{"allow":["GET"]}}],"collection":[{"href":"https:\/\/linkxa.es\/linkshop\/wp-json\/wp\/v2\/product"}],"about":[{"href":"https:\/\/linkxa.es\/linkshop\/wp-json\/wp\/v2\/types\/product"}],"replies":[{"embeddable":true,"href":"https:\/\/linkxa.es\/linkshop\/wp-json\/wp\/v2\/comments?post=235944"}],"wp:featuredmedia":[{"embeddable":true,"href":"https:\/\/linkxa.es\/linkshop\/wp-json\/wp\/v2\/media\/235945"}],"wp:attachment":[{"href":"https:\/\/linkxa.es\/linkshop\/wp-json\/wp\/v2\/media?parent=235944"}],"wp:term":[{"taxonomy":"product_brand","embeddable":true,"href":"https:\/\/linkxa.es\/linkshop\/wp-json\/wp\/v2\/product_brand?post=235944"},{"taxonomy":"product_cat","embeddable":true,"href":"https:\/\/linkxa.es\/linkshop\/wp-json\/wp\/v2\/product_cat?post=235944"},{"taxonomy":"product_tag","embeddable":true,"href":"https:\/\/linkxa.es\/linkshop\/wp-json\/wp\/v2\/product_tag?post=235944"}],"curies":[{"name":"wp","href":"https:\/\/api.w.org\/{rel}","templated":true}]}}