{"id":235952,"date":"2024-12-27T22:35:06","date_gmt":"2024-12-27T22:35:06","guid":{"rendered":"https:\/\/linkxa.es\/contratacion\/producto\/auriculares-gaming-ewent-pl3322-con-microfono\/"},"modified":"2025-08-02T12:33:02","modified_gmt":"2025-08-02T12:33:02","slug":"auriculares-gaming-ewent-pl3322-con-microfono","status":"publish","type":"product","link":"https:\/\/linkxa.es\/linkshop\/producto\/auriculares-gaming-ewent-pl3322-con-microfono\/","title":{"rendered":"Auriculares gaming ewent pl3322 con microfono"},"content":{"rendered":"<h3 style=\"text-align: center;\"><strong>Ewent\u00a0 |\u00a0 Auriculares<\/strong><\/h3>\n<p>\u00a0<\/p>\n<p>Auriculares para Gaming<br \/>PL3322<\/p>\n<p>Almohadillas suaves y c\u00f3modas para colocar sobre las orejas con diadema<br \/>acolchada ajustable<br \/>Altavoces de 50 mm para graves intensos y tonos altos<br \/>Micr\u00f3fono flexible con control de volumen en l\u00ednea e interruptor de silencio de<br \/>micr\u00f3fono<br \/>Para usar con consolas de juegos, tel\u00e9fonos inteligentes, tabletas y<br \/>computadoras port\u00e1tiles con un conector combinado de 3,5 mm<br \/>Cable de conexi\u00f3n trenzado de nailon que no se enreda<br \/>Incluye adaptador de audio para usar con PC<\/p>\n<p>Details<\/p>\n<p>Play PL3322 es un c\u00f3modo auricular para juegos para colocar sobre la oreja con<br \/>diadema ajustable, micr\u00f3fono y graves potentes. El control de volumen y el<br \/>interruptor de silencio del micr\u00f3fono te permiten controlar el audio sobre la marcha.<br \/>Adecuado para jugar en tu PC, Xbox One y PlayStation 4 con el adaptador de enchufe<br \/>adjunto. Ya no se enreda con el cable trenzado de nailon que no se enreda.<\/p>\n<p>Control de volumen en l\u00ednea e interruptor de silencio del micr\u00f3fono<br \/>El control de volumen en l\u00ednea y el interruptor de silencio del micr\u00f3fono le permiten<br \/>controlar el audio f\u00e1cilmente por s\u00ed mismo. Silencia tu micr\u00f3fono f\u00e1cilmente cuando<br \/>no quieras que tus otros jugadores escuchen lo que est\u00e1s diciendo.<\/p>\n<p>Compatible con Xbox One X \/ S y PlayStation 4\/5<br \/>Los auriculares para colocar sobre las orejas tienen una diadema ajustable y<br \/>c\u00f3modas almohadillas para los o\u00eddos. Utilice el cable adaptador de conector de 3,5<br \/>mm incluido para conectar los auriculares a su Xbox One X \/ S y PlayStation 4\/5.<\/p>\n<p>Cable de nailon que no se enreda<br \/>El cable USB y mini jack del PL3322 tiene una cubierta trenzada de nailon, por lo que<br \/>el cable no se enredar\u00e1.<\/p>\n<p>\u00a0<\/p>\n","protected":false},"excerpt":{"rendered":"<p>Auriculares para gaming ewent pl3322 con microfono pc &#038; consola<\/p>\n","protected":false},"featured_media":235953,"comment_status":"closed","ping_status":"open","template":"","meta":{"_et_pb_use_builder":"","_et_pb_old_content":"","_et_gb_content_width":""},"product_brand":[2990],"product_cat":[2799,2800,2058],"product_tag":[2803,2804,3240,2068,2991],"class_list":{"0":"post-235952","1":"product","2":"type-product","3":"status-publish","4":"has-post-thumbnail","6":"product_brand-ewent","7":"product_cat-altavoces-mp3-y-auriculares","8":"product_cat-auriculares","9":"product_cat-dispositivos","10":"product_tag-altavoces-mp3-y-auriculares","11":"product_tag-auriculares","12":"product_tag-auriculares-gaming-ewent-pl3322-con-microfono","13":"product_tag-dispositivos","14":"product_tag-ewent","15":"product_shipping_class-2088","16":"pa_canon-digital-incluida-0-e-incluidos","18":"first","19":"instock","20":"taxable","21":"shipping-taxable","22":"purchasable","23":"product-type-simple"},"_links":{"self":[{"href":"https:\/\/linkxa.es\/linkshop\/wp-json\/wp\/v2\/product\/235952","targetHints":{"allow":["GET"]}}],"collection":[{"href":"https:\/\/linkxa.es\/linkshop\/wp-json\/wp\/v2\/product"}],"about":[{"href":"https:\/\/linkxa.es\/linkshop\/wp-json\/wp\/v2\/types\/product"}],"replies":[{"embeddable":true,"href":"https:\/\/linkxa.es\/linkshop\/wp-json\/wp\/v2\/comments?post=235952"}],"wp:featuredmedia":[{"embeddable":true,"href":"https:\/\/linkxa.es\/linkshop\/wp-json\/wp\/v2\/media\/235953"}],"wp:attachment":[{"href":"https:\/\/linkxa.es\/linkshop\/wp-json\/wp\/v2\/media?parent=235952"}],"wp:term":[{"taxonomy":"product_brand","embeddable":true,"href":"https:\/\/linkxa.es\/linkshop\/wp-json\/wp\/v2\/product_brand?post=235952"},{"taxonomy":"product_cat","embeddable":true,"href":"https:\/\/linkxa.es\/linkshop\/wp-json\/wp\/v2\/product_cat?post=235952"},{"taxonomy":"product_tag","embeddable":true,"href":"https:\/\/linkxa.es\/linkshop\/wp-json\/wp\/v2\/product_tag?post=235952"}],"curies":[{"name":"wp","href":"https:\/\/api.w.org\/{rel}","templated":true}]}}