{"id":235959,"date":"2025-03-04T14:34:44","date_gmt":"2025-03-04T14:34:44","guid":{"rendered":"https:\/\/linkxa.es\/contratacion\/producto\/auriculares-inalambricos-ngs-artica-greed-rosa\/"},"modified":"2025-08-02T12:33:29","modified_gmt":"2025-08-02T12:33:29","slug":"auriculares-inalambricos-ngs-artica-greed-rosa","status":"publish","type":"product","link":"https:\/\/linkxa.es\/linkshop\/producto\/auriculares-inalambricos-ngs-artica-greed-rosa\/","title":{"rendered":"Auriculares inalambricos ngs artica greed rosa"},"content":{"rendered":"<h3 style=\"text-align: center;\"><strong>Ngs\u00a0 |\u00a0 Auriculares<\/strong><\/h3>\n<p>\u00a0<\/p>\n<p>Auriculares inal\u00e1mbricos est\u00e9reo NGS Artica Greed compatibles con la tecnolog\u00eda Bluetooth 5.1 (10 m de alcance). Usa de forma inal\u00e1mbrica a trav\u00e9s del Bluetooth o con cable atrav\u00e9s del cable de audio<br \/>de 3,5 mm incluido.<\/p>\n<p>Caracter\u00edsticas:<\/p>\n<p>Ofrece alta calidad de sonido y un dise\u00f1o exclusivo.<br \/>F\u00e1cil de emparejar con tu dispositivo favorito.<br \/>Responde o realiza llamadas sin sacar el tel\u00e9fono del bolsillo gracias a su micr\u00f3fono incorporado.<br \/>Bater\u00eda de pol\u00edmero de litio con hasta 40 horas de duraci\u00f3n a m\u00e1ximo volumen.<br \/>Equipado con una conexi\u00f3n USB tipo C para recargar la bater\u00eda de 300 mAh.<br \/>Impedancia de 32 ohmios y respuesta en frecuencia de 20Hz ~ 20kHz.<br \/>Sensibilidad 105+\/-3dB<br \/>Dise\u00f1o de diadema supraaural que se adpta a la perfeccion a cualquier tama\u00f1o.<br \/>El auricular es ligero y cuenta con un dise\u00f1o plegable para guardar y transportar facilmente.<br \/>Destaca por su gran comodidad gracias a su diadema ajustable, almohadillas acolchadas y orejeras giratorias.<br \/>Controla de forma sencilla la reproducci\u00f3n de m\u00fasica y responde a tus llamadas pulsando los sencillos botones del auricular.<\/p>\n<p>Especificaciones<\/p>\n<p>Compatible con bluetooth 5.1<br \/>Botones de control<br \/>Manos libres<br \/>Bater\u00eda: 3,7V\/300mAh<br \/>Tiempo de funcionamiento: 40 horas<br \/>Distancia de funcionamiento: hasta 10 metros<br \/>Puerto de carga USB-C<br \/>Contenido<br \/>ARTICA GREED<br \/>Cable de carga USB-C<br \/>Gu\u00eda de instalaci\u00f3n<\/p>\n<p>\u00a0<\/p>\n","protected":false},"excerpt":{"rendered":"<p>Auriculares inalambricos ngs artica greed rosa<\/p>\n","protected":false},"featured_media":235960,"comment_status":"closed","ping_status":"open","template":"","meta":{"_et_pb_use_builder":"","_et_pb_old_content":"","_et_gb_content_width":""},"product_brand":[2962],"product_cat":[2799,2800,2058],"product_tag":[2803,2804,3241,2068,2963],"class_list":{"0":"post-235959","1":"product","2":"type-product","3":"status-publish","4":"has-post-thumbnail","6":"product_brand-ngs","7":"product_cat-altavoces-mp3-y-auriculares","8":"product_cat-auriculares","9":"product_cat-dispositivos","10":"product_tag-altavoces-mp3-y-auriculares","11":"product_tag-auriculares","12":"product_tag-auriculares-inalambricos-ngs-artica-greed-rosa","13":"product_tag-dispositivos","14":"product_tag-ngs","15":"product_shipping_class-2059","16":"pa_canon-digital-incluida-0-e-incluidos","18":"first","19":"instock","20":"taxable","21":"shipping-taxable","22":"purchasable","23":"product-type-simple"},"_links":{"self":[{"href":"https:\/\/linkxa.es\/linkshop\/wp-json\/wp\/v2\/product\/235959","targetHints":{"allow":["GET"]}}],"collection":[{"href":"https:\/\/linkxa.es\/linkshop\/wp-json\/wp\/v2\/product"}],"about":[{"href":"https:\/\/linkxa.es\/linkshop\/wp-json\/wp\/v2\/types\/product"}],"replies":[{"embeddable":true,"href":"https:\/\/linkxa.es\/linkshop\/wp-json\/wp\/v2\/comments?post=235959"}],"wp:featuredmedia":[{"embeddable":true,"href":"https:\/\/linkxa.es\/linkshop\/wp-json\/wp\/v2\/media\/235960"}],"wp:attachment":[{"href":"https:\/\/linkxa.es\/linkshop\/wp-json\/wp\/v2\/media?parent=235959"}],"wp:term":[{"taxonomy":"product_brand","embeddable":true,"href":"https:\/\/linkxa.es\/linkshop\/wp-json\/wp\/v2\/product_brand?post=235959"},{"taxonomy":"product_cat","embeddable":true,"href":"https:\/\/linkxa.es\/linkshop\/wp-json\/wp\/v2\/product_cat?post=235959"},{"taxonomy":"product_tag","embeddable":true,"href":"https:\/\/linkxa.es\/linkshop\/wp-json\/wp\/v2\/product_tag?post=235959"}],"curies":[{"name":"wp","href":"https:\/\/api.w.org\/{rel}","templated":true}]}}