{"id":235968,"date":"2025-01-04T09:04:29","date_gmt":"2025-01-04T09:04:29","guid":{"rendered":"https:\/\/linkxa.es\/contratacion\/producto\/altavoz-inalambrico-bluetooth-coolbox-drop-g232\/"},"modified":"2025-08-02T12:33:59","modified_gmt":"2025-08-02T12:33:59","slug":"altavoz-inalambrico-bluetooth-coolbox-drop-g232","status":"publish","type":"product","link":"https:\/\/linkxa.es\/linkshop\/producto\/altavoz-inalambrico-bluetooth-coolbox-drop-g232\/","title":{"rendered":"Altavoz inalambrico bluetooth coolbox drop g232"},"content":{"rendered":"<h3 style=\"text-align: center;\"><strong>Coolbox\u00a0 |\u00a0 Altavoces<\/strong><\/h3>\n<p>\u00a0<\/p>\n<p>Con\u00e9ctate de forma sencilla a tus dispositivos mediante Bluetooth v5.3, entrada auxiliar o incluso tarjetas microSD. Su dise\u00f1o resistente al agua con clasificaci\u00f3n IPX6 te permitir\u00e1 llevar la m\u00fasica contigo<br \/>a cualquier lugar, ya sea en la playa, la piscina o bajo la lluvia ligera. Adem\u00e1s, gracias a su funci\u00f3n manos libres podr\u00e1s responder llamadas con comodidad.<\/p>\n<p>El altavoz ofrece un sonido potente y n\u00edtido con una potencia de 2 x 7W RMS, abarcando un rango de frecuencia de 80Hz a 18kHz para una experiencia auditiva envolvente. La bater\u00eda interna de 1800mAh<br \/>proporciona hasta 8 horas de reproducci\u00f3n continua, lo que junto su tama\u00f1o compacto y ligereza lo convierten en un acompa\u00f1ante ideal para tus escapadas.<\/p>\n<p>\u00a0\u00a0\u00a0 Bluetooth: 5.3<br \/>\u00a0\u00a0\u00a0 Alcance: 10m<br \/>\u00a0\u00a0\u00a0 Potencia: 2 x 7W RMS<br \/>\u00a0\u00a0\u00a0 Frecuencia: 80Hz ~ 18kHz<br \/>\u00a0\u00a0\u00a0 Driver (di\u00e1metro): 52 mm<br \/>\u00a0\u00a0\u00a0 Alimentaci\u00f3n: DC5V (conexi\u00f3n USB-C)<br \/>\u00a0\u00a0\u00a0 Bater\u00eda: Interna, no extra\u00edble,1800mAh<br \/>\u00a0\u00a0\u00a0 Tiempo de carga: 2 horas<br \/>\u00a0\u00a0\u00a0 Autonom\u00eda: Hasta 8 horas de reproducci\u00f3n continua<br \/>\u00a0\u00a0\u00a0 Dimensiones: 82 x 82 x 175 mm<br \/>\u00a0\u00a0\u00a0 Peso: 509 gramos<br \/>\u00a0\u00a0\u00a0 Color: gris<\/p>\n<p>\u00a0\u00a0\u00a0 CONEXIONES<br \/>\u00a0\u00a0\u00a0 USB-C (carga)<br \/>\u00a0\u00a0\u00a0 Entrada AUX<br \/>\u00a0\u00a0\u00a0 Lector microSD<\/p>\n<p>\u00a0\u00a0\u00a0 CONTROLES<br \/>\u00a0\u00a0\u00a0 Play\/Pausa<br \/>\u00a0\u00a0\u00a0 Volumen + (Avance pista) y Volumen\u00a0 (Pista anterior)<br \/>\u00a0\u00a0\u00a0 Encendido\/Selector de modo (BT\/AUX\/TF)<br \/>\u00a0\u00a0\u00a0 Iluminaci\u00f3n<\/p>\n<p>\u00a0<\/p>\n","protected":false},"excerpt":{"rendered":"<p>Altavoz inalambrico bluetooth coolbox drop g232 2x7w<\/p>\n","protected":false},"featured_media":235969,"comment_status":"closed","ping_status":"open","template":"","meta":{"_et_pb_use_builder":"","_et_pb_old_content":"","_et_gb_content_width":""},"product_brand":[3119],"product_cat":[2822,2799,2058],"product_tag":[2824,2803,3242,3120,2068],"class_list":{"0":"post-235968","1":"product","2":"type-product","3":"status-publish","4":"has-post-thumbnail","6":"product_brand-coolbox","7":"product_cat-altavoces","8":"product_cat-altavoces-mp3-y-auriculares","9":"product_cat-dispositivos","10":"product_tag-altavoces","11":"product_tag-altavoces-mp3-y-auriculares","12":"product_tag-altavoz-inalambrico-bluetooth-coolbox-drop-g232","13":"product_tag-coolbox","14":"product_tag-dispositivos","15":"product_shipping_class-2088","16":"pa_canon-digital-incluida-0-e-incluidos","18":"first","19":"instock","20":"taxable","21":"shipping-taxable","22":"purchasable","23":"product-type-simple"},"_links":{"self":[{"href":"https:\/\/linkxa.es\/linkshop\/wp-json\/wp\/v2\/product\/235968","targetHints":{"allow":["GET"]}}],"collection":[{"href":"https:\/\/linkxa.es\/linkshop\/wp-json\/wp\/v2\/product"}],"about":[{"href":"https:\/\/linkxa.es\/linkshop\/wp-json\/wp\/v2\/types\/product"}],"replies":[{"embeddable":true,"href":"https:\/\/linkxa.es\/linkshop\/wp-json\/wp\/v2\/comments?post=235968"}],"wp:featuredmedia":[{"embeddable":true,"href":"https:\/\/linkxa.es\/linkshop\/wp-json\/wp\/v2\/media\/235969"}],"wp:attachment":[{"href":"https:\/\/linkxa.es\/linkshop\/wp-json\/wp\/v2\/media?parent=235968"}],"wp:term":[{"taxonomy":"product_brand","embeddable":true,"href":"https:\/\/linkxa.es\/linkshop\/wp-json\/wp\/v2\/product_brand?post=235968"},{"taxonomy":"product_cat","embeddable":true,"href":"https:\/\/linkxa.es\/linkshop\/wp-json\/wp\/v2\/product_cat?post=235968"},{"taxonomy":"product_tag","embeddable":true,"href":"https:\/\/linkxa.es\/linkshop\/wp-json\/wp\/v2\/product_tag?post=235968"}],"curies":[{"name":"wp","href":"https:\/\/api.w.org\/{rel}","templated":true}]}}