{"id":235974,"date":"2025-01-02T02:43:28","date_gmt":"2025-01-02T02:43:28","guid":{"rendered":"https:\/\/linkxa.es\/contratacion\/producto\/auriculares-sony-wh-ch520-bluetooh-blanco\/"},"modified":"2025-08-02T12:34:26","modified_gmt":"2025-08-02T12:34:26","slug":"auriculares-sony-wh-ch520-bluetooh-blanco","status":"publish","type":"product","link":"https:\/\/linkxa.es\/linkshop\/producto\/auriculares-sony-wh-ch520-bluetooh-blanco\/","title":{"rendered":"Auriculares sony wh &#8211; ch520 bluetooh blanco"},"content":{"rendered":"<h3 style=\"text-align: center;\"><strong>Sony\u00a0 |\u00a0 Auriculares<\/strong><\/h3>\n<p>\u00a0<\/p>\n<p>Disfruta de una gran calidad de sonido durante todo el d\u00eda. Los auriculares Sony WH-CH520, con hasta 50 horas de duraci\u00f3n de bater\u00eda, conectividad estable y rendimiento de llamadas mejorado,<br \/>satisfacen las exigencias de tu d\u00eda a d\u00eda.<\/p>\n<p>CARACTERISTICAS<\/p>\n<p>Una experiencia de escucha dise\u00f1ada para ti: Digital Sound Enhancement Engine (DSEE) restaura los tonos arm\u00f3nicos y la intensidad que se pierden durante la compresi\u00f3n normal de la m\u00fasica, para<br \/>ofrecer un rendimiento m\u00e1s aut\u00e9ntico. Incluso puedes adaptar la m\u00fasica a tu gusto con la configuraci\u00f3n de ecualizaci\u00f3n de la app Sony | Headphones Connect para disfrutar de una experiencia de<br \/>escucha personalizada.<br \/>Bater\u00eda para varios d\u00edas: Con hasta 50 horas de duraci\u00f3n de bater\u00eda, puedes escuchar tu m\u00fasica favorita sin preocuparte por quedarte sin carga. Y si la bater\u00eda de los auriculares se est\u00e1 agotando, una<br \/>carga r\u00e1pida de 3 minutos puede darte 1,5 horas de tiempo de escucha.<br \/>Llamadas n\u00edtidas: El micr\u00f3fono integrado permite hacer llamadas con manos libres, as\u00ed como unirse a una clase online o a una reuni\u00f3n de trabajo.<br \/>Conectividad multipunto: Estos auriculares con Bluetooth pueden usar esta tecnolog\u00eda para emparejarse con dos dispositivos al mismo tiempo. De esta manera, cuando llegue una llamada, los<br \/>auriculares sabr\u00e1n qu\u00e9 dispositivo est\u00e1 sonando y se conectar\u00e1n autom\u00e1ticamente al correcto.<br \/>Dise\u00f1ados para usarlos todo el d\u00eda: El dise\u00f1o no solo es elegante, tambi\u00e9n se ha pensado en la facilidad de uso. La estructura ligera y los auriculares giratorios se colocan y quitan con suavidad,<br \/>mientras que la diadema ajustable, el acolchado y las suaves almohadillas para auricular proporcionan comodidad durante todo el d\u00eda.<\/p>\n<p>ESPECIFICACIONES<\/p>\n<p>Desempe\u00f1o<br \/>Tipo de producto: Auriculares<br \/>Estilo de uso: Diadema<br \/>Uso recomendado: Llamadas\/M\u00fasica<br \/>Tipo de auricular: Binaural<br \/>Color del producto: Blanco<br \/>Teclas de funcionamiento: Volumen +, Emparejamiento Bluetooth, Track &#038;lt,, Volume -, Reproducir\/Pausar, Pista &#038;gt,<br \/>Tipo de controles: On-ear control unit<br \/>Tipo de control: Botones<br \/>Indicadores LED: Carga, Poder<br \/>Interruptor de encendido\/apagado integrado: Si<br \/>Voz HD: Si<br \/>Funciona con el Asistente de Google: Si<br \/>Funciona con Apple Siri: Si<\/p>\n<p>Puertos e Interfaces<br \/>Tecnolog\u00eda de conectividad: Inal\u00e1mbrico<br \/>Conector USB: USB Tipo C<br \/>Bluetooth: Si<br \/>Perfiles de Bluetooth: A2DP, HFP, AAC, HSP, AVRCP, SBC<br \/>Versi\u00f3n de Bluetooth: 5.2<br \/>Frecuencia de banda: 2.4 GHz<br \/>Alcance inal\u00e1mbrico: 10 m<\/p>\n<p>Auriculares<br \/>Aud\u00edfonos: Circumaural<br \/>Sistema ac\u00fastico: Cerrado<br \/>Unidad de disco: 3 cm<\/p>\n<p>Micr\u00f3fono<br \/>Tipo de micr\u00f3fono: Integrado<\/p>\n<p>Bater\u00eda<br \/>Bater\u00eda: Si<br \/>Tipo de bater\u00eda: Bater\u00eda integrada<br \/>Tecnolog\u00eda de bater\u00eda: Ion de litio<br \/>Tiempo continuo de reproducci\u00f3n de audio: 50 h<br \/>Tiempo de conversaci\u00f3n: 40 h<br \/>Indicador de carga de la bater\u00eda: Si<br \/>Tiempo de recarga de la bater\u00eda: 3 h<br \/>Voltaje de la pila: 3,7 V<br \/>Carga r\u00e1pida: Si<br \/>Tiempo de carga r\u00e1pida: 10 min<br \/>Fuente de carga: USB<\/p>\n<p>Peso y dimensiones<br \/>Peso: 147 g<\/p>\n<p>Empaquetado<br \/>Ancho del paquete: 44 mm<br \/>Profundidad del paquete: 172 mm<br \/>Altura del paquete: 228 mm<br \/>Peso del paquete: 310 g<\/p>\n<p>Contenido del embalaje<br \/>Base de carga: No<br \/>Gu\u00eda de configuraci\u00f3n r\u00e1pida: Si<br \/>Cables incluidos: USB<\/p>\n<p>\u00a0<\/p>\n","protected":false},"excerpt":{"rendered":"<p>Auriculares sony wh &#8211; ch520 bluetooh blanco<\/p>\n","protected":false},"featured_media":235975,"comment_status":"closed","ping_status":"open","template":"","meta":{"_et_pb_use_builder":"","_et_pb_old_content":"","_et_gb_content_width":""},"product_brand":[2912],"product_cat":[2799,2800,2058],"product_tag":[2803,2804,3243,2068,2913],"class_list":{"0":"post-235974","1":"product","2":"type-product","3":"status-publish","4":"has-post-thumbnail","6":"product_brand-sony","7":"product_cat-altavoces-mp3-y-auriculares","8":"product_cat-auriculares","9":"product_cat-dispositivos","10":"product_tag-altavoces-mp3-y-auriculares","11":"product_tag-auriculares","12":"product_tag-auriculares-sony-wh-ch520-bluetooh-blanco","13":"product_tag-dispositivos","14":"product_tag-sony","15":"product_shipping_class-2088","16":"pa_canon-digital-incluida-0-e-incluidos","18":"first","19":"instock","20":"taxable","21":"shipping-taxable","22":"purchasable","23":"product-type-simple"},"_links":{"self":[{"href":"https:\/\/linkxa.es\/linkshop\/wp-json\/wp\/v2\/product\/235974","targetHints":{"allow":["GET"]}}],"collection":[{"href":"https:\/\/linkxa.es\/linkshop\/wp-json\/wp\/v2\/product"}],"about":[{"href":"https:\/\/linkxa.es\/linkshop\/wp-json\/wp\/v2\/types\/product"}],"replies":[{"embeddable":true,"href":"https:\/\/linkxa.es\/linkshop\/wp-json\/wp\/v2\/comments?post=235974"}],"wp:featuredmedia":[{"embeddable":true,"href":"https:\/\/linkxa.es\/linkshop\/wp-json\/wp\/v2\/media\/235975"}],"wp:attachment":[{"href":"https:\/\/linkxa.es\/linkshop\/wp-json\/wp\/v2\/media?parent=235974"}],"wp:term":[{"taxonomy":"product_brand","embeddable":true,"href":"https:\/\/linkxa.es\/linkshop\/wp-json\/wp\/v2\/product_brand?post=235974"},{"taxonomy":"product_cat","embeddable":true,"href":"https:\/\/linkxa.es\/linkshop\/wp-json\/wp\/v2\/product_cat?post=235974"},{"taxonomy":"product_tag","embeddable":true,"href":"https:\/\/linkxa.es\/linkshop\/wp-json\/wp\/v2\/product_tag?post=235974"}],"curies":[{"name":"wp","href":"https:\/\/api.w.org\/{rel}","templated":true}]}}