{"id":235996,"date":"2025-05-17T02:54:49","date_gmt":"2025-05-17T02:54:49","guid":{"rendered":"https:\/\/linkxa.es\/contratacion\/producto\/auriculares-intrauditivos-jbl-t160-red\/"},"modified":"2025-08-02T12:35:57","modified_gmt":"2025-08-02T12:35:57","slug":"auriculares-intrauditivos-jbl-t160-red","status":"publish","type":"product","link":"https:\/\/linkxa.es\/linkshop\/producto\/auriculares-intrauditivos-jbl-t160-red\/","title":{"rendered":"Auriculares intrauditivos jbl t160 red"},"content":{"rendered":"<h3 style=\"text-align: center;\"><strong>Jbl\u00a0 |\u00a0 Auriculares<\/strong><\/h3>\n<p>\u00a0<\/p>\n<p>Le presentamos los auriculares intraaurales JBL TUNE160. Son ligeros, c\u00f3modos y compactos. Dentro de la carcasa de auricular duradera, un par de unidades de 9 mm ofrecen bajos notables y<br \/>reproducen el sonido Pure Bass de JBL que ha experimentado en salas de conciertos, pabellones y estudios de grabaci\u00f3n de todo el mundo.<\/p>\n<p>Adem\u00e1s, el control remoto con un solo bot\u00f3n y el cable plano sin enredos le permiten controlar la reproducci\u00f3n de la m\u00fasica y responder a llamadas sobre la marcha con un micr\u00f3fono integrado. Todo<br \/>ello hace que los JBL TUNE160 sean su compa\u00f1ero diario en el trabajo, en el hogar y de un lado a otro.<\/p>\n<p>CARACTERISTICAS<\/p>\n<p>Sonido Pure Bass JBL: Durante m\u00e1s de 60 a\u00f1os, JBL ha dise\u00f1ado el sonido preciso e impresionante que se escucha en grandes salas de todo el mundo. Estos auriculares reproducen el mismo sonido<br \/>de JBL e incluyen unos bajos profundos y potentes.<br \/>Control remoto con micr\u00f3fono con 1 solo bot\u00f3n: Controle la reproducci\u00f3n de la m\u00fasica con un pr\u00e1ctico control remoto con un solo bot\u00f3n. Ha recibido una llamada? Resp\u00f3ndala sobre la marcha con el<br \/>micr\u00f3fono integrado.<br \/>Cable plano sin enredos: Cable plano duradero que no se enreda<\/p>\n<p>ESPECIFICACIONES<\/p>\n<p>Desempe\u00f1o<br \/>Tipo de producto: Auriculares<br \/>Estilo de uso: Dentro de o\u00eddo<br \/>Tipo de auricular: Binaural<br \/>Color del producto: Rojo<\/p>\n<p>Puertos e Interfaces<br \/>Tecnolog\u00eda de conectividad: Al\u00e1mbrico<br \/>Conector de 3,5 mm: Si<\/p>\n<p>Auriculares<br \/>Audifonos: Intraaural<br \/>Frecuencia de auricular: 20 &#8211; 20000 Hz<br \/>Unidad de disco: 9 mm<\/p>\n<p>Contenido del embalaje<br \/>Tarjeta de garant\u00eda: Si<br \/>Auriculares adicionales: Si<\/p>\n<p>\u00a0<\/p>\n","protected":false},"excerpt":{"rendered":"<p>Auriculares intrauditivos jbl t160 red<\/p>\n","protected":false},"featured_media":235997,"comment_status":"closed","ping_status":"open","template":"","meta":{"_et_pb_use_builder":"","_et_pb_old_content":"","_et_gb_content_width":""},"product_brand":[2970],"product_cat":[2799,2800,2058],"product_tag":[2803,2804,3247,2068,2971],"class_list":{"0":"post-235996","1":"product","2":"type-product","3":"status-publish","4":"has-post-thumbnail","6":"product_brand-jbl","7":"product_cat-altavoces-mp3-y-auriculares","8":"product_cat-auriculares","9":"product_cat-dispositivos","10":"product_tag-altavoces-mp3-y-auriculares","11":"product_tag-auriculares","12":"product_tag-auriculares-intrauditivos-jbl-t160-red","13":"product_tag-dispositivos","14":"product_tag-jbl","15":"product_shipping_class-2088","16":"pa_canon-digital-incluida-0-e-incluidos","18":"first","19":"instock","20":"taxable","21":"shipping-taxable","22":"purchasable","23":"product-type-simple"},"_links":{"self":[{"href":"https:\/\/linkxa.es\/linkshop\/wp-json\/wp\/v2\/product\/235996","targetHints":{"allow":["GET"]}}],"collection":[{"href":"https:\/\/linkxa.es\/linkshop\/wp-json\/wp\/v2\/product"}],"about":[{"href":"https:\/\/linkxa.es\/linkshop\/wp-json\/wp\/v2\/types\/product"}],"replies":[{"embeddable":true,"href":"https:\/\/linkxa.es\/linkshop\/wp-json\/wp\/v2\/comments?post=235996"}],"wp:featuredmedia":[{"embeddable":true,"href":"https:\/\/linkxa.es\/linkshop\/wp-json\/wp\/v2\/media\/235997"}],"wp:attachment":[{"href":"https:\/\/linkxa.es\/linkshop\/wp-json\/wp\/v2\/media?parent=235996"}],"wp:term":[{"taxonomy":"product_brand","embeddable":true,"href":"https:\/\/linkxa.es\/linkshop\/wp-json\/wp\/v2\/product_brand?post=235996"},{"taxonomy":"product_cat","embeddable":true,"href":"https:\/\/linkxa.es\/linkshop\/wp-json\/wp\/v2\/product_cat?post=235996"},{"taxonomy":"product_tag","embeddable":true,"href":"https:\/\/linkxa.es\/linkshop\/wp-json\/wp\/v2\/product_tag?post=235996"}],"curies":[{"name":"wp","href":"https:\/\/api.w.org\/{rel}","templated":true}]}}