{"id":236002,"date":"2025-02-04T15:11:32","date_gmt":"2025-02-04T15:11:32","guid":{"rendered":"https:\/\/linkxa.es\/contratacion\/producto\/altavoz-inteligente-amazon-alexa-echo-dot\/"},"modified":"2025-08-02T12:36:54","modified_gmt":"2025-08-02T12:36:54","slug":"altavoz-inteligente-amazon-alexa-echo-dot","status":"publish","type":"product","link":"https:\/\/linkxa.es\/linkshop\/producto\/altavoz-inteligente-amazon-alexa-echo-dot\/","title":{"rendered":"Altavoz inteligente amazon alexa echo dot"},"content":{"rendered":"<h3 style=\"text-align: center;\"><strong>Amazon\u00a0 |\u00a0 Altavoces<\/strong><\/h3>\n<p>\u00a0<\/p>\n<p>Altavoz inteligente Amazon Echo Dot (5.\u00aa generaci\u00f3n, modelo de 2022) en color blanco con dise\u00f1o compacto y elegante, para espacios peque\u00f1os, controla tu hogar digital con la voz, asistente inteligente Alexa integrado, sincronizaci\u00f3n con otros dispositivos Echo<br \/>Ocupa poco, pero ofrece mucho<br \/>El altavoz inteligente m\u00e1s popular, con un dise\u00f1o elegante y audio mejorado para que disfrutes de un sonido potente en cualquier lugar de tu casa. Con el Echo Dot, puedes organizarte con ayuda de Alexa y controlar tus dispositivos de Hogar digital compatibles.<br \/>Controla tu casa con tan solo la voz<br \/>Vincula bombillas, termostatos y otros dispositivos compatibles y controla tu Hogar digital desde tu Echo Dot con la voz, o bien configurando rutinas para que se activen seg\u00fan la temperatura interior. Crea rutinas para encender las luces o para poner m\u00fasica a la hora programada.<br \/>S\u00e1cale m\u00e1s provecho vinculando dispositivos<\/p>\n<p>Echo Dot + otro Echo:\u00a0Pon dispositivos Echo compatibles en varias habitaciones y deja que la m\u00fasica inunde tu casa.<br \/>Echo Dot + Fire TV:\u00a0Configura tu sistema de cine en casa con Alexa y disfruta del audio inmersivo al ver la tele.<\/p>\n<p>F\u00e1cil de configurar y usar<\/p>\n<p>Paso 1:\u00a0Enchufa el Echo Dot a la corriente.<br \/>Paso 2:\u00a0Con\u00e9ctalo a la red con la app Alexa.<br \/>Paso 3:\u00a0P\u00eddele a Alexa que te ponga m\u00fasica, te d\u00e9 la previsi\u00f3n meteorol\u00f3gica, te lea las noticias y m\u00e1s.<\/p>\n<p>Caracter\u00edsticas<\/p>\n<p>Nuestro Echo Dot con mejor calidad de sonido hasta la fecha: disfruta de un audio mejorado respecto al anterior Echo Dot con Alexa, con un sonido potente en cualquier habitaci\u00f3n, con voces m\u00e1s n\u00edtidas y graves m\u00e1s intensos.<br \/>Controla tu m\u00fasica y contenido favoritos: escucha en toda tu casa m\u00fasica, audiolibros y p\u00f3dcast de Amazon Music, Apple Music, Spotify, Deezer y otros servicios de m\u00fasica en streaming o usa el Bluetooth integrado.<br \/>Alexa siempre est\u00e1 ah\u00ed para ayudarte: p\u00eddele que te diga qu\u00e9 tiempo hace o que ponga temporizadores, hazle preguntas o deja que te cuente un chiste. \u00bfQuieres dormir un poquito m\u00e1s? Posp\u00f3n la alarma del Echo Dot con un solo toque.<br \/>Mant\u00e9n tu casa confortable: controla dispositivos de Hogar digital con la voz y define rutinas activadas con los sensores de temperatura integrados en tu Echo Dot. Crea rutinas para encender autom\u00e1ticamente un ventilador inteligente cuando la temperatura de tu casa aumente por encima del umbral que establezcas.<br \/>S\u00e1cale m\u00e1s provecho vinculando dispositivos: inunda tu casa de m\u00fasica con dispositivos Echo compatibles en distintas habitaciones o crea un sistema de cine en casa con el Fire TV.<br \/>Dise\u00f1ado para proteger tu privacidad: con m\u00faltiples capas de protecci\u00f3n y control de la privacidad, incluido un bot\u00f3n para desactivar los micr\u00f3fonos que los desconecta electr\u00f3nicamente.<br \/>Con certificado Climate Pledge Friendly: hemos integrado la sostenibilidad en el dise\u00f1o de este dispositivo. El 99 % del embalaje de este dispositivo procede de bosques gestionados responsablemente o materiales reciclados, el 95 % de la tela proviene de tela reciclada posconsumo y el 55 % de los pl\u00e1sticos provienen de pl\u00e1sticos reciclados posconsumo.<\/p>\n<p>ESPECIFICACIONES<\/p>\n<p>Dimensiones: 100 x 100 x 89 mm<br \/>Peso: 340 g<br \/>Audio: Altavoz frontal de 44 mm (1,73&#8243;)<br \/>Conectividad wifi: Wifi de doble banda compatible con redes 802.11a \/ b \/ g \/ n \/ ac (2,4 y 5 GHz). No es compatible con redes wifi ad hoc (peer-to-peer).<br \/>Protocolos de Hogar digital: Protocolos de Hogar digital: wifi, malla Bluetooth Low Energy<br \/>Conectividad Bluetooth: Perfil de distribuci\u00f3n de audio avanzada (A2DP) para la transmisi\u00f3n de audio desde tu dispositivo m\u00f3vil al Echo Show y desde el Echo Show a tus altavoces Bluetooth. Perfil de control remoto de audio y v\u00eddeo (AVRCP) para el control por voz de los dispositivos m\u00f3viles conectados. El control por voz manos libres no es compatible con los dispositivos Mac OS X. No es compatible con altavoces Bluetooth que requieran c\u00f3digos PIN.<br \/>Requisitos del sistema: El Echo Dot est\u00e1 preparado para conectarse a tu red wifi. La app Alexa es compatible con dispositivos Fire OS, iOS y Android. Tambi\u00e9n est\u00e1 disponible a trav\u00e9s del navegador web de tu ordenador.<br \/>Tecnolog\u00eda de configuraci\u00f3n: El est\u00e1ndar Wi-Fi simple setup de Amazon permite conectar tus dispositivos inteligentes a la red wifi en tan solo unos pasos. El funcionamiento de este est\u00e1ndar mejora continuamente conforme Alexa aprende.<br \/>Funciones de accesibilidad: La app Alexa y los dispositivos con Alexa incluyen diversas funcionalidades para usuarios con necesidades de accesibilidad relacionadas con la vista, la audici\u00f3n, la movilidad y el habla.<br \/>Contenido de la caja: Echo Dot (5.\u00aa generaci\u00f3n), adaptador de corriente de color blanco (15 W) y gu\u00eda de inicio r\u00e1pido.<br \/>Generaci\u00f3n: Echo Dot (5.\u00aa generaci\u00f3n, modelo de 2022)<br \/>Funcionalidades de privacidad: Tecnolog\u00eda de palabra de activaci\u00f3n, indicadores de transferencia de voz, bot\u00f3n para apagar los micr\u00f3fonos, opci\u00f3n de revisar y eliminar las grabaciones de voz, y mucho m\u00e1s. Alexa y los dispositivos Echo est\u00e1n dise\u00f1ados para proteger tu privacidad: visita el portal de privacidad de Alexa para obtener m\u00e1s informaci\u00f3n.<br \/>Idioma: Alexa habla espa\u00f1ol, ingl\u00e9s, franc\u00e9s, italiano y alem\u00e1n.<br \/>Actualizaciones de seguridad para el software: Las actualizaciones de seguridad del software de este dispositivo est\u00e1n garantizadas hasta que transcurran al menos cuatro a\u00f1os tras dejar de estar disponible la compra de nuevas unidades en nuestros sitios web. Obt\u00e9n m\u00e1s informaci\u00f3n sobre las actualizaciones de seguridad del software. Si ya tienes un Amazon Echo, consulta la opci\u00f3n de Gestionar contenido y dispositivos para obtener informaci\u00f3n espec\u00edfica sobre tu dispositivo.<br \/>Skills de Alexa: Alexa te ayuda en tu d\u00eda a d\u00eda: gracias al control por voz podr\u00e1s llevar a cabo muchas acciones de manera m\u00e1s sencilla, a la vez que te aporta valor y te ayuda a entretenerte. Alexa puede ayudarte a disfrutar al m\u00e1ximo de las cosas que te gusta hacer y a descubrir posibilidades que no te hab\u00edas imaginado. Descubre qu\u00e9 sabe hacer Alexa.<\/p>\n<p>\u00a0<\/p>\n","protected":false},"excerpt":{"rendered":"<p>Altavoz inteligente amazon alexa echo dot 5 generacion color blanco<\/p>\n","protected":false},"featured_media":236003,"comment_status":"closed","ping_status":"open","template":"","meta":{"_et_pb_use_builder":"","_et_pb_old_content":"","_et_gb_content_width":""},"product_brand":[3249],"product_cat":[2822,2799,2058],"product_tag":[2824,2803,3251,3250,2068],"class_list":{"0":"post-236002","1":"product","2":"type-product","3":"status-publish","4":"has-post-thumbnail","6":"product_brand-amazon","7":"product_cat-altavoces","8":"product_cat-altavoces-mp3-y-auriculares","9":"product_cat-dispositivos","10":"product_tag-altavoces","11":"product_tag-altavoces-mp3-y-auriculares","12":"product_tag-altavoz-inteligente-amazon-alexa-echo-dot","13":"product_tag-amazon","14":"product_tag-dispositivos","15":"product_shipping_class-2088","16":"pa_canon-digital-incluida-0-e-incluidos","18":"first","19":"instock","20":"taxable","21":"shipping-taxable","22":"purchasable","23":"product-type-simple"},"_links":{"self":[{"href":"https:\/\/linkxa.es\/linkshop\/wp-json\/wp\/v2\/product\/236002","targetHints":{"allow":["GET"]}}],"collection":[{"href":"https:\/\/linkxa.es\/linkshop\/wp-json\/wp\/v2\/product"}],"about":[{"href":"https:\/\/linkxa.es\/linkshop\/wp-json\/wp\/v2\/types\/product"}],"replies":[{"embeddable":true,"href":"https:\/\/linkxa.es\/linkshop\/wp-json\/wp\/v2\/comments?post=236002"}],"wp:featuredmedia":[{"embeddable":true,"href":"https:\/\/linkxa.es\/linkshop\/wp-json\/wp\/v2\/media\/236003"}],"wp:attachment":[{"href":"https:\/\/linkxa.es\/linkshop\/wp-json\/wp\/v2\/media?parent=236002"}],"wp:term":[{"taxonomy":"product_brand","embeddable":true,"href":"https:\/\/linkxa.es\/linkshop\/wp-json\/wp\/v2\/product_brand?post=236002"},{"taxonomy":"product_cat","embeddable":true,"href":"https:\/\/linkxa.es\/linkshop\/wp-json\/wp\/v2\/product_cat?post=236002"},{"taxonomy":"product_tag","embeddable":true,"href":"https:\/\/linkxa.es\/linkshop\/wp-json\/wp\/v2\/product_tag?post=236002"}],"curies":[{"name":"wp","href":"https:\/\/api.w.org\/{rel}","templated":true}]}}