{"id":236008,"date":"2025-06-03T12:57:17","date_gmt":"2025-06-03T12:57:17","guid":{"rendered":"https:\/\/linkxa.es\/contratacion\/producto\/auricular-xiaomi-mi-in-ear-headphones-basic\/"},"modified":"2025-08-02T12:37:54","modified_gmt":"2025-08-02T12:37:54","slug":"auricular-xiaomi-mi-in-ear-headphones-basic","status":"publish","type":"product","link":"https:\/\/linkxa.es\/linkshop\/producto\/auricular-xiaomi-mi-in-ear-headphones-basic\/","title":{"rendered":"Auricular xiaomi mi in &#8211; ear headphones basic"},"content":{"rendered":"<h3 style=\"text-align: center;\"><strong>Xiaomi\u00a0 |\u00a0 Auriculares<\/strong><\/h3>\n<p>\u00a0<\/p>\n<p>AURICULAR XIAOMI MI IN-EAR HEADPHONES BASIC JACK 3.5MM\/<br \/>PLATA<br \/>Dise\u00f1o elegante en aluminio<br \/>Ligera y resistente a rayones, la c\u00e1mara de aluminio anodizado est\u00e1<br \/>dise\u00f1ada con un elegante acabado y contiene un fino grabado con<br \/>forma de CD para evitar su ca\u00edda. Elegantes detalles como el borde<br \/>biselado que da una suave sensaci\u00f3n al tacto y a\u00f1ade un toque<br \/>elegante.<\/p>\n<p>Viene con 2 tama\u00f1os adicionales de aud\u00edfono (S \/ L)<br \/>Un sonido con el que reflejarse<br \/>La membrana utiliza una combinaci\u00f3n de metal aeroespacial y PET<br \/>para crear un sonido balanceado y s\u00f3lido. Dise\u00f1ado y optimizado para<br \/>diferentes estilos de m\u00fasica incluyendo pop, rock, dance y m\u00e1s.<\/p>\n<p>Metal aeroespacial Estructura compuesta Fuerte densidad<br \/>magn\u00e9tica<br \/>Sistema de amortiguaci\u00f3n de tercera generaci\u00f3n<br \/>Dise\u00f1ado de forma \u00fanica, el sistema de amortiguaci\u00f3n equilibrado de<br \/>tercera generaci\u00f3n mejora el sonido y el flujo de aire. Separa el flujo<br \/>de aire en la parte frontal de la c\u00e1mara y permite el paso del sonido a<br \/>la parte trasera para crear un sonido melodioso y transparente.<\/p>\n<p>Estilosamente plano<br \/>El cable es simple y con estilo, est\u00e1 dise\u00f1ado con una envoltura<br \/>interior de Kevlar para mayor durabilidad. Recubierto con PET, este<br \/>cable plano es suave al tacto y resistente a torsiones y enredos.<\/p>\n<p>Dale al play<br \/>Pausa, reanuda, contesta y cuelga llamadas simplemente pulsando<br \/>un bot\u00f3n. Compatible con tel\u00e9fonos Mi, Android y dispositivos iOS.<\/p>\n<p>Micr\u00f3fonoPlay \/ pausa<br \/>Incluso m\u00e1s f\u00e1cil de enchufar y usar<br \/>Aplanando una secci\u00f3n de la clavija de los auriculares, hemos creado<br \/>un asa para tus dedos. Esto te permite enchufar y desenchufar los<br \/>auriculares con un esfuerzo m\u00ednimo.<\/p>\n<p>\u00a0<\/p>\n","protected":false},"excerpt":{"rendered":"<p>Auricular xiaomi mi in &#8211; ear headphones basic jack 3.5mm &#8211;  plata<\/p>\n","protected":false},"featured_media":236009,"comment_status":"closed","ping_status":"open","template":"","meta":{"_et_pb_use_builder":"","_et_pb_old_content":"","_et_gb_content_width":""},"product_brand":[2092],"product_cat":[2799,2800,2058],"product_tag":[2803,3253,2804,2068,2093],"class_list":{"0":"post-236008","1":"product","2":"type-product","3":"status-publish","4":"has-post-thumbnail","6":"product_brand-xiaomi","7":"product_cat-altavoces-mp3-y-auriculares","8":"product_cat-auriculares","9":"product_cat-dispositivos","10":"product_tag-altavoces-mp3-y-auriculares","11":"product_tag-auricular-xiaomi-mi-in-ear-headphones-basic","12":"product_tag-auriculares","13":"product_tag-dispositivos","14":"product_tag-xiaomi","15":"product_shipping_class-2059","16":"pa_canon-digital-incluida-0-e-incluidos","18":"first","19":"instock","20":"taxable","21":"shipping-taxable","22":"purchasable","23":"product-type-simple"},"_links":{"self":[{"href":"https:\/\/linkxa.es\/linkshop\/wp-json\/wp\/v2\/product\/236008","targetHints":{"allow":["GET"]}}],"collection":[{"href":"https:\/\/linkxa.es\/linkshop\/wp-json\/wp\/v2\/product"}],"about":[{"href":"https:\/\/linkxa.es\/linkshop\/wp-json\/wp\/v2\/types\/product"}],"replies":[{"embeddable":true,"href":"https:\/\/linkxa.es\/linkshop\/wp-json\/wp\/v2\/comments?post=236008"}],"wp:featuredmedia":[{"embeddable":true,"href":"https:\/\/linkxa.es\/linkshop\/wp-json\/wp\/v2\/media\/236009"}],"wp:attachment":[{"href":"https:\/\/linkxa.es\/linkshop\/wp-json\/wp\/v2\/media?parent=236008"}],"wp:term":[{"taxonomy":"product_brand","embeddable":true,"href":"https:\/\/linkxa.es\/linkshop\/wp-json\/wp\/v2\/product_brand?post=236008"},{"taxonomy":"product_cat","embeddable":true,"href":"https:\/\/linkxa.es\/linkshop\/wp-json\/wp\/v2\/product_cat?post=236008"},{"taxonomy":"product_tag","embeddable":true,"href":"https:\/\/linkxa.es\/linkshop\/wp-json\/wp\/v2\/product_tag?post=236008"}],"curies":[{"name":"wp","href":"https:\/\/api.w.org\/{rel}","templated":true}]}}