{"id":236015,"date":"2025-02-25T08:13:16","date_gmt":"2025-02-25T08:13:16","guid":{"rendered":"https:\/\/linkxa.es\/contratacion\/producto\/barra-sonido-mars-gaming-msbx-10w\/"},"modified":"2025-08-02T12:38:46","modified_gmt":"2025-08-02T12:38:46","slug":"barra-sonido-mars-gaming-msbx-10w","status":"publish","type":"product","link":"https:\/\/linkxa.es\/linkshop\/producto\/barra-sonido-mars-gaming-msbx-10w\/","title":{"rendered":"Barra sonido mars gaming msbx 10w"},"content":{"rendered":"<h3 style=\"text-align: center;\"><strong>Mars gaming\u00a0 |\u00a0 Barras de sonido<\/strong><\/h3>\n<p>\u00a0<\/p>\n<p>Barra de sonido gaming con 10W de potencia, avanzado procesador de sonido DSP con espacialidad multi-nivel y graves mejorados, espectacular sistema de iluminaci\u00f3n RGB din\u00e1mico y conectividad<br \/>total jack + Bluetooth 5.0.<br \/>Caracter\u00edsticas:<\/p>\n<p>10W de potencia. Disfruta a todo volumen y una calidad de sonido excelente durante tus partidas, viendo pel\u00edculas, series o escuchando m\u00fasica. Y todo ello con una c\u00f3moda alimentaci\u00f3n a trav\u00e9s de<br \/>USB.<br \/>Elige tu color: blanco o negro. Iluminaci\u00f3n RGB con 5 modos. Disponible en dos acabados, blanco y negro. \u00a1Escoge el que mejor se adapte a tu setup!<br \/>Bluetooth 5.0 + Jack. Versatilidad total gracias a su conexi\u00f3n jack aux-in e inal\u00e1mbrica de \u00faltima generaci\u00f3n Bluetooth 5.0. Util\u00edzalo sin l\u00edmites ni limitaciones, con tu PC, consola, televisor o smartphone.<br \/>Procesador de sonido DSP. Gracias a su avanzado procesador de sonido DSP digital, la soundbar MSBX reproduce el sonido con una espacialidad multi-nivel y graves mejorados, meti\u00e9ndote de lleno<br \/>en el centro de acci\u00f3n y haci\u00e9ndote disfrutar como nunca.<br \/>RGB din\u00e1mico. Selecciona entre los 5 espectaculares modos de iluminaci\u00f3n din\u00e1mica RGB gracias a un sistema t\u00e1ctil en la parte superior.<\/p>\n<p>Especificaciones:<\/p>\n<p>Dimensiones 75x85x435mm<br \/>Peso 750g<br \/>Tama\u00f1o Compacto<br \/>Iluminaci\u00f3n RGB Control<br \/>Acabado Mate<br \/>Color Negro\/Blanco<br \/>Tipo de cable Recubrimiento de goma<br \/>Potencia 10W<br \/>Conector USB alimentaci\u00f3n + Jack 3.5mm audio<br \/>Drivers 2 Activos<br \/>Subwoofer No<br \/>Rango de frecuencia 40Hz-20KHz<br \/>Impedancia 4Ohm<br \/>Control de volumen S\u00ed<br \/>Entrada auriculares No<br \/>Voltaje DC 5V<br \/>Corriente 1A<br \/>Compatibilidad PC\/Mac\/Smartphone\/Tablet<br \/>Versi\u00f3n Bluetooth 5.0<br \/>Distancia de conexi\u00f3n 10m<\/p>\n<p>\u00a0<\/p>\n","protected":false},"excerpt":{"rendered":"<p>Barra de sonido mars gaming msbx 10w rgb negra<\/p>\n","protected":false},"featured_media":236016,"comment_status":"closed","ping_status":"open","template":"","meta":{"_et_pb_use_builder":"","_et_pb_old_content":"","_et_gb_content_width":""},"product_brand":[2929],"product_cat":[2799,2826,2058],"product_tag":[2803,3254,2828,2068,2930],"class_list":{"0":"post-236015","1":"product","2":"type-product","3":"status-publish","4":"has-post-thumbnail","6":"product_brand-mars-gaming","7":"product_cat-altavoces-mp3-y-auriculares","8":"product_cat-barras-de-sonido","9":"product_cat-dispositivos","10":"product_tag-altavoces-mp3-y-auriculares","11":"product_tag-barra-sonido-mars-gaming-msbx-10w","12":"product_tag-barras-de-sonido","13":"product_tag-dispositivos","14":"product_tag-mars-gaming","15":"product_shipping_class-2059","16":"pa_canon-digital-incluida-0-e-incluidos","18":"first","19":"instock","20":"taxable","21":"shipping-taxable","22":"purchasable","23":"product-type-simple"},"_links":{"self":[{"href":"https:\/\/linkxa.es\/linkshop\/wp-json\/wp\/v2\/product\/236015","targetHints":{"allow":["GET"]}}],"collection":[{"href":"https:\/\/linkxa.es\/linkshop\/wp-json\/wp\/v2\/product"}],"about":[{"href":"https:\/\/linkxa.es\/linkshop\/wp-json\/wp\/v2\/types\/product"}],"replies":[{"embeddable":true,"href":"https:\/\/linkxa.es\/linkshop\/wp-json\/wp\/v2\/comments?post=236015"}],"wp:featuredmedia":[{"embeddable":true,"href":"https:\/\/linkxa.es\/linkshop\/wp-json\/wp\/v2\/media\/236016"}],"wp:attachment":[{"href":"https:\/\/linkxa.es\/linkshop\/wp-json\/wp\/v2\/media?parent=236015"}],"wp:term":[{"taxonomy":"product_brand","embeddable":true,"href":"https:\/\/linkxa.es\/linkshop\/wp-json\/wp\/v2\/product_brand?post=236015"},{"taxonomy":"product_cat","embeddable":true,"href":"https:\/\/linkxa.es\/linkshop\/wp-json\/wp\/v2\/product_cat?post=236015"},{"taxonomy":"product_tag","embeddable":true,"href":"https:\/\/linkxa.es\/linkshop\/wp-json\/wp\/v2\/product_tag?post=236015"}],"curies":[{"name":"wp","href":"https:\/\/api.w.org\/{rel}","templated":true}]}}