{"id":236019,"date":"2025-02-16T11:39:14","date_gmt":"2025-02-16T11:39:14","guid":{"rendered":"https:\/\/linkxa.es\/contratacion\/producto\/auriculares-bluetooth-philips-tat2206bk-00-black\/"},"modified":"2025-08-02T12:39:12","modified_gmt":"2025-08-02T12:39:12","slug":"auriculares-bluetooth-philips-tat2206bk-00-black","status":"publish","type":"product","link":"https:\/\/linkxa.es\/linkshop\/producto\/auriculares-bluetooth-philips-tat2206bk-00-black\/","title":{"rendered":"Auriculares bluetooth philips tat2206bk 00 black"},"content":{"rendered":"<h3 style=\"text-align: center;\"><strong>Philips\u00a0 |\u00a0 Auriculares<\/strong><\/h3>\n<p>\u00a0<\/p>\n<p>Se te ocurre algo m\u00e1s pr\u00e1ctico que unos auriculares inal\u00e1mbricos con un estuche de carga que cabe en el bolsillo de un pantal\u00f3n pitillo? Estos auriculares intrauditivos resistentes a las salpicaduras y<br \/>al sudor ofrecen un ajuste seguro dentro de la oreja, un sonido excelente y hasta 18 horas de reproducci\u00f3n.<br \/>Caracter\u00edsticas<\/p>\n<p>Resistentes al sudor y a las salpicaduras (IPX4): Con un \u00edndice de protecci\u00f3n IPX4 y potentes altavoces de 6 mm, estos auriculares te permiten disfrutar de un sonido excelente en cualquier condici\u00f3n<br \/>meteorol\u00f3gica. Son totalmente resistentes a las salpicaduras, no les importar\u00e1 el sudor ni que te pille alg\u00fan chaparr\u00f3n con ellos puestos.<br \/>Estuche de carga superpeque\u00f1o para hasta 12 horas de reproducci\u00f3n: Sal a la calle con varias cargas en el bolsillo. Disfrutar\u00e1s de hasta 6 horas de reproducci\u00f3n con una sola carga, adem\u00e1s de 12<br \/>horas si el estuche est\u00e1 totalmente cargado. Una carga corta de 15 minutos en el estuche te ofrece una hora de reproducci\u00f3n. La carga completa en el escuche tarda 2 horas a trav\u00e9s de USB-C.<br \/>Realiza llamadas con un \u00fanico auricular. Modo mono: Recibes muchas llamadas? Puedes duplicar el tiempo de conversaci\u00f3n utilizando un auricular mientras el otro se carga. El micr\u00f3fono se asigna<br \/>autom\u00e1ticamente al auricular que est\u00e1s utilizando y solo tienes que cambiar al otro cuando la bater\u00eda del auricular actual se est\u00e9 agotando.<br \/>Fijaci\u00f3n segura y c\u00f3moda en el o\u00eddo: Disfruta de una comodidad real gracias a las suaves almohadillas de silicona intercambiables. Las almohadillas de cada auricular se insertan de forma segura en<br \/>el canal auditivo, creando un sellado perfecto que reduce el ruido externo. El dise\u00f1o de \u00abpalo de hockey\u00bb fija cada auricular de forma segura.<br \/>Controles integrados. Micr\u00f3fono integrado. Emparejamiento sencillo: Los controles de los auriculares te permiten poner en pausa la lista de reproducci\u00f3n, responder llamadas, controlar el volumen y<br \/>activar el asistente de voz del tel\u00e9fono. Los auriculares est\u00e1n listos para emparejarse en el momento en que activas el Bluetooth.<\/p>\n<p>Especificaciones<\/p>\n<p>Desempe\u00f1o<br \/>Tipo de producto: Auriculares<br \/>Estilo de uso: Dentro de o\u00eddo<br \/>Uso recomendado: Llamadas\/M\u00fasica<br \/>Tipo de auricular: Binaural<br \/>Color del producto: Negro<br \/>Teclas de funcionamiento: Responder\/finalizar llamada, Reject call<br \/>Funciones de protecci\u00f3n: A prueba de salpicaduras, Resistente al sudor<br \/>C\u00f3digo IP (International Protection): IPX4<br \/>Pa\u00eds de origen: China<\/p>\n<p>Puertos e Interfaces<br \/>Tecnolog\u00eda de conectividad: True Wireless Stereo (TWS)<br \/>Bluetooth: Si<br \/>Perfiles de Bluetooth: A2DP,AVRCP,HSP,SBC<br \/>Versi\u00f3n de Bluetooth: 5.0<br \/>Alcance inal\u00e1mbrico:<br \/>Tipo de micr\u00f3fono: Integrado<br \/>Bater\u00eda<br \/>Bater\u00eda: Si<br \/>10 m<\/p>\n<p>Auriculares<br \/>Potencia m\u00e1xima de entrada: 5 mW<br \/>Audifonos: Intraaural<br \/>Frecuencia de auricular: 20 &#8211; 20000 Hz<br \/>Obstrucci\u00f3n: 16<br \/>Sensibilidad de auricular: 101 dB<br \/>Unidad de disco: 6 mm<\/p>\n<p>Micr\u00f3fono<br \/>Tipo de bater\u00eda: Bater\u00eda integrada<br \/>Tecnolog\u00eda de bater\u00eda: Pol\u00edmero de litio<br \/>Tiempo continuo de reproducci\u00f3n de audio: 6 h<br \/>Autonom\u00eda en reproducci\u00f3n continua de audio (con estuche de carga): 18 h<br \/>Autonom\u00eda en llamadas (con estuche de carga): 18 h<br \/>Tiempo de conversaci\u00f3n: 6 h<br \/>Tiempo de recarga de la bater\u00eda: 2 h<br \/>Carga r\u00e1pida: Si<br \/>Tiempo de carga r\u00e1pida: 15 min<\/p>\n<p>Peso y dimensiones<br \/>Ancho: 57 mm<br \/>Profundidad: 31 mm<br \/>Altura: 45,7 mm<br \/>Peso: 37 g<\/p>\n<p>Empaquetado<br \/>Ancho del paquete: 95 mm<br \/>Profundidad del paquete: 40 mm<br \/>Altura del paquete: 172 mm<br \/>Peso del paquete: 130 g<br \/>Tipo de embalaje: Caja de cart\u00f3n<\/p>\n<p>Contenido del embalaje<br \/>Funda de transporte: Si<br \/>Cables incluidos: USB Tipo C<br \/>Accesorios inclu\u00eddos en el set: Almohadillas de silicona en tres tama\u00f1os<\/p>\n<p>\u00a0<\/p>\n","protected":false},"excerpt":{"rendered":"<p>Auriculares bluetooth philips tat2206bk &#8211; 00 black ipx4 estuche de carga<\/p>\n","protected":false},"featured_media":236020,"comment_status":"closed","ping_status":"open","template":"","meta":{"_et_pb_use_builder":"","_et_pb_old_content":"","_et_gb_content_width":""},"product_brand":[2731],"product_cat":[2799,2800,2058],"product_tag":[2803,2804,3255,2068,2732],"class_list":{"0":"post-236019","1":"product","2":"type-product","3":"status-publish","4":"has-post-thumbnail","6":"product_brand-philips","7":"product_cat-altavoces-mp3-y-auriculares","8":"product_cat-auriculares","9":"product_cat-dispositivos","10":"product_tag-altavoces-mp3-y-auriculares","11":"product_tag-auriculares","12":"product_tag-auriculares-bluetooth-philips-tat2206bk-00-black","13":"product_tag-dispositivos","14":"product_tag-philips","15":"product_shipping_class-2059","16":"pa_canon-digital-incluida-0-e-incluidos","18":"first","19":"instock","20":"taxable","21":"shipping-taxable","22":"purchasable","23":"product-type-simple"},"_links":{"self":[{"href":"https:\/\/linkxa.es\/linkshop\/wp-json\/wp\/v2\/product\/236019","targetHints":{"allow":["GET"]}}],"collection":[{"href":"https:\/\/linkxa.es\/linkshop\/wp-json\/wp\/v2\/product"}],"about":[{"href":"https:\/\/linkxa.es\/linkshop\/wp-json\/wp\/v2\/types\/product"}],"replies":[{"embeddable":true,"href":"https:\/\/linkxa.es\/linkshop\/wp-json\/wp\/v2\/comments?post=236019"}],"wp:featuredmedia":[{"embeddable":true,"href":"https:\/\/linkxa.es\/linkshop\/wp-json\/wp\/v2\/media\/236020"}],"wp:attachment":[{"href":"https:\/\/linkxa.es\/linkshop\/wp-json\/wp\/v2\/media?parent=236019"}],"wp:term":[{"taxonomy":"product_brand","embeddable":true,"href":"https:\/\/linkxa.es\/linkshop\/wp-json\/wp\/v2\/product_brand?post=236019"},{"taxonomy":"product_cat","embeddable":true,"href":"https:\/\/linkxa.es\/linkshop\/wp-json\/wp\/v2\/product_cat?post=236019"},{"taxonomy":"product_tag","embeddable":true,"href":"https:\/\/linkxa.es\/linkshop\/wp-json\/wp\/v2\/product_tag?post=236019"}],"curies":[{"name":"wp","href":"https:\/\/api.w.org\/{rel}","templated":true}]}}